{"id":141759,"date":"2025-05-18T23:11:37","date_gmt":"2025-05-18T23:11:37","guid":{"rendered":"https:\/\/staging2.stylingagenten.com\/da\/produkt\/system-professional-purify-shampeeling-150ml\/"},"modified":"2026-03-13T14:40:36","modified_gmt":"2026-03-13T14:40:36","slug":"system-professional-purify-shampeeling-150ml","status":"publish","type":"product","link":"https:\/\/stylingagenten.com\/da\/produkt\/system-professional-purify-shampeeling-150ml\/","title":{"rendered":"System Professional Purify Shampeeling 150ml"},"content":{"rendered":"<p>System Professional Purify Shampeeling er et anti-sk\u00e6l shampoo, der dybderensser hovedbunden, fjerner sk\u00e6l og hj\u00e6lper med at balancere talgproduktionen for en sundere hovedbund. Dette dermatologisk testede, pH-neutrale shampoo indeholder hamamelis og niacinamid, som beroliger irritation, reducerer inflammation og efterlader h\u00e5ret bl\u00f8dt, frisk og sk\u00e6lfrit.<\/p>\n<p>System Professional Purify-serien er designet til at rense i dybden og reducere sk\u00e6l. Serien er b\u00e5de sk\u00e5nsom og effektiv og genopretter en sund hovedbund uden at p\u00e5virke den sensitive pH-balance.<\/p>\n<p>150ml<\/p>\n","protected":false},"excerpt":{"rendered":"<p>System Professional Purify Shampeeling er et anti-sk\u00e6l shampoo, der dybderensser hovedbunden, fjerner sk\u00e6l og hj\u00e6lper med at balancere talgproduktionen for en sundere hovedbund. Dette dermatologisk testede, pH-neutrale shampoo indeholder hamamelis og niacinamid, som beroliger irritation, reducerer inflammation og efterlader h\u00e5ret bl\u00f8dt, frisk og sk\u00e6lfrit. System Professional Purify-serien er designet til at rense i dybden og [&hellip;]<\/p>\n","protected":false},"featured_media":141713,"comment_status":"open","ping_status":"closed","template":"","meta":{"_trash_the_other_posts":false},"product_brand":[],"product_cat":[563],"product_tag":[],"berocket_brand":[1995],"class_list":{"0":"post-141759","1":"product","2":"type-product","3":"status-publish","4":"has-post-thumbnail","6":"product_cat-shampoo","7":"pa_brand-system-professional","8":"berocket_brand-system-professional","10":"first","11":"instock","12":"sale","13":"taxable","14":"shipping-taxable","15":"purchasable","16":"product-type-simple"},"_links":{"self":[{"href":"https:\/\/stylingagenten.com\/da\/wp-json\/wp\/v2\/product\/141759","targetHints":{"allow":["GET"]}}],"collection":[{"href":"https:\/\/stylingagenten.com\/da\/wp-json\/wp\/v2\/product"}],"about":[{"href":"https:\/\/stylingagenten.com\/da\/wp-json\/wp\/v2\/types\/product"}],"replies":[{"embeddable":true,"href":"https:\/\/stylingagenten.com\/da\/wp-json\/wp\/v2\/comments?post=141759"}],"version-history":[{"count":0,"href":"https:\/\/stylingagenten.com\/da\/wp-json\/wp\/v2\/product\/141759\/revisions"}],"wp:featuredmedia":[{"embeddable":true,"href":"https:\/\/stylingagenten.com\/da\/wp-json\/wp\/v2\/media\/141713"}],"wp:attachment":[{"href":"https:\/\/stylingagenten.com\/da\/wp-json\/wp\/v2\/media?parent=141759"}],"wp:term":[{"taxonomy":"product_brand","embeddable":true,"href":"https:\/\/stylingagenten.com\/da\/wp-json\/wp\/v2\/product_brand?post=141759"},{"taxonomy":"product_cat","embeddable":true,"href":"https:\/\/stylingagenten.com\/da\/wp-json\/wp\/v2\/product_cat?post=141759"},{"taxonomy":"product_tag","embeddable":true,"href":"https:\/\/stylingagenten.com\/da\/wp-json\/wp\/v2\/product_tag?post=141759"},{"taxonomy":"berocket_brand","embeddable":true,"href":"https:\/\/stylingagenten.com\/da\/wp-json\/wp\/v2\/berocket_brand?post=141759"}],"curies":[{"name":"wp","href":"https:\/\/api.w.org\/{rel}","templated":true}]}}