{"id":141743,"date":"2025-05-18T23:11:36","date_gmt":"2025-05-18T23:11:36","guid":{"rendered":"https:\/\/staging2.stylingagenten.com\/da\/produkt\/system-professional-smoothen-shampoo-250ml\/"},"modified":"2026-03-11T21:55:26","modified_gmt":"2026-03-11T21:55:26","slug":"system-professional-smoothen-shampoo-250ml","status":"publish","type":"product","link":"https:\/\/stylingagenten.com\/da\/produkt\/system-professional-smoothen-shampoo-250ml\/","title":{"rendered":"System Professional Smoothen Shampoo 250ml"},"content":{"rendered":"<p>System Professional Smoothen Shampoo er et udglattende og bl\u00f8dg\u00f8rende shampoo til uroligt h\u00e5r. Det renser sk\u00e5nsomt og er specielt designet til at rede og bl\u00f8dg\u00f8re rebelsk, kr\u00f8llet eller uregerligt h\u00e5r.<\/p>\n<p>Perfekt til:<\/p>\n<p>Groft h\u00e5r, der f\u00f8les t\u00f8rt eller sv\u00e6rt at h\u00e5ndtere<\/p>\n<p>Kr\u00f8llet h\u00e5r, der har brug for kontrol og elasticitet<\/p>\n<p>Frizzet h\u00e5r, der p\u00e5virkes af h\u00f8j luftfugtighed<br \/>Smoothen-serien n\u00e6rer, balancerer h\u00e5rets hydrolipidprofil og beskytter mod udt\u00f8rring.<\/p>\n<p>250ml<\/p>\n","protected":false},"excerpt":{"rendered":"<p>System Professional Smoothen Shampoo er et udglattende og bl\u00f8dg\u00f8rende shampoo til uroligt h\u00e5r. Det renser sk\u00e5nsomt og er specielt designet til at rede og bl\u00f8dg\u00f8re rebelsk, kr\u00f8llet eller uregerligt h\u00e5r. Perfekt til: Groft h\u00e5r, der f\u00f8les t\u00f8rt eller sv\u00e6rt at h\u00e5ndtere Kr\u00f8llet h\u00e5r, der har brug for kontrol og elasticitet Frizzet h\u00e5r, der p\u00e5virkes af [&hellip;]<\/p>\n","protected":false},"featured_media":141705,"comment_status":"open","ping_status":"closed","template":"","meta":{"_trash_the_other_posts":false},"product_brand":[],"product_cat":[563],"product_tag":[],"berocket_brand":[1995],"class_list":{"0":"post-141743","1":"product","2":"type-product","3":"status-publish","4":"has-post-thumbnail","6":"product_cat-shampoo","7":"pa_brand-system-professional","8":"berocket_brand-system-professional","10":"first","11":"instock","12":"sale","13":"taxable","14":"shipping-taxable","15":"purchasable","16":"product-type-simple"},"_links":{"self":[{"href":"https:\/\/stylingagenten.com\/da\/wp-json\/wp\/v2\/product\/141743","targetHints":{"allow":["GET"]}}],"collection":[{"href":"https:\/\/stylingagenten.com\/da\/wp-json\/wp\/v2\/product"}],"about":[{"href":"https:\/\/stylingagenten.com\/da\/wp-json\/wp\/v2\/types\/product"}],"replies":[{"embeddable":true,"href":"https:\/\/stylingagenten.com\/da\/wp-json\/wp\/v2\/comments?post=141743"}],"version-history":[{"count":0,"href":"https:\/\/stylingagenten.com\/da\/wp-json\/wp\/v2\/product\/141743\/revisions"}],"wp:featuredmedia":[{"embeddable":true,"href":"https:\/\/stylingagenten.com\/da\/wp-json\/wp\/v2\/media\/141705"}],"wp:attachment":[{"href":"https:\/\/stylingagenten.com\/da\/wp-json\/wp\/v2\/media?parent=141743"}],"wp:term":[{"taxonomy":"product_brand","embeddable":true,"href":"https:\/\/stylingagenten.com\/da\/wp-json\/wp\/v2\/product_brand?post=141743"},{"taxonomy":"product_cat","embeddable":true,"href":"https:\/\/stylingagenten.com\/da\/wp-json\/wp\/v2\/product_cat?post=141743"},{"taxonomy":"product_tag","embeddable":true,"href":"https:\/\/stylingagenten.com\/da\/wp-json\/wp\/v2\/product_tag?post=141743"},{"taxonomy":"berocket_brand","embeddable":true,"href":"https:\/\/stylingagenten.com\/da\/wp-json\/wp\/v2\/berocket_brand?post=141743"}],"curies":[{"name":"wp","href":"https:\/\/api.w.org\/{rel}","templated":true}]}}