{"id":141738,"date":"2025-05-18T23:11:35","date_gmt":"2025-05-18T23:11:35","guid":{"rendered":"https:\/\/staging2.stylingagenten.com\/da\/produkt\/system-professional-solar-hair-body-shampoo-250ml\/"},"modified":"2026-03-11T21:56:33","modified_gmt":"2026-03-11T21:56:33","slug":"system-professional-solar-hair-body-shampoo-250ml","status":"publish","type":"product","link":"https:\/\/stylingagenten.com\/da\/produkt\/system-professional-solar-hair-body-shampoo-250ml\/","title":{"rendered":"System Professional Solar Hair &amp; Body Shampoo 250ml"},"content":{"rendered":"<p>System Professional Solar Hair and Body Shampoo er en daglig fugtgivende rensemiddel, der effektivt fjerner vandfast solbeskyttelse, salt og klorrester fra b\u00e5de h\u00e5r og hud. Den milde formel er perfekt til en aktiv udend\u00f8rs livsstil og efterlader h\u00e5ret fugtet, skinnende og fri for filtre, mens huden f\u00f8les frisk og genoprettet. Perfekt til h\u00e5r, der er udsat for sol eller sommervejr, forbereder det h\u00e5ret til balsambehandling og beskytter mod solens skadelige virkninger.<\/p>\n<p>System Professional Solar-serien er designet til at beskytte h\u00e5ret mod skader for\u00e5rsaget af solens eksponering. Produkterne beskytter h\u00e5ret mod skadelige UV-str\u00e5ler, klor og salt og forhindrer, at farven falmer, h\u00e5ret bliver messingfarvet, kn\u00e6kker eller f\u00e5r en gr\u00f8nlig tone.<\/p>\n<p>250ml<\/p>\n","protected":false},"excerpt":{"rendered":"<p>System Professional Solar Hair and Body Shampoo er en daglig fugtgivende rensemiddel, der effektivt fjerner vandfast solbeskyttelse, salt og klorrester fra b\u00e5de h\u00e5r og hud. Den milde formel er perfekt til en aktiv udend\u00f8rs livsstil og efterlader h\u00e5ret fugtet, skinnende og fri for filtre, mens huden f\u00f8les frisk og genoprettet. Perfekt til h\u00e5r, der er [&hellip;]<\/p>\n","protected":false},"featured_media":141684,"comment_status":"open","ping_status":"closed","template":"","meta":{"_trash_the_other_posts":false},"product_brand":[],"product_cat":[563],"product_tag":[],"berocket_brand":[1995],"class_list":{"0":"post-141738","1":"product","2":"type-product","3":"status-publish","4":"has-post-thumbnail","6":"product_cat-shampoo","7":"pa_brand-system-professional","8":"berocket_brand-system-professional","10":"first","11":"instock","12":"sale","13":"taxable","14":"shipping-taxable","15":"purchasable","16":"product-type-simple"},"_links":{"self":[{"href":"https:\/\/stylingagenten.com\/da\/wp-json\/wp\/v2\/product\/141738","targetHints":{"allow":["GET"]}}],"collection":[{"href":"https:\/\/stylingagenten.com\/da\/wp-json\/wp\/v2\/product"}],"about":[{"href":"https:\/\/stylingagenten.com\/da\/wp-json\/wp\/v2\/types\/product"}],"replies":[{"embeddable":true,"href":"https:\/\/stylingagenten.com\/da\/wp-json\/wp\/v2\/comments?post=141738"}],"version-history":[{"count":0,"href":"https:\/\/stylingagenten.com\/da\/wp-json\/wp\/v2\/product\/141738\/revisions"}],"wp:featuredmedia":[{"embeddable":true,"href":"https:\/\/stylingagenten.com\/da\/wp-json\/wp\/v2\/media\/141684"}],"wp:attachment":[{"href":"https:\/\/stylingagenten.com\/da\/wp-json\/wp\/v2\/media?parent=141738"}],"wp:term":[{"taxonomy":"product_brand","embeddable":true,"href":"https:\/\/stylingagenten.com\/da\/wp-json\/wp\/v2\/product_brand?post=141738"},{"taxonomy":"product_cat","embeddable":true,"href":"https:\/\/stylingagenten.com\/da\/wp-json\/wp\/v2\/product_cat?post=141738"},{"taxonomy":"product_tag","embeddable":true,"href":"https:\/\/stylingagenten.com\/da\/wp-json\/wp\/v2\/product_tag?post=141738"},{"taxonomy":"berocket_brand","embeddable":true,"href":"https:\/\/stylingagenten.com\/da\/wp-json\/wp\/v2\/berocket_brand?post=141738"}],"curies":[{"name":"wp","href":"https:\/\/api.w.org\/{rel}","templated":true}]}}