{"id":141723,"date":"2025-05-18T23:11:33","date_gmt":"2025-05-18T23:11:33","guid":{"rendered":"https:\/\/staging2.stylingagenten.com\/da\/produkt\/maria-nila-coils-curls-co-wash-1000ml\/"},"modified":"2026-03-12T19:47:32","modified_gmt":"2026-03-12T19:47:32","slug":"maria-nila-coils-curls-co-wash-1000ml","status":"publish","type":"product","link":"https:\/\/stylingagenten.com\/da\/produkt\/maria-nila-coils-curls-co-wash-1000ml\/","title":{"rendered":"Maria Nila Coils &amp; Curls Co-Wash 1000ml"},"content":{"rendered":"<p>Maria Nila Coils &amp; Curls Co-Wash er en fugtgivende og udredende shampoo og balsam i \u00e9t, udviklet til alle typer kr\u00f8llet h\u00e5r. Den sk\u00e5nsomme Co-Wash indeholder sheasm\u00f8r, jojobaolie, aloe vera og E-vitamin, som plejer b\u00e5de h\u00e5r og hovedbund, reng\u00f8r sk\u00e5nsomt og efterlader h\u00e5ret bl\u00f8dt og glat.<\/p>\n<p>Velegnet til alle typer b\u00f8lget og kr\u00f8llet h\u00e5r<br \/>\n<br \/>Reng\u00f8r sk\u00e5nsomt<br \/>\n<br \/>Fugtgivende &amp; udredende<br \/>\n<br \/>100 % vegansk<br \/>\n<br \/>CO2-kompenseret emballage<br \/>\n<br \/>1000 ml<\/p>\n","protected":false},"excerpt":{"rendered":"<p>Maria Nila Coils &amp; Curls Co-Wash er en fugtgivende og udredende shampoo og balsam i \u00e9t, udviklet til alle typer kr\u00f8llet h\u00e5r. Den sk\u00e5nsomme Co-Wash indeholder sheasm\u00f8r, jojobaolie, aloe vera og E-vitamin, som plejer b\u00e5de h\u00e5r og hovedbund, reng\u00f8r sk\u00e5nsomt og efterlader h\u00e5ret bl\u00f8dt og glat. Velegnet til alle typer b\u00f8lget og kr\u00f8llet h\u00e5r Reng\u00f8r [&hellip;]<\/p>\n","protected":false},"featured_media":141714,"comment_status":"open","ping_status":"closed","template":"","meta":{"_trash_the_other_posts":false},"product_brand":[],"product_cat":[563],"product_tag":[],"berocket_brand":[1388],"class_list":{"0":"post-141723","1":"product","2":"type-product","3":"status-publish","4":"has-post-thumbnail","6":"product_cat-shampoo","7":"pa_brand-maria-nila","8":"berocket_brand-maria-nila","10":"first","11":"instock","12":"taxable","13":"shipping-taxable","14":"purchasable","15":"product-type-simple"},"_links":{"self":[{"href":"https:\/\/stylingagenten.com\/da\/wp-json\/wp\/v2\/product\/141723","targetHints":{"allow":["GET"]}}],"collection":[{"href":"https:\/\/stylingagenten.com\/da\/wp-json\/wp\/v2\/product"}],"about":[{"href":"https:\/\/stylingagenten.com\/da\/wp-json\/wp\/v2\/types\/product"}],"replies":[{"embeddable":true,"href":"https:\/\/stylingagenten.com\/da\/wp-json\/wp\/v2\/comments?post=141723"}],"version-history":[{"count":0,"href":"https:\/\/stylingagenten.com\/da\/wp-json\/wp\/v2\/product\/141723\/revisions"}],"wp:featuredmedia":[{"embeddable":true,"href":"https:\/\/stylingagenten.com\/da\/wp-json\/wp\/v2\/media\/141714"}],"wp:attachment":[{"href":"https:\/\/stylingagenten.com\/da\/wp-json\/wp\/v2\/media?parent=141723"}],"wp:term":[{"taxonomy":"product_brand","embeddable":true,"href":"https:\/\/stylingagenten.com\/da\/wp-json\/wp\/v2\/product_brand?post=141723"},{"taxonomy":"product_cat","embeddable":true,"href":"https:\/\/stylingagenten.com\/da\/wp-json\/wp\/v2\/product_cat?post=141723"},{"taxonomy":"product_tag","embeddable":true,"href":"https:\/\/stylingagenten.com\/da\/wp-json\/wp\/v2\/product_tag?post=141723"},{"taxonomy":"berocket_brand","embeddable":true,"href":"https:\/\/stylingagenten.com\/da\/wp-json\/wp\/v2\/berocket_brand?post=141723"}],"curies":[{"name":"wp","href":"https:\/\/api.w.org\/{rel}","templated":true}]}}