{"id":141704,"date":"2025-05-18T23:11:31","date_gmt":"2025-05-18T23:11:31","guid":{"rendered":"https:\/\/staging2.stylingagenten.com\/da\/produkt\/system-professional-luxeblond-shampoo-250ml\/"},"modified":"2026-03-25T18:18:36","modified_gmt":"2026-03-25T18:18:36","slug":"system-professional-luxeblond-shampoo-250ml","status":"publish","type":"product","link":"https:\/\/stylingagenten.com\/da\/produkt\/system-professional-luxeblond-shampoo-250ml\/","title":{"rendered":"System Professional LuxeBlond Shampoo 250ml"},"content":{"rendered":"<p>System Professional LuxeBlond Shampoo renser sk\u00e5nsomt h\u00e5ret og fjerner ophobninger og forureninger, samtidig med at den neutraliserer gule og kobberfarvede undertoner.<\/p>\n<p>System Professional LuxeBlond er en omfattende salon- og hjemmeplejeserie til lyst h\u00e5r, der g\u00f8r det nemt at pleje lyst h\u00e5r. LuxeBlond kombinerer kraften fra lipider med violette pigmenter* og hj\u00e6lper med at reparere h\u00e5rfibrene indefra og ud, samtidig med at den neutraliserer u\u00f8nskede varme undertoner, styrker og beskytter h\u00e5ret mod brud.<\/p>\n<p>250ml<\/p>\n","protected":false},"excerpt":{"rendered":"<p>System Professional LuxeBlond Shampoo renser sk\u00e5nsomt h\u00e5ret og fjerner ophobninger og forureninger, samtidig med at den neutraliserer gule og kobberfarvede undertoner. System Professional LuxeBlond er en omfattende salon- og hjemmeplejeserie til lyst h\u00e5r, der g\u00f8r det nemt at pleje lyst h\u00e5r. LuxeBlond kombinerer kraften fra lipider med violette pigmenter* og hj\u00e6lper med at reparere h\u00e5rfibrene [&hellip;]<\/p>\n","protected":false},"featured_media":141673,"comment_status":"open","ping_status":"closed","template":"","meta":{"_trash_the_other_posts":false},"product_brand":[],"product_cat":[563],"product_tag":[],"berocket_brand":[1995],"class_list":{"0":"post-141704","1":"product","2":"type-product","3":"status-publish","4":"has-post-thumbnail","6":"product_cat-shampoo","7":"pa_brand-system-professional","8":"berocket_brand-system-professional","10":"first","11":"instock","12":"sale","13":"taxable","14":"shipping-taxable","15":"purchasable","16":"product-type-simple"},"_links":{"self":[{"href":"https:\/\/stylingagenten.com\/da\/wp-json\/wp\/v2\/product\/141704","targetHints":{"allow":["GET"]}}],"collection":[{"href":"https:\/\/stylingagenten.com\/da\/wp-json\/wp\/v2\/product"}],"about":[{"href":"https:\/\/stylingagenten.com\/da\/wp-json\/wp\/v2\/types\/product"}],"replies":[{"embeddable":true,"href":"https:\/\/stylingagenten.com\/da\/wp-json\/wp\/v2\/comments?post=141704"}],"version-history":[{"count":0,"href":"https:\/\/stylingagenten.com\/da\/wp-json\/wp\/v2\/product\/141704\/revisions"}],"wp:featuredmedia":[{"embeddable":true,"href":"https:\/\/stylingagenten.com\/da\/wp-json\/wp\/v2\/media\/141673"}],"wp:attachment":[{"href":"https:\/\/stylingagenten.com\/da\/wp-json\/wp\/v2\/media?parent=141704"}],"wp:term":[{"taxonomy":"product_brand","embeddable":true,"href":"https:\/\/stylingagenten.com\/da\/wp-json\/wp\/v2\/product_brand?post=141704"},{"taxonomy":"product_cat","embeddable":true,"href":"https:\/\/stylingagenten.com\/da\/wp-json\/wp\/v2\/product_cat?post=141704"},{"taxonomy":"product_tag","embeddable":true,"href":"https:\/\/stylingagenten.com\/da\/wp-json\/wp\/v2\/product_tag?post=141704"},{"taxonomy":"berocket_brand","embeddable":true,"href":"https:\/\/stylingagenten.com\/da\/wp-json\/wp\/v2\/berocket_brand?post=141704"}],"curies":[{"name":"wp","href":"https:\/\/api.w.org\/{rel}","templated":true}]}}