{"id":141683,"date":"2025-05-18T23:11:29","date_gmt":"2025-05-18T23:11:29","guid":{"rendered":"https:\/\/staging2.stylingagenten.com\/da\/produkt\/wella-professionals-invigo-nutri-enrich-shampoo-dry-hair-300ml\/"},"modified":"2026-04-04T19:58:40","modified_gmt":"2026-04-04T19:58:40","slug":"wella-professionals-invigo-nutri-enrich-shampoo-dry-hair-300ml","status":"publish","type":"product","link":"https:\/\/stylingagenten.com\/da\/produkt\/wella-professionals-invigo-nutri-enrich-shampoo-dry-hair-300ml\/","title":{"rendered":"Wella Professionals Invigo Nutri Enrich Shampoo Dry Hair 300ml"},"content":{"rendered":"<p>Wella Professionals Invigo Nutri Enrich Shampoo Dry Hair er en professionel dybdeplejende shampoo, der er specielt udviklet til at behandle og reparere t\u00f8rt og skadet h\u00e5r. Denne rens giver \u00f8jeblikkelig n\u00e6ring og efterlader h\u00e5ret glat og fuld af vitalitet. Denne professionelle shampoo indeholder Nutri-Enrich-Blend\u2122, oliesyre og panthenol, som giver h\u00e5ret \u00f8jeblikkelig fugt og n\u00e6ring. Nutri Enrich Cleanser Shampoo er ogs\u00e5 beriget med gojib\u00e6r \u2013 en ingrediens kendt for sit h\u00f8je indhold af vitaminer, mineraler og peptider.<\/p>\n<p>300ml<\/p>\n","protected":false},"excerpt":{"rendered":"<p>Wella Professionals Invigo Nutri Enrich Shampoo Dry Hair er en professionel dybdeplejende shampoo, der er specielt udviklet til at behandle og reparere t\u00f8rt og skadet h\u00e5r. Denne rens giver \u00f8jeblikkelig n\u00e6ring og efterlader h\u00e5ret glat og fuld af vitalitet. Denne professionelle shampoo indeholder Nutri-Enrich-Blend\u2122, oliesyre og panthenol, som giver h\u00e5ret \u00f8jeblikkelig fugt og n\u00e6ring. Nutri [&hellip;]<\/p>\n","protected":false},"featured_media":141663,"comment_status":"open","ping_status":"closed","template":"","meta":{"_trash_the_other_posts":false},"product_brand":[],"product_cat":[563],"product_tag":[],"berocket_brand":[1030],"class_list":{"0":"post-141683","1":"product","2":"type-product","3":"status-publish","4":"has-post-thumbnail","6":"product_cat-shampoo","7":"pa_brand-wella","8":"berocket_brand-wella","10":"first","11":"instock","12":"sale","13":"taxable","14":"shipping-taxable","15":"purchasable","16":"product-type-simple"},"_links":{"self":[{"href":"https:\/\/stylingagenten.com\/da\/wp-json\/wp\/v2\/product\/141683","targetHints":{"allow":["GET"]}}],"collection":[{"href":"https:\/\/stylingagenten.com\/da\/wp-json\/wp\/v2\/product"}],"about":[{"href":"https:\/\/stylingagenten.com\/da\/wp-json\/wp\/v2\/types\/product"}],"replies":[{"embeddable":true,"href":"https:\/\/stylingagenten.com\/da\/wp-json\/wp\/v2\/comments?post=141683"}],"version-history":[{"count":0,"href":"https:\/\/stylingagenten.com\/da\/wp-json\/wp\/v2\/product\/141683\/revisions"}],"wp:featuredmedia":[{"embeddable":true,"href":"https:\/\/stylingagenten.com\/da\/wp-json\/wp\/v2\/media\/141663"}],"wp:attachment":[{"href":"https:\/\/stylingagenten.com\/da\/wp-json\/wp\/v2\/media?parent=141683"}],"wp:term":[{"taxonomy":"product_brand","embeddable":true,"href":"https:\/\/stylingagenten.com\/da\/wp-json\/wp\/v2\/product_brand?post=141683"},{"taxonomy":"product_cat","embeddable":true,"href":"https:\/\/stylingagenten.com\/da\/wp-json\/wp\/v2\/product_cat?post=141683"},{"taxonomy":"product_tag","embeddable":true,"href":"https:\/\/stylingagenten.com\/da\/wp-json\/wp\/v2\/product_tag?post=141683"},{"taxonomy":"berocket_brand","embeddable":true,"href":"https:\/\/stylingagenten.com\/da\/wp-json\/wp\/v2\/berocket_brand?post=141683"}],"curies":[{"name":"wp","href":"https:\/\/api.w.org\/{rel}","templated":true}]}}