{"id":141678,"date":"2025-05-18T23:11:29","date_gmt":"2025-05-18T23:11:29","guid":{"rendered":"https:\/\/staging2.stylingagenten.com\/da\/produkt\/wella-professionals-invigo-scalp-balance-anti-dandruff-shampoo-300ml\/"},"modified":"2026-04-09T06:39:42","modified_gmt":"2026-04-09T06:39:42","slug":"wella-professionals-invigo-scalp-balance-anti-dandruff-shampoo-300ml","status":"publish","type":"product","link":"https:\/\/stylingagenten.com\/da\/produkt\/wella-professionals-invigo-scalp-balance-anti-dandruff-shampoo-300ml\/","title":{"rendered":"Wella Professionals Invigo Scalp Balance Anti-Dandruff Shampoo 300ml"},"content":{"rendered":"<p>Wella Professionals Invigo Scalp Balance Anti-Dandruff Shampoo er en beroligende shampoo designet til at bek\u00e6mpe sk\u00e6l. Denne professionelle og sk\u00e5nsomme shampoo er beriget med Balance-Blend\u2122 og indeholder plejende og opfriskende ingredienser, der er designet til at berolige en irriteret hovedbund. Denne sk\u00e6lshampoo bek\u00e6mper effektivt sk\u00e6l og fjerner t\u00f8r hud fra hovedbunden, hvilket efterlader h\u00e5ret friskt og rent. Din rutine for sundt h\u00e5r og en balanceret hovedbund.<\/p>\n<p>300ml<\/p>\n","protected":false},"excerpt":{"rendered":"<p>Wella Professionals Invigo Scalp Balance Anti-Dandruff Shampoo er en beroligende shampoo designet til at bek\u00e6mpe sk\u00e6l. Denne professionelle og sk\u00e5nsomme shampoo er beriget med Balance-Blend\u2122 og indeholder plejende og opfriskende ingredienser, der er designet til at berolige en irriteret hovedbund. Denne sk\u00e6lshampoo bek\u00e6mper effektivt sk\u00e6l og fjerner t\u00f8r hud fra hovedbunden, hvilket efterlader h\u00e5ret friskt [&hellip;]<\/p>\n","protected":false},"featured_media":141652,"comment_status":"open","ping_status":"closed","template":"","meta":{"_trash_the_other_posts":false},"product_brand":[],"product_cat":[563],"product_tag":[],"berocket_brand":[1030],"class_list":{"0":"post-141678","1":"product","2":"type-product","3":"status-publish","4":"has-post-thumbnail","6":"product_cat-shampoo","7":"pa_brand-wella","8":"berocket_brand-wella","10":"first","11":"instock","12":"sale","13":"taxable","14":"shipping-taxable","15":"purchasable","16":"product-type-simple"},"_links":{"self":[{"href":"https:\/\/stylingagenten.com\/da\/wp-json\/wp\/v2\/product\/141678","targetHints":{"allow":["GET"]}}],"collection":[{"href":"https:\/\/stylingagenten.com\/da\/wp-json\/wp\/v2\/product"}],"about":[{"href":"https:\/\/stylingagenten.com\/da\/wp-json\/wp\/v2\/types\/product"}],"replies":[{"embeddable":true,"href":"https:\/\/stylingagenten.com\/da\/wp-json\/wp\/v2\/comments?post=141678"}],"version-history":[{"count":0,"href":"https:\/\/stylingagenten.com\/da\/wp-json\/wp\/v2\/product\/141678\/revisions"}],"wp:featuredmedia":[{"embeddable":true,"href":"https:\/\/stylingagenten.com\/da\/wp-json\/wp\/v2\/media\/141652"}],"wp:attachment":[{"href":"https:\/\/stylingagenten.com\/da\/wp-json\/wp\/v2\/media?parent=141678"}],"wp:term":[{"taxonomy":"product_brand","embeddable":true,"href":"https:\/\/stylingagenten.com\/da\/wp-json\/wp\/v2\/product_brand?post=141678"},{"taxonomy":"product_cat","embeddable":true,"href":"https:\/\/stylingagenten.com\/da\/wp-json\/wp\/v2\/product_cat?post=141678"},{"taxonomy":"product_tag","embeddable":true,"href":"https:\/\/stylingagenten.com\/da\/wp-json\/wp\/v2\/product_tag?post=141678"},{"taxonomy":"berocket_brand","embeddable":true,"href":"https:\/\/stylingagenten.com\/da\/wp-json\/wp\/v2\/berocket_brand?post=141678"}],"curies":[{"name":"wp","href":"https:\/\/api.w.org\/{rel}","templated":true}]}}