{"id":141674,"date":"2025-05-18T23:11:28","date_gmt":"2025-05-18T23:11:28","guid":{"rendered":"https:\/\/staging2.stylingagenten.com\/da\/produkt\/wella-professionals-ultimate-repair-shampoo-250ml\/"},"modified":"2026-03-13T14:42:31","modified_gmt":"2026-03-13T14:42:31","slug":"wella-professionals-ultimate-repair-shampoo-250ml","status":"publish","type":"product","link":"https:\/\/stylingagenten.com\/da\/produkt\/wella-professionals-ultimate-repair-shampoo-250ml\/","title":{"rendered":"Wella Professionals Ultimate Repair Shampoo 250ml"},"content":{"rendered":"<p>Wella Professionals Ultimate Repair Shampoo er en let, fugtgivende shampoo, der sk\u00e5nsomt og effektivt renser h\u00e5ret med et luksuri\u00f8st skum, der g\u00f8r det sundt, skinnende og glat.<\/p>\n<p>Denne lette creme-shampoo indeholder alfa-hydroxysyre (AHA) og omega 9, som genopbygger bindelserne i h\u00e5ret og fylder den ydre barriere i varme- og blegning beskadiget h\u00e5r. AHA, som normalt er kendt i hudpleje, bruges i Ultimate Repair for at styrke, pleje og forhindre h\u00e5rbrud i b\u00e5de sundt og kemisk behandlet h\u00e5r ved at genopbygge hydrogenbindingerne og tr\u00e6nge dybt ind i h\u00e5rfiberen.<\/p>\n<p>Metal Purifier Technology er en teknologi, der fjerner urenheder og metaller i vandet. Vask efter vask og gennem forurening kan metalpartikler som kobber ophobe sig i h\u00e5ret. Oxidative processer, herunder UV-eksponering, kan for\u00e5rsage frie radikaler, der kan forstyrre og skade h\u00e5rets naturlige proteinstruktur. Denne Wella Professionals detox-shampoo afgifter og genopbygger varme- og blegningsskadet h\u00e5r indefra og ud og g\u00f8r det sundt, skinnende og glat.<\/p>\n<p>Ultimate Repair Shampoo renser, afgifter og fugter alle h\u00e5rtyper og teksturer, uanset om det er tyndt, fedtet, fint, tykt, glat, b\u00f8lget, kr\u00f8llet, farvet, stribet, kr\u00f8llet, asiatisk eller afro, hvilket g\u00f8r den velegnet til alle.<\/p>\n<p>Wella Professionals Ultimate Repair System er en hudplejeinspireret serie, der tilbyder en prestigefyldt h\u00e5rplejerutine, der perfekterer dit h\u00e5r p\u00e5 kun 90 sekunder*. Serien er designet til dig, der \u00f8nsker det h\u00f8jeste niveau af reparation og en naturlig, sund f\u00f8lelse i h\u00e5ret. Det giver n\u00e6ring, styrke og fugt, og g\u00f8r h\u00e5ret bl\u00f8dt, friskt og rent. Dermatologisk testet og vegansk.<\/p>\n<p>*Ved brug af Ultimate Repair Step 3.<\/p>\n<p>250ml<\/p>\n","protected":false},"excerpt":{"rendered":"<p>Wella Professionals Ultimate Repair Shampoo er en let, fugtgivende shampoo, der sk\u00e5nsomt og effektivt renser h\u00e5ret med et luksuri\u00f8st skum, der g\u00f8r det sundt, skinnende og glat. Denne lette creme-shampoo indeholder alfa-hydroxysyre (AHA) og omega 9, som genopbygger bindelserne i h\u00e5ret og fylder den ydre barriere i varme- og blegning beskadiget h\u00e5r. AHA, som normalt [&hellip;]<\/p>\n","protected":false},"featured_media":141642,"comment_status":"open","ping_status":"closed","template":"","meta":{"_trash_the_other_posts":false},"product_brand":[],"product_cat":[563],"product_tag":[],"berocket_brand":[1030],"class_list":{"0":"post-141674","1":"product","2":"type-product","3":"status-publish","4":"has-post-thumbnail","6":"product_cat-shampoo","7":"pa_brand-wella","8":"berocket_brand-wella","10":"first","11":"instock","12":"sale","13":"taxable","14":"shipping-taxable","15":"purchasable","16":"product-type-simple"},"_links":{"self":[{"href":"https:\/\/stylingagenten.com\/da\/wp-json\/wp\/v2\/product\/141674","targetHints":{"allow":["GET"]}}],"collection":[{"href":"https:\/\/stylingagenten.com\/da\/wp-json\/wp\/v2\/product"}],"about":[{"href":"https:\/\/stylingagenten.com\/da\/wp-json\/wp\/v2\/types\/product"}],"replies":[{"embeddable":true,"href":"https:\/\/stylingagenten.com\/da\/wp-json\/wp\/v2\/comments?post=141674"}],"version-history":[{"count":0,"href":"https:\/\/stylingagenten.com\/da\/wp-json\/wp\/v2\/product\/141674\/revisions"}],"wp:featuredmedia":[{"embeddable":true,"href":"https:\/\/stylingagenten.com\/da\/wp-json\/wp\/v2\/media\/141642"}],"wp:attachment":[{"href":"https:\/\/stylingagenten.com\/da\/wp-json\/wp\/v2\/media?parent=141674"}],"wp:term":[{"taxonomy":"product_brand","embeddable":true,"href":"https:\/\/stylingagenten.com\/da\/wp-json\/wp\/v2\/product_brand?post=141674"},{"taxonomy":"product_cat","embeddable":true,"href":"https:\/\/stylingagenten.com\/da\/wp-json\/wp\/v2\/product_cat?post=141674"},{"taxonomy":"product_tag","embeddable":true,"href":"https:\/\/stylingagenten.com\/da\/wp-json\/wp\/v2\/product_tag?post=141674"},{"taxonomy":"berocket_brand","embeddable":true,"href":"https:\/\/stylingagenten.com\/da\/wp-json\/wp\/v2\/berocket_brand?post=141674"}],"curies":[{"name":"wp","href":"https:\/\/api.w.org\/{rel}","templated":true}]}}