{"id":141659,"date":"2025-05-18T23:11:26","date_gmt":"2025-05-18T23:11:26","guid":{"rendered":"https:\/\/staging2.stylingagenten.com\/da\/produkt\/wella-professionals-invigo-volume-boost-shampoo-fine-hair-300ml\/"},"modified":"2026-03-26T08:00:10","modified_gmt":"2026-03-26T08:00:10","slug":"wella-professionals-invigo-volume-boost-shampoo-fine-hair-300ml","status":"publish","type":"product","link":"https:\/\/stylingagenten.com\/da\/produkt\/wella-professionals-invigo-volume-boost-shampoo-fine-hair-300ml\/","title":{"rendered":"Wella Professionals Invigo Volume Boost Shampoo Fine Hair 300ml"},"content":{"rendered":"<p>Wella Professionals Invigo Volume Boost Shampoo Fine Hair er en volumengivende shampoo til fint h\u00e5r. Denne professionelle rens med Volume Boost-Blend\u2122 er udviklet med fjedrende polymerer, der omslutter h\u00e5rfibrene og hj\u00e6lper med at skabe volumin\u00f8se looks under f\u00f8nt\u00f8rring. Shampooen er perfekt til normalt til fint h\u00e5r og giver glans og medg\u00f8rlighed uden at tynge h\u00e5ret. Din rutine til at give volumen til fint h\u00e5r.<\/p>\n<p>300ml<\/p>\n","protected":false},"excerpt":{"rendered":"<p>Wella Professionals Invigo Volume Boost Shampoo Fine Hair er en volumengivende shampoo til fint h\u00e5r. Denne professionelle rens med Volume Boost-Blend\u2122 er udviklet med fjedrende polymerer, der omslutter h\u00e5rfibrene og hj\u00e6lper med at skabe volumin\u00f8se looks under f\u00f8nt\u00f8rring. Shampooen er perfekt til normalt til fint h\u00e5r og giver glans og medg\u00f8rlighed uden at tynge h\u00e5ret. [&hellip;]<\/p>\n","protected":false},"featured_media":141630,"comment_status":"open","ping_status":"closed","template":"","meta":{"_trash_the_other_posts":false},"product_brand":[],"product_cat":[563],"product_tag":[],"berocket_brand":[1030],"class_list":{"0":"post-141659","1":"product","2":"type-product","3":"status-publish","4":"has-post-thumbnail","6":"product_cat-shampoo","7":"pa_brand-wella","8":"berocket_brand-wella","10":"first","11":"instock","12":"sale","13":"taxable","14":"shipping-taxable","15":"purchasable","16":"product-type-simple"},"_links":{"self":[{"href":"https:\/\/stylingagenten.com\/da\/wp-json\/wp\/v2\/product\/141659","targetHints":{"allow":["GET"]}}],"collection":[{"href":"https:\/\/stylingagenten.com\/da\/wp-json\/wp\/v2\/product"}],"about":[{"href":"https:\/\/stylingagenten.com\/da\/wp-json\/wp\/v2\/types\/product"}],"replies":[{"embeddable":true,"href":"https:\/\/stylingagenten.com\/da\/wp-json\/wp\/v2\/comments?post=141659"}],"version-history":[{"count":0,"href":"https:\/\/stylingagenten.com\/da\/wp-json\/wp\/v2\/product\/141659\/revisions"}],"wp:featuredmedia":[{"embeddable":true,"href":"https:\/\/stylingagenten.com\/da\/wp-json\/wp\/v2\/media\/141630"}],"wp:attachment":[{"href":"https:\/\/stylingagenten.com\/da\/wp-json\/wp\/v2\/media?parent=141659"}],"wp:term":[{"taxonomy":"product_brand","embeddable":true,"href":"https:\/\/stylingagenten.com\/da\/wp-json\/wp\/v2\/product_brand?post=141659"},{"taxonomy":"product_cat","embeddable":true,"href":"https:\/\/stylingagenten.com\/da\/wp-json\/wp\/v2\/product_cat?post=141659"},{"taxonomy":"product_tag","embeddable":true,"href":"https:\/\/stylingagenten.com\/da\/wp-json\/wp\/v2\/product_tag?post=141659"},{"taxonomy":"berocket_brand","embeddable":true,"href":"https:\/\/stylingagenten.com\/da\/wp-json\/wp\/v2\/berocket_brand?post=141659"}],"curies":[{"name":"wp","href":"https:\/\/api.w.org\/{rel}","templated":true}]}}