{"id":141658,"date":"2025-05-18T23:11:26","date_gmt":"2025-05-18T23:11:26","guid":{"rendered":"https:\/\/staging2.stylingagenten.com\/da\/produkt\/wella-professionals-invigo-sun-care-after-sun-cleansing-shampoo-300ml\/"},"modified":"2026-03-11T21:46:45","modified_gmt":"2026-03-11T21:46:45","slug":"wella-professionals-invigo-sun-care-after-sun-cleansing-shampoo-300ml","status":"publish","type":"product","link":"https:\/\/stylingagenten.com\/da\/produkt\/wella-professionals-invigo-sun-care-after-sun-cleansing-shampoo-300ml\/","title":{"rendered":"Wella Professionals Invigo Sun Care After Sun Cleansing Shampoo 300ml"},"content":{"rendered":"<p>Wella Professionals Invigo Sun After Sun Cleansing Shampoo er en sk\u00e5nsom rense-shampoo til sol-, sand- og haveksponering. Denne shampoo indeholder Sun-blend og provitamin B5, som sk\u00e5nsomt reng\u00f8r h\u00e5ret uden at fjerne de naturlige olier fra h\u00e5r og hovedbund. After Sun Cleansing Shampoo tilf\u00f8rer dybdehydrering og hj\u00e6lper med at minimere risikoen for, at h\u00e5ret t\u00f8rrer ud eller f\u00e5r spaltede spidser. Afslut med Wella Professionals Invigo Sun Express Conditioner for de bedste resultater. Din after-sun rutine til alle h\u00e5rtyper.<\/p>\n<p>300ml<\/p>\n","protected":false},"excerpt":{"rendered":"<p>Wella Professionals Invigo Sun After Sun Cleansing Shampoo er en sk\u00e5nsom rense-shampoo til sol-, sand- og haveksponering. Denne shampoo indeholder Sun-blend og provitamin B5, som sk\u00e5nsomt reng\u00f8r h\u00e5ret uden at fjerne de naturlige olier fra h\u00e5r og hovedbund. After Sun Cleansing Shampoo tilf\u00f8rer dybdehydrering og hj\u00e6lper med at minimere risikoen for, at h\u00e5ret t\u00f8rrer ud [&hellip;]<\/p>\n","protected":false},"featured_media":141632,"comment_status":"open","ping_status":"closed","template":"","meta":{"_trash_the_other_posts":false},"product_brand":[],"product_cat":[563],"product_tag":[],"berocket_brand":[1030],"class_list":{"0":"post-141658","1":"product","2":"type-product","3":"status-publish","4":"has-post-thumbnail","6":"product_cat-shampoo","7":"pa_brand-wella","8":"berocket_brand-wella","10":"first","11":"instock","12":"sale","13":"taxable","14":"shipping-taxable","15":"purchasable","16":"product-type-simple"},"_links":{"self":[{"href":"https:\/\/stylingagenten.com\/da\/wp-json\/wp\/v2\/product\/141658","targetHints":{"allow":["GET"]}}],"collection":[{"href":"https:\/\/stylingagenten.com\/da\/wp-json\/wp\/v2\/product"}],"about":[{"href":"https:\/\/stylingagenten.com\/da\/wp-json\/wp\/v2\/types\/product"}],"replies":[{"embeddable":true,"href":"https:\/\/stylingagenten.com\/da\/wp-json\/wp\/v2\/comments?post=141658"}],"version-history":[{"count":0,"href":"https:\/\/stylingagenten.com\/da\/wp-json\/wp\/v2\/product\/141658\/revisions"}],"wp:featuredmedia":[{"embeddable":true,"href":"https:\/\/stylingagenten.com\/da\/wp-json\/wp\/v2\/media\/141632"}],"wp:attachment":[{"href":"https:\/\/stylingagenten.com\/da\/wp-json\/wp\/v2\/media?parent=141658"}],"wp:term":[{"taxonomy":"product_brand","embeddable":true,"href":"https:\/\/stylingagenten.com\/da\/wp-json\/wp\/v2\/product_brand?post=141658"},{"taxonomy":"product_cat","embeddable":true,"href":"https:\/\/stylingagenten.com\/da\/wp-json\/wp\/v2\/product_cat?post=141658"},{"taxonomy":"product_tag","embeddable":true,"href":"https:\/\/stylingagenten.com\/da\/wp-json\/wp\/v2\/product_tag?post=141658"},{"taxonomy":"berocket_brand","embeddable":true,"href":"https:\/\/stylingagenten.com\/da\/wp-json\/wp\/v2\/berocket_brand?post=141658"}],"curies":[{"name":"wp","href":"https:\/\/api.w.org\/{rel}","templated":true}]}}