{"id":141657,"date":"2025-05-18T23:11:26","date_gmt":"2025-05-18T23:11:26","guid":{"rendered":"https:\/\/staging2.stylingagenten.com\/da\/produkt\/wella-professionals-oil-reflections-luminous-reveal-shampoo-250ml\/"},"modified":"2026-03-13T14:43:40","modified_gmt":"2026-03-13T14:43:40","slug":"wella-professionals-oil-reflections-luminous-reveal-shampoo-250ml","status":"publish","type":"product","link":"https:\/\/stylingagenten.com\/da\/produkt\/wella-professionals-oil-reflections-luminous-reveal-shampoo-250ml\/","title":{"rendered":"Wella Professionals Oil Reflections Luminous Reveal Shampoo 250ml"},"content":{"rendered":"<p>Wella Professionals Oil Reflections Luminous Reveal Shampoo er en h\u00e5rrens, der er designet til at rense h\u00e5ret i dybden med en str\u00e5lende effekt. Denne professionelle shampoo renser ikke kun h\u00e5ret og hovedbunden intensivt, men holder ogs\u00e5 h\u00e5ret fugtet. Den lette formel i denne Oil Reflections-shampoo giver ogs\u00e5 h\u00e5ret en fantastisk glans. Passer til alle h\u00e5rtyper, brug sammen med Wella Professionals Oil Reflections Luminous Reveal Conditioner for bedst resultat. Din rutine til at glatte t\u00f8rt og kedeligt h\u00e5r.<\/p>\n<p>250ml<\/p>\n","protected":false},"excerpt":{"rendered":"<p>Wella Professionals Oil Reflections Luminous Reveal Shampoo er en h\u00e5rrens, der er designet til at rense h\u00e5ret i dybden med en str\u00e5lende effekt. Denne professionelle shampoo renser ikke kun h\u00e5ret og hovedbunden intensivt, men holder ogs\u00e5 h\u00e5ret fugtet. Den lette formel i denne Oil Reflections-shampoo giver ogs\u00e5 h\u00e5ret en fantastisk glans. Passer til alle h\u00e5rtyper, [&hellip;]<\/p>\n","protected":false},"featured_media":141619,"comment_status":"open","ping_status":"closed","template":"","meta":{"_trash_the_other_posts":false},"product_brand":[],"product_cat":[563],"product_tag":[],"berocket_brand":[1030],"class_list":{"0":"post-141657","1":"product","2":"type-product","3":"status-publish","4":"has-post-thumbnail","6":"product_cat-shampoo","7":"pa_brand-wella","8":"berocket_brand-wella","10":"first","11":"instock","12":"sale","13":"taxable","14":"shipping-taxable","15":"purchasable","16":"product-type-simple"},"_links":{"self":[{"href":"https:\/\/stylingagenten.com\/da\/wp-json\/wp\/v2\/product\/141657","targetHints":{"allow":["GET"]}}],"collection":[{"href":"https:\/\/stylingagenten.com\/da\/wp-json\/wp\/v2\/product"}],"about":[{"href":"https:\/\/stylingagenten.com\/da\/wp-json\/wp\/v2\/types\/product"}],"replies":[{"embeddable":true,"href":"https:\/\/stylingagenten.com\/da\/wp-json\/wp\/v2\/comments?post=141657"}],"version-history":[{"count":0,"href":"https:\/\/stylingagenten.com\/da\/wp-json\/wp\/v2\/product\/141657\/revisions"}],"wp:featuredmedia":[{"embeddable":true,"href":"https:\/\/stylingagenten.com\/da\/wp-json\/wp\/v2\/media\/141619"}],"wp:attachment":[{"href":"https:\/\/stylingagenten.com\/da\/wp-json\/wp\/v2\/media?parent=141657"}],"wp:term":[{"taxonomy":"product_brand","embeddable":true,"href":"https:\/\/stylingagenten.com\/da\/wp-json\/wp\/v2\/product_brand?post=141657"},{"taxonomy":"product_cat","embeddable":true,"href":"https:\/\/stylingagenten.com\/da\/wp-json\/wp\/v2\/product_cat?post=141657"},{"taxonomy":"product_tag","embeddable":true,"href":"https:\/\/stylingagenten.com\/da\/wp-json\/wp\/v2\/product_tag?post=141657"},{"taxonomy":"berocket_brand","embeddable":true,"href":"https:\/\/stylingagenten.com\/da\/wp-json\/wp\/v2\/berocket_brand?post=141657"}],"curies":[{"name":"wp","href":"https:\/\/api.w.org\/{rel}","templated":true}]}}