{"id":141647,"date":"2025-05-18T23:11:25","date_gmt":"2025-05-18T23:11:25","guid":{"rendered":"https:\/\/staging2.stylingagenten.com\/da\/produkt\/wella-professionals-fusion-intense-repair-shampoo-250ml\/"},"modified":"2026-03-13T14:43:33","modified_gmt":"2026-03-13T14:43:33","slug":"wella-professionals-fusion-intense-repair-shampoo-250ml","status":"publish","type":"product","link":"https:\/\/stylingagenten.com\/da\/produkt\/wella-professionals-fusion-intense-repair-shampoo-250ml\/","title":{"rendered":"Wella Professionals Fusion Intense Repair Shampoo 250ml"},"content":{"rendered":"<p>Wella Professionals Fusion Intense Repair Shampoo er en h\u00e5rrens til skadet h\u00e5r, specielt udviklet til at \u00f8ge h\u00e5rets modstandsdygtighed. Denne professionelle shampoo til skadet h\u00e5r indeholder silkeaminosyrer og intensivt pleiende ingredienser, der hj\u00e6lper med at reparere h\u00e5ret, samtidig med at det holdes rent og plejet. Denne shampoo hj\u00e6lper ogs\u00e5 med at beskytte h\u00e5ret \u00f8jeblikkeligt mod brudte h\u00e5rstr\u00e5 for\u00e5rsaget af kamning eller mekaniske skader. Din rutine til \u00f8jeblikkelig reparation af skadet h\u00e5r.<\/p>\n<p>250ml<\/p>\n","protected":false},"excerpt":{"rendered":"<p>Wella Professionals Fusion Intense Repair Shampoo er en h\u00e5rrens til skadet h\u00e5r, specielt udviklet til at \u00f8ge h\u00e5rets modstandsdygtighed. Denne professionelle shampoo til skadet h\u00e5r indeholder silkeaminosyrer og intensivt pleiende ingredienser, der hj\u00e6lper med at reparere h\u00e5ret, samtidig med at det holdes rent og plejet. Denne shampoo hj\u00e6lper ogs\u00e5 med at beskytte h\u00e5ret \u00f8jeblikkeligt mod [&hellip;]<\/p>\n","protected":false},"featured_media":141613,"comment_status":"open","ping_status":"closed","template":"","meta":{"_trash_the_other_posts":false},"product_brand":[],"product_cat":[563],"product_tag":[],"berocket_brand":[1030],"class_list":{"0":"post-141647","1":"product","2":"type-product","3":"status-publish","4":"has-post-thumbnail","6":"product_cat-shampoo","7":"pa_brand-wella","8":"berocket_brand-wella","10":"first","11":"instock","12":"sale","13":"taxable","14":"shipping-taxable","15":"purchasable","16":"product-type-simple"},"_links":{"self":[{"href":"https:\/\/stylingagenten.com\/da\/wp-json\/wp\/v2\/product\/141647","targetHints":{"allow":["GET"]}}],"collection":[{"href":"https:\/\/stylingagenten.com\/da\/wp-json\/wp\/v2\/product"}],"about":[{"href":"https:\/\/stylingagenten.com\/da\/wp-json\/wp\/v2\/types\/product"}],"replies":[{"embeddable":true,"href":"https:\/\/stylingagenten.com\/da\/wp-json\/wp\/v2\/comments?post=141647"}],"version-history":[{"count":0,"href":"https:\/\/stylingagenten.com\/da\/wp-json\/wp\/v2\/product\/141647\/revisions"}],"wp:featuredmedia":[{"embeddable":true,"href":"https:\/\/stylingagenten.com\/da\/wp-json\/wp\/v2\/media\/141613"}],"wp:attachment":[{"href":"https:\/\/stylingagenten.com\/da\/wp-json\/wp\/v2\/media?parent=141647"}],"wp:term":[{"taxonomy":"product_brand","embeddable":true,"href":"https:\/\/stylingagenten.com\/da\/wp-json\/wp\/v2\/product_brand?post=141647"},{"taxonomy":"product_cat","embeddable":true,"href":"https:\/\/stylingagenten.com\/da\/wp-json\/wp\/v2\/product_cat?post=141647"},{"taxonomy":"product_tag","embeddable":true,"href":"https:\/\/stylingagenten.com\/da\/wp-json\/wp\/v2\/product_tag?post=141647"},{"taxonomy":"berocket_brand","embeddable":true,"href":"https:\/\/stylingagenten.com\/da\/wp-json\/wp\/v2\/berocket_brand?post=141647"}],"curies":[{"name":"wp","href":"https:\/\/api.w.org\/{rel}","templated":true}]}}