{"id":141608,"date":"2025-05-18T23:11:19","date_gmt":"2025-05-18T23:11:19","guid":{"rendered":"https:\/\/staging2.stylingagenten.com\/da\/produkt\/ref-cool-silver-shampoo-1000ml\/"},"modified":"2026-03-11T22:00:47","modified_gmt":"2026-03-11T22:00:47","slug":"ref-cool-silver-shampoo-1000ml","status":"publish","type":"product","link":"https:\/\/stylingagenten.com\/da\/produkt\/ref-cool-silver-shampoo-1000ml\/","title":{"rendered":"REF Cool Silver Shampoo 1000ml"},"content":{"rendered":"<p>REF Cool Silver Shampoo er en sulfatfri shampoo med botaniske ekstrakter samt bl\u00e5 og violette pigmenter, specielt udvalgt til at beskytte, styrke og neutralisere u\u00f8nskede varme toner. Toner sk\u00e5nsomt lysnet, solbleget h\u00e5r og beskytter farven mod at falme. Giver en s\u00f8lvfarvet tone til gr\u00e5t h\u00e5r.<\/p>\n<p>1000ml<\/p>\n","protected":false},"excerpt":{"rendered":"<p>REF Cool Silver Shampoo er en sulfatfri shampoo med botaniske ekstrakter samt bl\u00e5 og violette pigmenter, specielt udvalgt til at beskytte, styrke og neutralisere u\u00f8nskede varme toner. Toner sk\u00e5nsomt lysnet, solbleget h\u00e5r og beskytter farven mod at falme. Giver en s\u00f8lvfarvet tone til gr\u00e5t h\u00e5r. 1000ml<\/p>\n","protected":false},"featured_media":141606,"comment_status":"open","ping_status":"closed","template":"","meta":{"_trash_the_other_posts":false},"product_brand":[],"product_cat":[563],"product_tag":[3870],"berocket_brand":[1209],"class_list":{"0":"post-141608","1":"product","2":"type-product","3":"status-publish","4":"has-post-thumbnail","6":"product_cat-shampoo","7":"product_tag-ref-cool-silver-shampoo","8":"pa_brand-ref","9":"pa_variant-1000ml","10":"berocket_brand-ref","12":"first","13":"instock","14":"sale","15":"taxable","16":"shipping-taxable","17":"purchasable","18":"product-type-simple"},"_links":{"self":[{"href":"https:\/\/stylingagenten.com\/da\/wp-json\/wp\/v2\/product\/141608","targetHints":{"allow":["GET"]}}],"collection":[{"href":"https:\/\/stylingagenten.com\/da\/wp-json\/wp\/v2\/product"}],"about":[{"href":"https:\/\/stylingagenten.com\/da\/wp-json\/wp\/v2\/types\/product"}],"replies":[{"embeddable":true,"href":"https:\/\/stylingagenten.com\/da\/wp-json\/wp\/v2\/comments?post=141608"}],"version-history":[{"count":0,"href":"https:\/\/stylingagenten.com\/da\/wp-json\/wp\/v2\/product\/141608\/revisions"}],"wp:featuredmedia":[{"embeddable":true,"href":"https:\/\/stylingagenten.com\/da\/wp-json\/wp\/v2\/media\/141606"}],"wp:attachment":[{"href":"https:\/\/stylingagenten.com\/da\/wp-json\/wp\/v2\/media?parent=141608"}],"wp:term":[{"taxonomy":"product_brand","embeddable":true,"href":"https:\/\/stylingagenten.com\/da\/wp-json\/wp\/v2\/product_brand?post=141608"},{"taxonomy":"product_cat","embeddable":true,"href":"https:\/\/stylingagenten.com\/da\/wp-json\/wp\/v2\/product_cat?post=141608"},{"taxonomy":"product_tag","embeddable":true,"href":"https:\/\/stylingagenten.com\/da\/wp-json\/wp\/v2\/product_tag?post=141608"},{"taxonomy":"berocket_brand","embeddable":true,"href":"https:\/\/stylingagenten.com\/da\/wp-json\/wp\/v2\/berocket_brand?post=141608"}],"curies":[{"name":"wp","href":"https:\/\/api.w.org\/{rel}","templated":true}]}}