{"id":141579,"date":"2025-05-18T23:11:12","date_gmt":"2025-05-18T23:11:12","guid":{"rendered":"https:\/\/staging2.stylingagenten.com\/da\/produkt\/paul-mitchell-tea-tree-wave-refresher-spray-125ml\/"},"modified":"2026-03-11T21:50:26","modified_gmt":"2026-03-11T21:50:26","slug":"paul-mitchell-tea-tree-wave-refresher-spray-125ml","status":"publish","type":"product","link":"https:\/\/stylingagenten.com\/da\/produkt\/paul-mitchell-tea-tree-wave-refresher-spray-125ml\/","title":{"rendered":"Paul Mitchell Tea Tree Wave Refresher Spray 125ml"},"content":{"rendered":"<p>Nyd en hav-inspireret stylingoplevelse med Paul Mitchell Tea Tree Wave Refresher Spray. Opfrisk og definer g\u00e5rsdagens strandb\u00f8lger eller din naturlige h\u00e5rtekstur. Indeholder en unik blanding af tea tree olie, pebermynte og kokos for en plejende og forfriskende f\u00f8lelse for \u00f8rer og sind.<\/p>\n<p>Fri for parabener og gluten. Vegansk.<\/p>\n","protected":false},"excerpt":{"rendered":"<p>Nyd en hav-inspireret stylingoplevelse med Paul Mitchell Tea Tree Wave Refresher Spray. Opfrisk og definer g\u00e5rsdagens strandb\u00f8lger eller din naturlige h\u00e5rtekstur. Indeholder en unik blanding af tea tree olie, pebermynte og kokos for en plejende og forfriskende f\u00f8lelse for \u00f8rer og sind. Fri for parabener og gluten. Vegansk.<\/p>\n","protected":false},"featured_media":141574,"comment_status":"open","ping_status":"closed","template":"","meta":{"_trash_the_other_posts":false},"product_brand":[],"product_cat":[603],"product_tag":[],"berocket_brand":[1053],"class_list":{"0":"post-141579","1":"product","2":"type-product","3":"status-publish","4":"has-post-thumbnail","6":"product_cat-saltvandsspray","7":"pa_brand-paul-mitchell","8":"berocket_brand-paul-mitchell","10":"first","11":"outofstock","12":"sale","13":"taxable","14":"shipping-taxable","15":"purchasable","16":"product-type-simple"},"_links":{"self":[{"href":"https:\/\/stylingagenten.com\/da\/wp-json\/wp\/v2\/product\/141579","targetHints":{"allow":["GET"]}}],"collection":[{"href":"https:\/\/stylingagenten.com\/da\/wp-json\/wp\/v2\/product"}],"about":[{"href":"https:\/\/stylingagenten.com\/da\/wp-json\/wp\/v2\/types\/product"}],"replies":[{"embeddable":true,"href":"https:\/\/stylingagenten.com\/da\/wp-json\/wp\/v2\/comments?post=141579"}],"version-history":[{"count":0,"href":"https:\/\/stylingagenten.com\/da\/wp-json\/wp\/v2\/product\/141579\/revisions"}],"wp:featuredmedia":[{"embeddable":true,"href":"https:\/\/stylingagenten.com\/da\/wp-json\/wp\/v2\/media\/141574"}],"wp:attachment":[{"href":"https:\/\/stylingagenten.com\/da\/wp-json\/wp\/v2\/media?parent=141579"}],"wp:term":[{"taxonomy":"product_brand","embeddable":true,"href":"https:\/\/stylingagenten.com\/da\/wp-json\/wp\/v2\/product_brand?post=141579"},{"taxonomy":"product_cat","embeddable":true,"href":"https:\/\/stylingagenten.com\/da\/wp-json\/wp\/v2\/product_cat?post=141579"},{"taxonomy":"product_tag","embeddable":true,"href":"https:\/\/stylingagenten.com\/da\/wp-json\/wp\/v2\/product_tag?post=141579"},{"taxonomy":"berocket_brand","embeddable":true,"href":"https:\/\/stylingagenten.com\/da\/wp-json\/wp\/v2\/berocket_brand?post=141579"}],"curies":[{"name":"wp","href":"https:\/\/api.w.org\/{rel}","templated":true}]}}