{"id":141549,"date":"2025-05-18T23:11:04","date_gmt":"2025-05-18T23:11:04","guid":{"rendered":"https:\/\/staging2.stylingagenten.com\/da\/produkt\/sachajuan-ocean-mist-50ml\/"},"modified":"2026-03-11T21:50:04","modified_gmt":"2026-03-11T21:50:04","slug":"sachajuan-ocean-mist-50ml","status":"publish","type":"product","link":"https:\/\/stylingagenten.com\/da\/produkt\/sachajuan-ocean-mist-50ml\/","title":{"rendered":"SACHAJUAN Ocean Mist 50ml"},"content":{"rendered":"<p>SACHAJUAN giver h\u00e5ret en dejlig sommerf\u00f8lelse. H\u00e5ret f\u00e5r en naturlig struktur og volumen, som om du var p\u00e5 stranden, solbadede og sv\u00f8mmede hele dagen. P\u00e5f\u00f8r i fugtigt eller t\u00f8rt h\u00e5r.<\/p>\n<p>50 ml<\/p>\n","protected":false},"excerpt":{"rendered":"<p>SACHAJUAN giver h\u00e5ret en dejlig sommerf\u00f8lelse. H\u00e5ret f\u00e5r en naturlig struktur og volumen, som om du var p\u00e5 stranden, solbadede og sv\u00f8mmede hele dagen. P\u00e5f\u00f8r i fugtigt eller t\u00f8rt h\u00e5r. 50 ml<\/p>\n","protected":false},"featured_media":141547,"comment_status":"open","ping_status":"closed","template":"","meta":{"_trash_the_other_posts":false},"product_brand":[],"product_cat":[603],"product_tag":[3956],"berocket_brand":[1409],"class_list":{"0":"post-141549","1":"product","2":"type-product","3":"status-publish","4":"has-post-thumbnail","6":"product_cat-saltvandsspray","7":"product_tag-sachajuan-ocean-mist","8":"pa_brand-sachajuan","9":"pa_variant-50ml","10":"berocket_brand-sachajuan","12":"first","13":"instock","14":"sale","15":"taxable","16":"shipping-taxable","17":"purchasable","18":"product-type-simple"},"_links":{"self":[{"href":"https:\/\/stylingagenten.com\/da\/wp-json\/wp\/v2\/product\/141549","targetHints":{"allow":["GET"]}}],"collection":[{"href":"https:\/\/stylingagenten.com\/da\/wp-json\/wp\/v2\/product"}],"about":[{"href":"https:\/\/stylingagenten.com\/da\/wp-json\/wp\/v2\/types\/product"}],"replies":[{"embeddable":true,"href":"https:\/\/stylingagenten.com\/da\/wp-json\/wp\/v2\/comments?post=141549"}],"version-history":[{"count":0,"href":"https:\/\/stylingagenten.com\/da\/wp-json\/wp\/v2\/product\/141549\/revisions"}],"wp:featuredmedia":[{"embeddable":true,"href":"https:\/\/stylingagenten.com\/da\/wp-json\/wp\/v2\/media\/141547"}],"wp:attachment":[{"href":"https:\/\/stylingagenten.com\/da\/wp-json\/wp\/v2\/media?parent=141549"}],"wp:term":[{"taxonomy":"product_brand","embeddable":true,"href":"https:\/\/stylingagenten.com\/da\/wp-json\/wp\/v2\/product_brand?post=141549"},{"taxonomy":"product_cat","embeddable":true,"href":"https:\/\/stylingagenten.com\/da\/wp-json\/wp\/v2\/product_cat?post=141549"},{"taxonomy":"product_tag","embeddable":true,"href":"https:\/\/stylingagenten.com\/da\/wp-json\/wp\/v2\/product_tag?post=141549"},{"taxonomy":"berocket_brand","embeddable":true,"href":"https:\/\/stylingagenten.com\/da\/wp-json\/wp\/v2\/berocket_brand?post=141549"}],"curies":[{"name":"wp","href":"https:\/\/api.w.org\/{rel}","templated":true}]}}