{"id":141407,"date":"2025-05-18T23:10:34","date_gmt":"2025-05-18T23:10:34","guid":{"rendered":"https:\/\/staging2.stylingagenten.com\/da\/produkt\/max-factor-creme-puff-matte-blush-55-stunning-sienna\/"},"modified":"2026-02-10T10:27:32","modified_gmt":"2026-02-10T10:27:32","slug":"max-factor-creme-puff-matte-blush-55-stunning-sienna","status":"publish","type":"product","link":"https:\/\/stylingagenten.com\/da\/produkt\/max-factor-creme-puff-matte-blush-55-stunning-sienna\/","title":{"rendered":"Max Factor Creme Puff Matte Blush &#8211; 55 Stunning Sienna"},"content":{"rendered":"<p>Svaret p\u00e5&aring; en naturlig, rosenr\u00f8d gl\u00e6de? Cr&egrave;me Puff Blush. Erhvervelse en frisk teint med et strejf af vores h\u00f8jpigmenterede, multi-tonede blush, der blander sig problemfrit med din hudtone. Find din nuance og byg farven op til et skulpturelt look eller en bl\u00f8d blush.<\/p>\n","protected":false},"excerpt":{"rendered":"<p>Svaret p\u00e5&aring; en naturlig, rosenr\u00f8d gl\u00e6de? Cr&egrave;me Puff Blush. Erhvervelse en frisk teint med et strejf af vores h\u00f8jpigmenterede, multi-tonede blush, der blander sig problemfrit med din hudtone. Find din nuance og byg farven op til et skulpturelt look eller en bl\u00f8d blush.<\/p>\n","protected":false},"featured_media":141399,"comment_status":"open","ping_status":"closed","template":"","meta":{"_trash_the_other_posts":false},"product_brand":[],"product_cat":[613],"product_tag":[3474],"berocket_brand":[1013],"class_list":{"0":"post-141407","1":"product","2":"type-product","3":"status-publish","4":"has-post-thumbnail","6":"product_cat-rouge","7":"product_tag-max-factor-creme-puff-matte-blush","8":"pa_brand-max-factor","9":"pa_variant-55-stunning-sienna","10":"berocket_brand-max-factor","12":"first","13":"instock","14":"sale","15":"taxable","16":"shipping-taxable","17":"purchasable","18":"product-type-simple"},"_links":{"self":[{"href":"https:\/\/stylingagenten.com\/da\/wp-json\/wp\/v2\/product\/141407","targetHints":{"allow":["GET"]}}],"collection":[{"href":"https:\/\/stylingagenten.com\/da\/wp-json\/wp\/v2\/product"}],"about":[{"href":"https:\/\/stylingagenten.com\/da\/wp-json\/wp\/v2\/types\/product"}],"replies":[{"embeddable":true,"href":"https:\/\/stylingagenten.com\/da\/wp-json\/wp\/v2\/comments?post=141407"}],"version-history":[{"count":0,"href":"https:\/\/stylingagenten.com\/da\/wp-json\/wp\/v2\/product\/141407\/revisions"}],"wp:featuredmedia":[{"embeddable":true,"href":"https:\/\/stylingagenten.com\/da\/wp-json\/wp\/v2\/media\/141399"}],"wp:attachment":[{"href":"https:\/\/stylingagenten.com\/da\/wp-json\/wp\/v2\/media?parent=141407"}],"wp:term":[{"taxonomy":"product_brand","embeddable":true,"href":"https:\/\/stylingagenten.com\/da\/wp-json\/wp\/v2\/product_brand?post=141407"},{"taxonomy":"product_cat","embeddable":true,"href":"https:\/\/stylingagenten.com\/da\/wp-json\/wp\/v2\/product_cat?post=141407"},{"taxonomy":"product_tag","embeddable":true,"href":"https:\/\/stylingagenten.com\/da\/wp-json\/wp\/v2\/product_tag?post=141407"},{"taxonomy":"berocket_brand","embeddable":true,"href":"https:\/\/stylingagenten.com\/da\/wp-json\/wp\/v2\/berocket_brand?post=141407"}],"curies":[{"name":"wp","href":"https:\/\/api.w.org\/{rel}","templated":true}]}}