{"id":141402,"date":"2025-05-18T23:10:33","date_gmt":"2025-05-18T23:10:33","guid":{"rendered":"https:\/\/staging2.stylingagenten.com\/da\/produkt\/max-factor-creme-puff-matte-blush-25-alluring-rose\/"},"modified":"2026-04-13T08:29:02","modified_gmt":"2026-04-13T08:29:02","slug":"max-factor-creme-puff-matte-blush-25-alluring-rose","status":"publish","type":"product","link":"https:\/\/stylingagenten.com\/da\/produkt\/max-factor-creme-puff-matte-blush-25-alluring-rose\/","title":{"rendered":"Max Factor Creme Puff Matte Blush &#8211; 25 Alluring Rose"},"content":{"rendered":"<p>Svaret p\u00e5&aring; en naturlig, rosenr\u00f8d gl\u00e6de? Cr&egrave;me Puff Blush. Erhvervelse en frisk teint med et strejf af vores h\u00f8jpigmenterede, multi-tonede blush, der blander sig problemfrit med din hudtone. Find din nuance og byg farven op til et skulpturelt look eller en bl\u00f8d blush.<\/p>\n","protected":false},"excerpt":{"rendered":"<p>Svaret p\u00e5&aring; en naturlig, rosenr\u00f8d gl\u00e6de? Cr&egrave;me Puff Blush. Erhvervelse en frisk teint med et strejf af vores h\u00f8jpigmenterede, multi-tonede blush, der blander sig problemfrit med din hudtone. Find din nuance og byg farven op til et skulpturelt look eller en bl\u00f8d blush.<\/p>\n","protected":false},"featured_media":141395,"comment_status":"open","ping_status":"closed","template":"","meta":{"_trash_the_other_posts":false},"product_brand":[],"product_cat":[1003,613],"product_tag":[3474],"berocket_brand":[1013],"class_list":{"0":"post-141402","1":"product","2":"type-product","3":"status-publish","4":"has-post-thumbnail","6":"product_cat-bestsellere","7":"product_cat-rouge","8":"product_tag-max-factor-creme-puff-matte-blush","9":"pa_brand-max-factor","10":"pa_variant-25-alluring-ros","11":"berocket_brand-max-factor","13":"first","14":"instock","15":"sale","16":"taxable","17":"shipping-taxable","18":"purchasable","19":"product-type-simple"},"_links":{"self":[{"href":"https:\/\/stylingagenten.com\/da\/wp-json\/wp\/v2\/product\/141402","targetHints":{"allow":["GET"]}}],"collection":[{"href":"https:\/\/stylingagenten.com\/da\/wp-json\/wp\/v2\/product"}],"about":[{"href":"https:\/\/stylingagenten.com\/da\/wp-json\/wp\/v2\/types\/product"}],"replies":[{"embeddable":true,"href":"https:\/\/stylingagenten.com\/da\/wp-json\/wp\/v2\/comments?post=141402"}],"version-history":[{"count":0,"href":"https:\/\/stylingagenten.com\/da\/wp-json\/wp\/v2\/product\/141402\/revisions"}],"wp:featuredmedia":[{"embeddable":true,"href":"https:\/\/stylingagenten.com\/da\/wp-json\/wp\/v2\/media\/141395"}],"wp:attachment":[{"href":"https:\/\/stylingagenten.com\/da\/wp-json\/wp\/v2\/media?parent=141402"}],"wp:term":[{"taxonomy":"product_brand","embeddable":true,"href":"https:\/\/stylingagenten.com\/da\/wp-json\/wp\/v2\/product_brand?post=141402"},{"taxonomy":"product_cat","embeddable":true,"href":"https:\/\/stylingagenten.com\/da\/wp-json\/wp\/v2\/product_cat?post=141402"},{"taxonomy":"product_tag","embeddable":true,"href":"https:\/\/stylingagenten.com\/da\/wp-json\/wp\/v2\/product_tag?post=141402"},{"taxonomy":"berocket_brand","embeddable":true,"href":"https:\/\/stylingagenten.com\/da\/wp-json\/wp\/v2\/berocket_brand?post=141402"}],"curies":[{"name":"wp","href":"https:\/\/api.w.org\/{rel}","templated":true}]}}