{"id":141367,"date":"2025-05-18T23:10:26","date_gmt":"2025-05-18T23:10:26","guid":{"rendered":"https:\/\/staging2.stylingagenten.com\/da\/produkt\/beauty-uk-sweet-cheeks-no-5-raspberry-ripple-6g\/"},"modified":"2026-03-17T07:57:37","modified_gmt":"2026-03-17T07:57:37","slug":"beauty-uk-sweet-cheeks-no-5-raspberry-ripple-6g","status":"publish","type":"product","link":"https:\/\/stylingagenten.com\/da\/produkt\/beauty-uk-sweet-cheeks-no-5-raspberry-ripple-6g\/","title":{"rendered":"Beauty UK Sweet Cheeks No.5 Raspberry Ripple 6g"},"content":{"rendered":"<p>Beauty UK Sweet Cheeks No.5 Raspberry Ripple er en cremet blush, der giver \u00f8jeblikkelig gl\u00f8d og en fantastisk naturlig farve til kinderne. Blushen kommer i et praktisk l\u00e6bestiftformat, der g\u00f8r det nemt at tage den med overalt.<\/p>\n<p>Sweet Cheeks No.5 Raspberry Ripple<\/p>\n","protected":false},"excerpt":{"rendered":"<p>Beauty UK Sweet Cheeks No.5 Raspberry Ripple er en cremet blush, der giver \u00f8jeblikkelig gl\u00f8d og en fantastisk naturlig farve til kinderne. Blushen kommer i et praktisk l\u00e6bestiftformat, der g\u00f8r det nemt at tage den med overalt. Sweet Cheeks No.5 Raspberry Ripple<\/p>\n","protected":false},"featured_media":141365,"comment_status":"open","ping_status":"closed","template":"","meta":{"_trash_the_other_posts":false},"product_brand":[],"product_cat":[613],"product_tag":[2524],"berocket_brand":[1059],"class_list":{"0":"post-141367","1":"product","2":"type-product","3":"status-publish","4":"has-post-thumbnail","6":"product_cat-rouge","7":"product_tag-beauty-uk-sweet-cheeks-6g","8":"pa_brand-beautyuk","9":"pa_variant-no-5-raspberry-ripple","10":"berocket_brand-beautyuk","12":"first","13":"instock","14":"sale","15":"taxable","16":"shipping-taxable","17":"purchasable","18":"product-type-simple"},"_links":{"self":[{"href":"https:\/\/stylingagenten.com\/da\/wp-json\/wp\/v2\/product\/141367","targetHints":{"allow":["GET"]}}],"collection":[{"href":"https:\/\/stylingagenten.com\/da\/wp-json\/wp\/v2\/product"}],"about":[{"href":"https:\/\/stylingagenten.com\/da\/wp-json\/wp\/v2\/types\/product"}],"replies":[{"embeddable":true,"href":"https:\/\/stylingagenten.com\/da\/wp-json\/wp\/v2\/comments?post=141367"}],"version-history":[{"count":0,"href":"https:\/\/stylingagenten.com\/da\/wp-json\/wp\/v2\/product\/141367\/revisions"}],"wp:featuredmedia":[{"embeddable":true,"href":"https:\/\/stylingagenten.com\/da\/wp-json\/wp\/v2\/media\/141365"}],"wp:attachment":[{"href":"https:\/\/stylingagenten.com\/da\/wp-json\/wp\/v2\/media?parent=141367"}],"wp:term":[{"taxonomy":"product_brand","embeddable":true,"href":"https:\/\/stylingagenten.com\/da\/wp-json\/wp\/v2\/product_brand?post=141367"},{"taxonomy":"product_cat","embeddable":true,"href":"https:\/\/stylingagenten.com\/da\/wp-json\/wp\/v2\/product_cat?post=141367"},{"taxonomy":"product_tag","embeddable":true,"href":"https:\/\/stylingagenten.com\/da\/wp-json\/wp\/v2\/product_tag?post=141367"},{"taxonomy":"berocket_brand","embeddable":true,"href":"https:\/\/stylingagenten.com\/da\/wp-json\/wp\/v2\/berocket_brand?post=141367"}],"curies":[{"name":"wp","href":"https:\/\/api.w.org\/{rel}","templated":true}]}}