{"id":141351,"date":"2025-05-18T23:10:22","date_gmt":"2025-05-18T23:10:22","guid":{"rendered":"https:\/\/staging2.stylingagenten.com\/da\/produkt\/max-factor-powder-blush-15-seductive-pink\/"},"modified":"2026-04-07T08:39:35","modified_gmt":"2026-04-07T08:39:35","slug":"max-factor-powder-blush-15-seductive-pink","status":"publish","type":"product","link":"https:\/\/stylingagenten.com\/da\/produkt\/max-factor-powder-blush-15-seductive-pink\/","title":{"rendered":"Max Factor Powder Blush 15 Seductive Pink"},"content":{"rendered":"<p>En fantastisk blush, der kombinerer flere nuancer og giver en naturlig, frisk og smuk gl\u00f8d til ansigtet. Blushen kan b\u00e5de bruges, n\u00e5r du \u00f8nsker en diskret effekt med et strejf af farve, men ogs\u00e5 n\u00e5r du \u00f8nsker et mere intenst makeup-look.<\/p>\n","protected":false},"excerpt":{"rendered":"<p>En fantastisk blush, der kombinerer flere nuancer og giver en naturlig, frisk og smuk gl\u00f8d til ansigtet. Blushen kan b\u00e5de bruges, n\u00e5r du \u00f8nsker en diskret effekt med et strejf af farve, men ogs\u00e5 n\u00e5r du \u00f8nsker et mere intenst makeup-look.<\/p>\n","protected":false},"featured_media":141349,"comment_status":"open","ping_status":"closed","template":"","meta":{"_trash_the_other_posts":false},"product_brand":[],"product_cat":[613],"product_tag":[3490],"berocket_brand":[1013],"class_list":{"0":"post-141351","1":"product","2":"type-product","3":"status-publish","4":"has-post-thumbnail","6":"product_cat-rouge","7":"product_tag-max-factor-powder-blush","8":"pa_brand-max-factor","9":"pa_variant-15-seductive-pink","10":"berocket_brand-max-factor","12":"first","13":"outofstock","14":"sale","15":"taxable","16":"shipping-taxable","17":"purchasable","18":"product-type-simple"},"_links":{"self":[{"href":"https:\/\/stylingagenten.com\/da\/wp-json\/wp\/v2\/product\/141351","targetHints":{"allow":["GET"]}}],"collection":[{"href":"https:\/\/stylingagenten.com\/da\/wp-json\/wp\/v2\/product"}],"about":[{"href":"https:\/\/stylingagenten.com\/da\/wp-json\/wp\/v2\/types\/product"}],"replies":[{"embeddable":true,"href":"https:\/\/stylingagenten.com\/da\/wp-json\/wp\/v2\/comments?post=141351"}],"version-history":[{"count":0,"href":"https:\/\/stylingagenten.com\/da\/wp-json\/wp\/v2\/product\/141351\/revisions"}],"wp:featuredmedia":[{"embeddable":true,"href":"https:\/\/stylingagenten.com\/da\/wp-json\/wp\/v2\/media\/141349"}],"wp:attachment":[{"href":"https:\/\/stylingagenten.com\/da\/wp-json\/wp\/v2\/media?parent=141351"}],"wp:term":[{"taxonomy":"product_brand","embeddable":true,"href":"https:\/\/stylingagenten.com\/da\/wp-json\/wp\/v2\/product_brand?post=141351"},{"taxonomy":"product_cat","embeddable":true,"href":"https:\/\/stylingagenten.com\/da\/wp-json\/wp\/v2\/product_cat?post=141351"},{"taxonomy":"product_tag","embeddable":true,"href":"https:\/\/stylingagenten.com\/da\/wp-json\/wp\/v2\/product_tag?post=141351"},{"taxonomy":"berocket_brand","embeddable":true,"href":"https:\/\/stylingagenten.com\/da\/wp-json\/wp\/v2\/berocket_brand?post=141351"}],"curies":[{"name":"wp","href":"https:\/\/api.w.org\/{rel}","templated":true}]}}