{"id":141317,"date":"2025-05-18T23:10:17","date_gmt":"2025-05-18T23:10:17","guid":{"rendered":"https:\/\/staging2.stylingagenten.com\/da\/produkt\/kokie-soft-gradient-blush-star-crossed\/"},"modified":"2026-04-04T18:58:45","modified_gmt":"2026-04-04T18:58:45","slug":"kokie-soft-gradient-blush-star-crossed","status":"publish","type":"product","link":"https:\/\/stylingagenten.com\/da\/produkt\/kokie-soft-gradient-blush-star-crossed\/","title":{"rendered":"Kokie Soft Gradient Blush &#8211; Star-Crossed"},"content":{"rendered":"<p>Hver af Kokies Soft Gradient Blushes har en ombre-effekt af farver, der blander sig sammen for en perfekt flatterende finish. Den pigmenterede formel er meget opbyggelig; som du kan opn\u00e5 alt fra en bl\u00f8d blush til et markant blush look. Vegansk og Curelty Free.<\/p>\n<p>F\u00e5s i 8 nuancer:<\/p>\n<p>Fr\u00e6kke &ndash; Lys fersken til lys pink<br \/>Bellisima &ndash; Mellem fersken til bl\u00f8d lilla<br \/>Hearththrob &ndash; Lyser\u00f8d til Lyser\u00f8d<br \/>Star-Crossed &ndash; Lyserosa til lavendel til solnedgangsfersken<br \/>M\u00f8rt &ndash; Lys mandarin til valmue&ouml;d<br \/>Swoon &ndash; Lys beige til glat beige<br \/>Tease &ndash; Bl\u00f8d pink til rig rose<br \/>Skylte &ndash; Lyslilla til s\u00f8d blomme<\/p>\n<p>9g<\/p>\n","protected":false},"excerpt":{"rendered":"<p>Hver af Kokies Soft Gradient Blushes har en ombre-effekt af farver, der blander sig sammen for en perfekt flatterende finish. Den pigmenterede formel er meget opbyggelig; som du kan opn\u00e5 alt fra en bl\u00f8d blush til et markant blush look. Vegansk og Curelty Free. F\u00e5s i 8 nuancer: Fr\u00e6kke &ndash; Lys fersken til lys pinkBellisima [&hellip;]<\/p>\n","protected":false},"featured_media":141309,"comment_status":"open","ping_status":"closed","template":"","meta":{"_trash_the_other_posts":false},"product_brand":[],"product_cat":[613],"product_tag":[3168],"berocket_brand":[1198],"class_list":{"0":"post-141317","1":"product","2":"type-product","3":"status-publish","4":"has-post-thumbnail","6":"product_cat-rouge","7":"product_tag-kokie-soft-gradient-blush","8":"pa_brand-kokie-cosmetics","9":"pa_variant-star-crossed","10":"berocket_brand-kokie-cosmetics","12":"first","13":"instock","14":"sale","15":"taxable","16":"shipping-taxable","17":"purchasable","18":"product-type-simple"},"_links":{"self":[{"href":"https:\/\/stylingagenten.com\/da\/wp-json\/wp\/v2\/product\/141317","targetHints":{"allow":["GET"]}}],"collection":[{"href":"https:\/\/stylingagenten.com\/da\/wp-json\/wp\/v2\/product"}],"about":[{"href":"https:\/\/stylingagenten.com\/da\/wp-json\/wp\/v2\/types\/product"}],"replies":[{"embeddable":true,"href":"https:\/\/stylingagenten.com\/da\/wp-json\/wp\/v2\/comments?post=141317"}],"version-history":[{"count":0,"href":"https:\/\/stylingagenten.com\/da\/wp-json\/wp\/v2\/product\/141317\/revisions"}],"wp:featuredmedia":[{"embeddable":true,"href":"https:\/\/stylingagenten.com\/da\/wp-json\/wp\/v2\/media\/141309"}],"wp:attachment":[{"href":"https:\/\/stylingagenten.com\/da\/wp-json\/wp\/v2\/media?parent=141317"}],"wp:term":[{"taxonomy":"product_brand","embeddable":true,"href":"https:\/\/stylingagenten.com\/da\/wp-json\/wp\/v2\/product_brand?post=141317"},{"taxonomy":"product_cat","embeddable":true,"href":"https:\/\/stylingagenten.com\/da\/wp-json\/wp\/v2\/product_cat?post=141317"},{"taxonomy":"product_tag","embeddable":true,"href":"https:\/\/stylingagenten.com\/da\/wp-json\/wp\/v2\/product_tag?post=141317"},{"taxonomy":"berocket_brand","embeddable":true,"href":"https:\/\/stylingagenten.com\/da\/wp-json\/wp\/v2\/berocket_brand?post=141317"}],"curies":[{"name":"wp","href":"https:\/\/api.w.org\/{rel}","templated":true}]}}