{"id":141306,"date":"2025-05-18T23:10:14","date_gmt":"2025-05-18T23:10:14","guid":{"rendered":"https:\/\/staging2.stylingagenten.com\/da\/produkt\/make-up-store-blush-apricot-sorbet\/"},"modified":"2025-11-19T11:54:39","modified_gmt":"2025-11-19T11:54:39","slug":"make-up-store-blush-apricot-sorbet","status":"publish","type":"product","link":"https:\/\/stylingagenten.com\/da\/produkt\/make-up-store-blush-apricot-sorbet\/","title":{"rendered":"Make Up Store Blush Apricot Sorbet"},"content":{"rendered":"<p>En eksklusiv blush til at fremh\u00e6ve kindbenene p\u00e5 en naturlig m\u00e5de med en bl\u00f8d gl\u00f8d. P\u00e5f\u00f8r over foundation, pudder eller fugtighedscreme.<\/p>\n","protected":false},"excerpt":{"rendered":"<p>En eksklusiv blush til at fremh\u00e6ve kindbenene p\u00e5 en naturlig m\u00e5de med en bl\u00f8d gl\u00f8d. P\u00e5f\u00f8r over foundation, pudder eller fugtighedscreme.<\/p>\n","protected":false},"featured_media":141305,"comment_status":"open","ping_status":"closed","template":"","meta":{"_trash_the_other_posts":false},"product_brand":[],"product_cat":[613],"product_tag":[],"berocket_brand":[1271],"class_list":{"0":"post-141306","1":"product","2":"type-product","3":"status-publish","4":"has-post-thumbnail","6":"product_cat-rouge","7":"pa_brand-make-up-store","8":"berocket_brand-make-up-store","10":"first","11":"outofstock","12":"sale","13":"taxable","14":"shipping-taxable","15":"purchasable","16":"product-type-simple"},"_links":{"self":[{"href":"https:\/\/stylingagenten.com\/da\/wp-json\/wp\/v2\/product\/141306","targetHints":{"allow":["GET"]}}],"collection":[{"href":"https:\/\/stylingagenten.com\/da\/wp-json\/wp\/v2\/product"}],"about":[{"href":"https:\/\/stylingagenten.com\/da\/wp-json\/wp\/v2\/types\/product"}],"replies":[{"embeddable":true,"href":"https:\/\/stylingagenten.com\/da\/wp-json\/wp\/v2\/comments?post=141306"}],"version-history":[{"count":0,"href":"https:\/\/stylingagenten.com\/da\/wp-json\/wp\/v2\/product\/141306\/revisions"}],"wp:featuredmedia":[{"embeddable":true,"href":"https:\/\/stylingagenten.com\/da\/wp-json\/wp\/v2\/media\/141305"}],"wp:attachment":[{"href":"https:\/\/stylingagenten.com\/da\/wp-json\/wp\/v2\/media?parent=141306"}],"wp:term":[{"taxonomy":"product_brand","embeddable":true,"href":"https:\/\/stylingagenten.com\/da\/wp-json\/wp\/v2\/product_brand?post=141306"},{"taxonomy":"product_cat","embeddable":true,"href":"https:\/\/stylingagenten.com\/da\/wp-json\/wp\/v2\/product_cat?post=141306"},{"taxonomy":"product_tag","embeddable":true,"href":"https:\/\/stylingagenten.com\/da\/wp-json\/wp\/v2\/product_tag?post=141306"},{"taxonomy":"berocket_brand","embeddable":true,"href":"https:\/\/stylingagenten.com\/da\/wp-json\/wp\/v2\/berocket_brand?post=141306"}],"curies":[{"name":"wp","href":"https:\/\/api.w.org\/{rel}","templated":true}]}}