{"id":141243,"date":"2025-05-18T23:09:59","date_gmt":"2025-05-18T23:09:59","guid":{"rendered":"https:\/\/staging2.stylingagenten.com\/da\/produkt\/bareminerals-gen-nude-powder-blush-peachy-keen\/"},"modified":"2026-03-24T20:07:31","modified_gmt":"2026-03-24T20:07:31","slug":"bareminerals-gen-nude-powder-blush-peachy-keen","status":"publish","type":"product","link":"https:\/\/stylingagenten.com\/da\/produkt\/bareminerals-gen-nude-powder-blush-peachy-keen\/","title":{"rendered":"BareMinerals Gen Nude Powder Blush Peachy Keen"},"content":{"rendered":"<p>Tilf\u00f8j en flot naturlig farve til dine kinder med denne v\u00e6gtl\u00f8se blush i en nuance, der passer til alle. Denne opbyggelige talkumfri blush er formuleret med lysreflekterende mineralperler, der sl\u00f8rer udseendet af porer og giver en bl\u00f8d finish. Denne blush er en del af bareMinerals limited edition kollektion The Beauty of Nature, som er inspireret af blomstrende tropiske nuancer.<\/p>\n","protected":false},"excerpt":{"rendered":"<p>Tilf\u00f8j en flot naturlig farve til dine kinder med denne v\u00e6gtl\u00f8se blush i en nuance, der passer til alle. Denne opbyggelige talkumfri blush er formuleret med lysreflekterende mineralperler, der sl\u00f8rer udseendet af porer og giver en bl\u00f8d finish. Denne blush er en del af bareMinerals limited edition kollektion The Beauty of Nature, som er inspireret [&hellip;]<\/p>\n","protected":false},"featured_media":141240,"comment_status":"open","ping_status":"closed","template":"","meta":{"_trash_the_other_posts":false},"product_brand":[],"product_cat":[613],"product_tag":[2477],"berocket_brand":[2007],"class_list":{"0":"post-141243","1":"product","2":"type-product","3":"status-publish","4":"has-post-thumbnail","6":"product_cat-rouge","7":"product_tag-bareminerals-gen-nude-powder-blush","8":"pa_brand-id-bareminerals","9":"pa_variant-peachy-keen","10":"berocket_brand-id-bareminerals","12":"first","13":"instock","14":"sale","15":"taxable","16":"shipping-taxable","17":"purchasable","18":"product-type-simple"},"_links":{"self":[{"href":"https:\/\/stylingagenten.com\/da\/wp-json\/wp\/v2\/product\/141243","targetHints":{"allow":["GET"]}}],"collection":[{"href":"https:\/\/stylingagenten.com\/da\/wp-json\/wp\/v2\/product"}],"about":[{"href":"https:\/\/stylingagenten.com\/da\/wp-json\/wp\/v2\/types\/product"}],"replies":[{"embeddable":true,"href":"https:\/\/stylingagenten.com\/da\/wp-json\/wp\/v2\/comments?post=141243"}],"version-history":[{"count":0,"href":"https:\/\/stylingagenten.com\/da\/wp-json\/wp\/v2\/product\/141243\/revisions"}],"wp:featuredmedia":[{"embeddable":true,"href":"https:\/\/stylingagenten.com\/da\/wp-json\/wp\/v2\/media\/141240"}],"wp:attachment":[{"href":"https:\/\/stylingagenten.com\/da\/wp-json\/wp\/v2\/media?parent=141243"}],"wp:term":[{"taxonomy":"product_brand","embeddable":true,"href":"https:\/\/stylingagenten.com\/da\/wp-json\/wp\/v2\/product_brand?post=141243"},{"taxonomy":"product_cat","embeddable":true,"href":"https:\/\/stylingagenten.com\/da\/wp-json\/wp\/v2\/product_cat?post=141243"},{"taxonomy":"product_tag","embeddable":true,"href":"https:\/\/stylingagenten.com\/da\/wp-json\/wp\/v2\/product_tag?post=141243"},{"taxonomy":"berocket_brand","embeddable":true,"href":"https:\/\/stylingagenten.com\/da\/wp-json\/wp\/v2\/berocket_brand?post=141243"}],"curies":[{"name":"wp","href":"https:\/\/api.w.org\/{rel}","templated":true}]}}