{"id":141216,"date":"2025-05-18T23:09:52","date_gmt":"2025-05-18T23:09:52","guid":{"rendered":"https:\/\/staging2.stylingagenten.com\/da\/produkt\/kokie-soft-gradient-blush-sweetheart\/"},"modified":"2026-01-07T18:36:30","modified_gmt":"2026-01-07T18:36:30","slug":"kokie-soft-gradient-blush-sweetheart","status":"publish","type":"product","link":"https:\/\/stylingagenten.com\/da\/produkt\/kokie-soft-gradient-blush-sweetheart\/","title":{"rendered":"Kokie Soft Gradient Blush &#8211; Sweetheart"},"content":{"rendered":"<p>Hver af Kokies Soft Gradient Blushes har en ombre-effekt af farver, der blander sig sammen for en perfekt flatterende finish. Den pigmenterede formel kan bygges, s\u00e5 du kan opn\u00e5 alt fra en bl\u00f8d blush til en fremh\u00e6vet blush.<\/p>\n<p>Finmalet, luksuri\u00f8s og bl\u00f8d tekstur<br \/>Str\u00e5lende k\u00f8lige og varme tonede blushes<br \/>F\u00e5s i matte og skinnende finish<\/p>\n","protected":false},"excerpt":{"rendered":"<p>Hver af Kokies Soft Gradient Blushes har en ombre-effekt af farver, der blander sig sammen for en perfekt flatterende finish. Den pigmenterede formel kan bygges, s\u00e5 du kan opn\u00e5 alt fra en bl\u00f8d blush til en fremh\u00e6vet blush. Finmalet, luksuri\u00f8s og bl\u00f8d teksturStr\u00e5lende k\u00f8lige og varme tonede blushesF\u00e5s i matte og skinnende finish<\/p>\n","protected":false},"featured_media":141203,"comment_status":"open","ping_status":"closed","template":"","meta":{"_trash_the_other_posts":false},"product_brand":[],"product_cat":[613],"product_tag":[3168],"berocket_brand":[1198],"class_list":{"0":"post-141216","1":"product","2":"type-product","3":"status-publish","4":"has-post-thumbnail","6":"product_cat-rouge","7":"product_tag-kokie-soft-gradient-blush","8":"pa_brand-kokie-cosmetics","9":"pa_variant-sweetheart","10":"berocket_brand-kokie-cosmetics","12":"first","13":"instock","14":"sale","15":"taxable","16":"shipping-taxable","17":"purchasable","18":"product-type-simple"},"_links":{"self":[{"href":"https:\/\/stylingagenten.com\/da\/wp-json\/wp\/v2\/product\/141216","targetHints":{"allow":["GET"]}}],"collection":[{"href":"https:\/\/stylingagenten.com\/da\/wp-json\/wp\/v2\/product"}],"about":[{"href":"https:\/\/stylingagenten.com\/da\/wp-json\/wp\/v2\/types\/product"}],"replies":[{"embeddable":true,"href":"https:\/\/stylingagenten.com\/da\/wp-json\/wp\/v2\/comments?post=141216"}],"version-history":[{"count":0,"href":"https:\/\/stylingagenten.com\/da\/wp-json\/wp\/v2\/product\/141216\/revisions"}],"wp:featuredmedia":[{"embeddable":true,"href":"https:\/\/stylingagenten.com\/da\/wp-json\/wp\/v2\/media\/141203"}],"wp:attachment":[{"href":"https:\/\/stylingagenten.com\/da\/wp-json\/wp\/v2\/media?parent=141216"}],"wp:term":[{"taxonomy":"product_brand","embeddable":true,"href":"https:\/\/stylingagenten.com\/da\/wp-json\/wp\/v2\/product_brand?post=141216"},{"taxonomy":"product_cat","embeddable":true,"href":"https:\/\/stylingagenten.com\/da\/wp-json\/wp\/v2\/product_cat?post=141216"},{"taxonomy":"product_tag","embeddable":true,"href":"https:\/\/stylingagenten.com\/da\/wp-json\/wp\/v2\/product_tag?post=141216"},{"taxonomy":"berocket_brand","embeddable":true,"href":"https:\/\/stylingagenten.com\/da\/wp-json\/wp\/v2\/berocket_brand?post=141216"}],"curies":[{"name":"wp","href":"https:\/\/api.w.org\/{rel}","templated":true}]}}