{"id":141191,"date":"2025-05-18T23:09:48","date_gmt":"2025-05-18T23:09:48","guid":{"rendered":"https:\/\/staging2.stylingagenten.com\/da\/produkt\/bareminerals-gen-nude-powder-blush-strike-a-rose\/"},"modified":"2025-12-18T21:42:19","modified_gmt":"2025-12-18T21:42:19","slug":"bareminerals-gen-nude-powder-blush-strike-a-rose","status":"publish","type":"product","link":"https:\/\/stylingagenten.com\/da\/produkt\/bareminerals-gen-nude-powder-blush-strike-a-rose\/","title":{"rendered":"BareMinerals Gen Nude Powder Blush Strike A Rose"},"content":{"rendered":"<p>Gen Nude\u2122 Powder Blush er en v\u00e6gtl\u00f8s blush, der f\u00e5s i 12 nuancer, der efterligner en naturlig blush til alle hudtoner.<br \/>Den hudplejende, brugervenlige formel er langtidsholdbar og indeholder et skinnende mineralkompleks til en opfrisket , udj\u00e6vnet effekt.<br \/>Gen Nude\u2122 Powder Blush forbedrer dit look og giver en sund og str\u00e5lende farve til dine kinder.<\/p>\n","protected":false},"excerpt":{"rendered":"<p>Gen Nude\u2122 Powder Blush er en v\u00e6gtl\u00f8s blush, der f\u00e5s i 12 nuancer, der efterligner en naturlig blush til alle hudtoner.Den hudplejende, brugervenlige formel er langtidsholdbar og indeholder et skinnende mineralkompleks til en opfrisket , udj\u00e6vnet effekt.Gen Nude\u2122 Powder Blush forbedrer dit look og giver en sund og str\u00e5lende farve til dine kinder.<\/p>\n","protected":false},"featured_media":141177,"comment_status":"open","ping_status":"closed","template":"","meta":{"_trash_the_other_posts":false},"product_brand":[],"product_cat":[613],"product_tag":[2477],"berocket_brand":[2007],"class_list":{"0":"post-141191","1":"product","2":"type-product","3":"status-publish","4":"has-post-thumbnail","6":"product_cat-rouge","7":"product_tag-bareminerals-gen-nude-powder-blush","8":"pa_brand-id-bareminerals","9":"pa_variant-strike-a-rose","10":"berocket_brand-id-bareminerals","12":"first","13":"instock","14":"sale","15":"taxable","16":"shipping-taxable","17":"purchasable","18":"product-type-simple"},"_links":{"self":[{"href":"https:\/\/stylingagenten.com\/da\/wp-json\/wp\/v2\/product\/141191","targetHints":{"allow":["GET"]}}],"collection":[{"href":"https:\/\/stylingagenten.com\/da\/wp-json\/wp\/v2\/product"}],"about":[{"href":"https:\/\/stylingagenten.com\/da\/wp-json\/wp\/v2\/types\/product"}],"replies":[{"embeddable":true,"href":"https:\/\/stylingagenten.com\/da\/wp-json\/wp\/v2\/comments?post=141191"}],"version-history":[{"count":0,"href":"https:\/\/stylingagenten.com\/da\/wp-json\/wp\/v2\/product\/141191\/revisions"}],"wp:featuredmedia":[{"embeddable":true,"href":"https:\/\/stylingagenten.com\/da\/wp-json\/wp\/v2\/media\/141177"}],"wp:attachment":[{"href":"https:\/\/stylingagenten.com\/da\/wp-json\/wp\/v2\/media?parent=141191"}],"wp:term":[{"taxonomy":"product_brand","embeddable":true,"href":"https:\/\/stylingagenten.com\/da\/wp-json\/wp\/v2\/product_brand?post=141191"},{"taxonomy":"product_cat","embeddable":true,"href":"https:\/\/stylingagenten.com\/da\/wp-json\/wp\/v2\/product_cat?post=141191"},{"taxonomy":"product_tag","embeddable":true,"href":"https:\/\/stylingagenten.com\/da\/wp-json\/wp\/v2\/product_tag?post=141191"},{"taxonomy":"berocket_brand","embeddable":true,"href":"https:\/\/stylingagenten.com\/da\/wp-json\/wp\/v2\/berocket_brand?post=141191"}],"curies":[{"name":"wp","href":"https:\/\/api.w.org\/{rel}","templated":true}]}}