{"id":141174,"date":"2025-05-18T23:09:45","date_gmt":"2025-05-18T23:09:45","guid":{"rendered":"https:\/\/staging2.stylingagenten.com\/da\/produkt\/bareminerals-gen-nude-highlighting-blush-mauve-glow\/"},"modified":"2026-04-06T09:39:01","modified_gmt":"2026-04-06T09:39:01","slug":"bareminerals-gen-nude-highlighting-blush-mauve-glow","status":"publish","type":"product","link":"https:\/\/stylingagenten.com\/da\/produkt\/bareminerals-gen-nude-highlighting-blush-mauve-glow\/","title":{"rendered":"BareMinerals Gen Nude Highlighting Blush Mauve Glow"},"content":{"rendered":"<p>BareMinerals Gen Nude Highlighting Blush er en 2-i-1 hybrid af blush og highlighter, der kombinerer den rosenr\u00f8de farve fra en blush med &#8220;gl\u00f8den&#8221; fra en highlighter \u2013 i \u00e9t skridt.<br \/>Opn\u00e5 en naturlig lystergivende, rosenr\u00f8d gl\u00f8d med denne silkeagtige, v\u00e6gtl\u00f8se formel. Fint formalede, lystergivende perler smelter ind i huden og giver en smuk frisk og let gl\u00f8d, der ser ud som om den &#8220;kommer indefra.&#8221;<\/p>\n<p>HVA DEN G\u00d8R:<br \/>-Silkeagtige, sl\u00f8rende mineralmikrosf\u00e6rer smelter let ind i huden for at udj\u00e6vne porer og uregelm\u00e6ssigheder.<br \/>-Blush + highlighter-hybrid med en silkeagtig konsistens, der smelter s\u00f8ml\u00f8st ind i huden og giver en gl\u00f8d, der smelter sammen med din makeup.<br \/>-J\u00e6vner ud udseendet af uregelm\u00e6ssigheder i huden.<br \/>-Holder hele dagen.<\/p>\n<p>FORBRUGERTESTET:<br \/>-97 % siger, at den f\u00f8les bl\u00f8d og v\u00e6gtl\u00f8s p\u00e5 huden*.<br \/>-83 % f\u00f8lte, at deres hud fik en sund gl\u00f8d*.<br \/>*Baseret p\u00e5 en klinisk unders\u00f8gelse over 1 uge med 30 deltagere.<\/p>\n<p>DERFOR VIL DU ELSKE DEN:<br \/>-Dermatologisk testet.<br \/>-Vegansk.<br \/>-Talkfri + fri for gluten, syntetisk duft, PEG&#8217;er og mere.<\/p>\n<p>Farve: Mauve Glow<\/p>\n","protected":false},"excerpt":{"rendered":"<p>BareMinerals Gen Nude Highlighting Blush er en 2-i-1 hybrid af blush og highlighter, der kombinerer den rosenr\u00f8de farve fra en blush med &#8220;gl\u00f8den&#8221; fra en highlighter \u2013 i \u00e9t skridt.Opn\u00e5 en naturlig lystergivende, rosenr\u00f8d gl\u00f8d med denne silkeagtige, v\u00e6gtl\u00f8se formel. Fint formalede, lystergivende perler smelter ind i huden og giver en smuk frisk og let [&hellip;]<\/p>\n","protected":false},"featured_media":141150,"comment_status":"open","ping_status":"closed","template":"","meta":{"_trash_the_other_posts":false},"product_brand":[],"product_cat":[613],"product_tag":[2476],"berocket_brand":[1256],"class_list":{"0":"post-141174","1":"product","2":"type-product","3":"status-publish","4":"has-post-thumbnail","6":"product_cat-rouge","7":"product_tag-bareminerals-gen-nude-highlighting-blush","8":"pa_brand-bareminerals","9":"pa_variant-mauve-glow","10":"berocket_brand-bareminerals","12":"first","13":"instock","14":"sale","15":"taxable","16":"shipping-taxable","17":"purchasable","18":"product-type-simple"},"_links":{"self":[{"href":"https:\/\/stylingagenten.com\/da\/wp-json\/wp\/v2\/product\/141174","targetHints":{"allow":["GET"]}}],"collection":[{"href":"https:\/\/stylingagenten.com\/da\/wp-json\/wp\/v2\/product"}],"about":[{"href":"https:\/\/stylingagenten.com\/da\/wp-json\/wp\/v2\/types\/product"}],"replies":[{"embeddable":true,"href":"https:\/\/stylingagenten.com\/da\/wp-json\/wp\/v2\/comments?post=141174"}],"version-history":[{"count":0,"href":"https:\/\/stylingagenten.com\/da\/wp-json\/wp\/v2\/product\/141174\/revisions"}],"wp:featuredmedia":[{"embeddable":true,"href":"https:\/\/stylingagenten.com\/da\/wp-json\/wp\/v2\/media\/141150"}],"wp:attachment":[{"href":"https:\/\/stylingagenten.com\/da\/wp-json\/wp\/v2\/media?parent=141174"}],"wp:term":[{"taxonomy":"product_brand","embeddable":true,"href":"https:\/\/stylingagenten.com\/da\/wp-json\/wp\/v2\/product_brand?post=141174"},{"taxonomy":"product_cat","embeddable":true,"href":"https:\/\/stylingagenten.com\/da\/wp-json\/wp\/v2\/product_cat?post=141174"},{"taxonomy":"product_tag","embeddable":true,"href":"https:\/\/stylingagenten.com\/da\/wp-json\/wp\/v2\/product_tag?post=141174"},{"taxonomy":"berocket_brand","embeddable":true,"href":"https:\/\/stylingagenten.com\/da\/wp-json\/wp\/v2\/berocket_brand?post=141174"}],"curies":[{"name":"wp","href":"https:\/\/api.w.org\/{rel}","templated":true}]}}