{"id":141078,"date":"2025-05-18T23:09:26","date_gmt":"2025-05-18T23:09:26","guid":{"rendered":"https:\/\/staging2.stylingagenten.com\/da\/produkt\/max-factor-creme-puff-075-golden\/"},"modified":"2026-04-12T09:58:45","modified_gmt":"2026-04-12T09:58:45","slug":"max-factor-creme-puff-075-golden","status":"publish","type":"product","link":"https:\/\/stylingagenten.com\/da\/produkt\/max-factor-creme-puff-075-golden\/","title":{"rendered":"Max Factor Creme Puff 075 Golden"},"content":{"rendered":"<p>Glamours hud er let at opn\u00e5; med dette pulver. Max Factor Creme Puff giver et luksuri\u00f8st fuldd\u00e6kkende resultat. Den er perfekt til alle hudtyper og giver et fejlfrit resultat med en bl\u00f8d, diskret glans takket v\u00e6re millioner af lysreflekterende partikler.<\/p>\n<p><strong>S\u00e5dan bruger du:<\/strong> Tips fra Make-up the kunstner; Creme Puff kan bruges b\u00e5de som en ekstra mat variant af almindelig foundation p\u00e5; velfugtet hud, eller &#8211; for dem der foretr\u00e6kker det &#8211; b\u00f8rstet ovenp\u00e5; foundation som d\u00e6kkende pudder.<\/p>\n","protected":false},"excerpt":{"rendered":"<p>Glamours hud er let at opn\u00e5; med dette pulver. Max Factor Creme Puff giver et luksuri\u00f8st fuldd\u00e6kkende resultat. Den er perfekt til alle hudtyper og giver et fejlfrit resultat med en bl\u00f8d, diskret glans takket v\u00e6re millioner af lysreflekterende partikler. S\u00e5dan bruger du: Tips fra Make-up the kunstner; Creme Puff kan bruges b\u00e5de som en [&hellip;]<\/p>\n","protected":false},"featured_media":141076,"comment_status":"open","ping_status":"closed","template":"","meta":{"_trash_the_other_posts":false},"product_brand":[],"product_cat":[606],"product_tag":[3472],"berocket_brand":[1013],"class_list":{"0":"post-141078","1":"product","2":"type-product","3":"status-publish","4":"has-post-thumbnail","6":"product_cat-pulver","7":"product_tag-max-factor-creme-puff","8":"pa_brand-max-factor","9":"pa_variant-075-golden","10":"berocket_brand-max-factor","12":"first","13":"instock","14":"sale","15":"taxable","16":"shipping-taxable","17":"purchasable","18":"product-type-simple"},"_links":{"self":[{"href":"https:\/\/stylingagenten.com\/da\/wp-json\/wp\/v2\/product\/141078","targetHints":{"allow":["GET"]}}],"collection":[{"href":"https:\/\/stylingagenten.com\/da\/wp-json\/wp\/v2\/product"}],"about":[{"href":"https:\/\/stylingagenten.com\/da\/wp-json\/wp\/v2\/types\/product"}],"replies":[{"embeddable":true,"href":"https:\/\/stylingagenten.com\/da\/wp-json\/wp\/v2\/comments?post=141078"}],"version-history":[{"count":0,"href":"https:\/\/stylingagenten.com\/da\/wp-json\/wp\/v2\/product\/141078\/revisions"}],"wp:featuredmedia":[{"embeddable":true,"href":"https:\/\/stylingagenten.com\/da\/wp-json\/wp\/v2\/media\/141076"}],"wp:attachment":[{"href":"https:\/\/stylingagenten.com\/da\/wp-json\/wp\/v2\/media?parent=141078"}],"wp:term":[{"taxonomy":"product_brand","embeddable":true,"href":"https:\/\/stylingagenten.com\/da\/wp-json\/wp\/v2\/product_brand?post=141078"},{"taxonomy":"product_cat","embeddable":true,"href":"https:\/\/stylingagenten.com\/da\/wp-json\/wp\/v2\/product_cat?post=141078"},{"taxonomy":"product_tag","embeddable":true,"href":"https:\/\/stylingagenten.com\/da\/wp-json\/wp\/v2\/product_tag?post=141078"},{"taxonomy":"berocket_brand","embeddable":true,"href":"https:\/\/stylingagenten.com\/da\/wp-json\/wp\/v2\/berocket_brand?post=141078"}],"curies":[{"name":"wp","href":"https:\/\/api.w.org\/{rel}","templated":true}]}}