{"id":141025,"date":"2025-05-18T23:09:10","date_gmt":"2025-05-18T23:09:10","guid":{"rendered":"https:\/\/staging2.stylingagenten.com\/da\/produkt\/bare-minerals-mineral-veil-tinted-tan-deep-9g\/"},"modified":"2026-03-30T07:31:43","modified_gmt":"2026-03-30T07:31:43","slug":"bare-minerals-mineral-veil-tinted-tan-deep-9g","status":"publish","type":"product","link":"https:\/\/stylingagenten.com\/da\/produkt\/bare-minerals-mineral-veil-tinted-tan-deep-9g\/","title":{"rendered":"Bare Minerals Mineral Veil Tinted Tan Deep 9g"},"content":{"rendered":"<p><strong>Bare Minerals Tinted Mineral Veil<\/strong> er et let tonet Mineral Veil, der giver dig en subtil, men levende varm tone til dit ansigt.<\/p>\n<p><strong>N\u00f8gleingredienser:<\/ st\u00e6rk> <br \/>Majsstivelse: Vegetabilsk derivat, der n\u00e6nsomt absorberer fedt og varme og hj\u00e6lper med at fiksere makeup.<br \/>Magnesiumstearat: Bl\u00f8dt, fjertyndt og let mineral, der tilpasser sig alle hudtoner og giver et tyndt sl\u00f8r til huden. hud.<br \/>Zinkstearat: Zinksalt af natrium, som giver Mineral Veil en &#8220;langvarig&#8221; effekt, samtidig med at den lindrer r\u00f8dme og irritation.<br \/>Jernoxider: Naturlige mineraler udvundet af jord, indeholdende et spektrum af forskellige jernarter og oxygen, som eksisterer som et naturligt farvespektrum i alle hudtyper- Giver en neutral farve til Mineral Veil.<\/p>\n","protected":false},"excerpt":{"rendered":"<p>Bare Minerals Tinted Mineral Veil er et let tonet Mineral Veil, der giver dig en subtil, men levende varm tone til dit ansigt. N\u00f8gleingredienser: Majsstivelse: Vegetabilsk derivat, der n\u00e6nsomt absorberer fedt og varme og hj\u00e6lper med at fiksere makeup.Magnesiumstearat: Bl\u00f8dt, fjertyndt og let mineral, der tilpasser sig alle hudtoner og giver et tyndt sl\u00f8r til [&hellip;]<\/p>\n","protected":false},"featured_media":141023,"comment_status":"open","ping_status":"closed","template":"","meta":{"_trash_the_other_posts":false},"product_brand":[],"product_cat":[606],"product_tag":[],"berocket_brand":[1256],"class_list":{"0":"post-141025","1":"product","2":"type-product","3":"status-publish","4":"has-post-thumbnail","6":"product_cat-pulver","7":"pa_brand-bareminerals","8":"berocket_brand-bareminerals","10":"first","11":"instock","12":"sale","13":"taxable","14":"shipping-taxable","15":"purchasable","16":"product-type-simple"},"_links":{"self":[{"href":"https:\/\/stylingagenten.com\/da\/wp-json\/wp\/v2\/product\/141025","targetHints":{"allow":["GET"]}}],"collection":[{"href":"https:\/\/stylingagenten.com\/da\/wp-json\/wp\/v2\/product"}],"about":[{"href":"https:\/\/stylingagenten.com\/da\/wp-json\/wp\/v2\/types\/product"}],"replies":[{"embeddable":true,"href":"https:\/\/stylingagenten.com\/da\/wp-json\/wp\/v2\/comments?post=141025"}],"version-history":[{"count":0,"href":"https:\/\/stylingagenten.com\/da\/wp-json\/wp\/v2\/product\/141025\/revisions"}],"wp:featuredmedia":[{"embeddable":true,"href":"https:\/\/stylingagenten.com\/da\/wp-json\/wp\/v2\/media\/141023"}],"wp:attachment":[{"href":"https:\/\/stylingagenten.com\/da\/wp-json\/wp\/v2\/media?parent=141025"}],"wp:term":[{"taxonomy":"product_brand","embeddable":true,"href":"https:\/\/stylingagenten.com\/da\/wp-json\/wp\/v2\/product_brand?post=141025"},{"taxonomy":"product_cat","embeddable":true,"href":"https:\/\/stylingagenten.com\/da\/wp-json\/wp\/v2\/product_cat?post=141025"},{"taxonomy":"product_tag","embeddable":true,"href":"https:\/\/stylingagenten.com\/da\/wp-json\/wp\/v2\/product_tag?post=141025"},{"taxonomy":"berocket_brand","embeddable":true,"href":"https:\/\/stylingagenten.com\/da\/wp-json\/wp\/v2\/berocket_brand?post=141025"}],"curies":[{"name":"wp","href":"https:\/\/api.w.org\/{rel}","templated":true}]}}