{"id":141016,"date":"2025-05-18T23:09:07","date_gmt":"2025-05-18T23:09:07","guid":{"rendered":"https:\/\/staging2.stylingagenten.com\/da\/produkt\/beauty-uk-new-face-powder-compact-no-4\/"},"modified":"2026-03-27T06:27:31","modified_gmt":"2026-03-27T06:27:31","slug":"beauty-uk-new-face-powder-compact-no-4","status":"publish","type":"product","link":"https:\/\/stylingagenten.com\/da\/produkt\/beauty-uk-new-face-powder-compact-no-4\/","title":{"rendered":"Beauty UK NEW Face Powder Compact No.4"},"content":{"rendered":"<p>Beauty UK NY Face Powder Compact No.4 &#8211; Et let pudder, der er et must have i din h\u00e5ndtaske. Giver forbedret d\u00e6kning og vidunderlige resultater. Pakket i et smukt blankt sort etui med klapl\u00e5g, stort spejl og en pust til p\u00e5f\u00f8ring.<\/p>\n","protected":false},"excerpt":{"rendered":"<p>Beauty UK NY Face Powder Compact No.4 &#8211; Et let pudder, der er et must have i din h\u00e5ndtaske. Giver forbedret d\u00e6kning og vidunderlige resultater. Pakket i et smukt blankt sort etui med klapl\u00e5g, stort spejl og en pust til p\u00e5f\u00f8ring.<\/p>\n","protected":false},"featured_media":141014,"comment_status":"open","ping_status":"closed","template":"","meta":{"_trash_the_other_posts":false},"product_brand":[],"product_cat":[606],"product_tag":[2517],"berocket_brand":[1059],"class_list":{"0":"post-141016","1":"product","2":"type-product","3":"status-publish","4":"has-post-thumbnail","6":"product_cat-pulver","7":"product_tag-beauty-uk-new-face-powder-compact","8":"pa_brand-beautyuk","9":"pa_variant-no-4","10":"berocket_brand-beautyuk","12":"first","13":"instock","14":"sale","15":"taxable","16":"shipping-taxable","17":"purchasable","18":"product-type-simple"},"_links":{"self":[{"href":"https:\/\/stylingagenten.com\/da\/wp-json\/wp\/v2\/product\/141016","targetHints":{"allow":["GET"]}}],"collection":[{"href":"https:\/\/stylingagenten.com\/da\/wp-json\/wp\/v2\/product"}],"about":[{"href":"https:\/\/stylingagenten.com\/da\/wp-json\/wp\/v2\/types\/product"}],"replies":[{"embeddable":true,"href":"https:\/\/stylingagenten.com\/da\/wp-json\/wp\/v2\/comments?post=141016"}],"version-history":[{"count":0,"href":"https:\/\/stylingagenten.com\/da\/wp-json\/wp\/v2\/product\/141016\/revisions"}],"wp:featuredmedia":[{"embeddable":true,"href":"https:\/\/stylingagenten.com\/da\/wp-json\/wp\/v2\/media\/141014"}],"wp:attachment":[{"href":"https:\/\/stylingagenten.com\/da\/wp-json\/wp\/v2\/media?parent=141016"}],"wp:term":[{"taxonomy":"product_brand","embeddable":true,"href":"https:\/\/stylingagenten.com\/da\/wp-json\/wp\/v2\/product_brand?post=141016"},{"taxonomy":"product_cat","embeddable":true,"href":"https:\/\/stylingagenten.com\/da\/wp-json\/wp\/v2\/product_cat?post=141016"},{"taxonomy":"product_tag","embeddable":true,"href":"https:\/\/stylingagenten.com\/da\/wp-json\/wp\/v2\/product_tag?post=141016"},{"taxonomy":"berocket_brand","embeddable":true,"href":"https:\/\/stylingagenten.com\/da\/wp-json\/wp\/v2\/berocket_brand?post=141016"}],"curies":[{"name":"wp","href":"https:\/\/api.w.org\/{rel}","templated":true}]}}