{"id":141000,"date":"2025-05-18T23:09:03","date_gmt":"2025-05-18T23:09:03","guid":{"rendered":"https:\/\/staging2.stylingagenten.com\/da\/produkt\/max-factor-creme-puff-05-translucent\/"},"modified":"2026-04-12T12:19:18","modified_gmt":"2026-04-12T12:19:18","slug":"max-factor-creme-puff-05-translucent","status":"publish","type":"product","link":"https:\/\/stylingagenten.com\/da\/produkt\/max-factor-creme-puff-05-translucent\/","title":{"rendered":"Max Factor Creme Puff 05 Translucent"},"content":{"rendered":"<p>Glamour\u00f8s hud er let at opn\u00e5 med dette pudder. Max Factor Creme Puff 05 Translucent giver et luksuri\u00f8st fuldd\u00e6kkende resultat. Den er perfekt til alle hudtyper og giver et fejlfrit resultat med en bl\u00f8d, diskret glans takket v\u00e6re millioner af lysreflekterende partikler.<\/p>\n<p><strong>Anvendelse:<\/strong> Tips fra makeupartisten; Creme Puff kan b\u00e5de bruges som en ekstra mat udgave af almindelig foundation p\u00e5 velfugtet hud, eller \u2013 for dem der foretr\u00e6kker det \u2013 b\u00f8rstet ovenp\u00e5 foundation som d\u00e6kkende pudder.<\/p>\n","protected":false},"excerpt":{"rendered":"<p>Glamour\u00f8s hud er let at opn\u00e5 med dette pudder. Max Factor Creme Puff 05 Translucent giver et luksuri\u00f8st fuldd\u00e6kkende resultat. Den er perfekt til alle hudtyper og giver et fejlfrit resultat med en bl\u00f8d, diskret glans takket v\u00e6re millioner af lysreflekterende partikler. Anvendelse: Tips fra makeupartisten; Creme Puff kan b\u00e5de bruges som en ekstra mat [&hellip;]<\/p>\n","protected":false},"featured_media":140996,"comment_status":"open","ping_status":"closed","template":"","meta":{"_trash_the_other_posts":false},"product_brand":[],"product_cat":[1003,606],"product_tag":[3472],"berocket_brand":[1013],"class_list":{"0":"post-141000","1":"product","2":"type-product","3":"status-publish","4":"has-post-thumbnail","6":"product_cat-bestsellere","7":"product_cat-pulver","8":"product_tag-max-factor-creme-puff","9":"pa_brand-max-factor","10":"pa_variant-05-translucent","11":"berocket_brand-max-factor","13":"first","14":"outofstock","15":"sale","16":"taxable","17":"shipping-taxable","18":"purchasable","19":"product-type-simple"},"_links":{"self":[{"href":"https:\/\/stylingagenten.com\/da\/wp-json\/wp\/v2\/product\/141000","targetHints":{"allow":["GET"]}}],"collection":[{"href":"https:\/\/stylingagenten.com\/da\/wp-json\/wp\/v2\/product"}],"about":[{"href":"https:\/\/stylingagenten.com\/da\/wp-json\/wp\/v2\/types\/product"}],"replies":[{"embeddable":true,"href":"https:\/\/stylingagenten.com\/da\/wp-json\/wp\/v2\/comments?post=141000"}],"version-history":[{"count":0,"href":"https:\/\/stylingagenten.com\/da\/wp-json\/wp\/v2\/product\/141000\/revisions"}],"wp:featuredmedia":[{"embeddable":true,"href":"https:\/\/stylingagenten.com\/da\/wp-json\/wp\/v2\/media\/140996"}],"wp:attachment":[{"href":"https:\/\/stylingagenten.com\/da\/wp-json\/wp\/v2\/media?parent=141000"}],"wp:term":[{"taxonomy":"product_brand","embeddable":true,"href":"https:\/\/stylingagenten.com\/da\/wp-json\/wp\/v2\/product_brand?post=141000"},{"taxonomy":"product_cat","embeddable":true,"href":"https:\/\/stylingagenten.com\/da\/wp-json\/wp\/v2\/product_cat?post=141000"},{"taxonomy":"product_tag","embeddable":true,"href":"https:\/\/stylingagenten.com\/da\/wp-json\/wp\/v2\/product_tag?post=141000"},{"taxonomy":"berocket_brand","embeddable":true,"href":"https:\/\/stylingagenten.com\/da\/wp-json\/wp\/v2\/berocket_brand?post=141000"}],"curies":[{"name":"wp","href":"https:\/\/api.w.org\/{rel}","templated":true}]}}