{"id":140948,"date":"2025-05-18T23:08:50","date_gmt":"2025-05-18T23:08:50","guid":{"rendered":"https:\/\/staging2.stylingagenten.com\/da\/produkt\/makeup-revolution-bake-blot-beige\/"},"modified":"2025-11-19T11:16:26","modified_gmt":"2025-11-19T11:16:26","slug":"makeup-revolution-bake-blot-beige","status":"publish","type":"product","link":"https:\/\/stylingagenten.com\/da\/produkt\/makeup-revolution-bake-blot-beige\/","title":{"rendered":"Makeup Revolution Bake &amp; Blot &#8211; Beige"},"content":{"rendered":"<p>Makeup Revolution Bage &amp; Blot er et kompakt pudder, der holder huden mat hele dagen. Det reducerer synlige porer, u\u00f8nsket glans og fine linjer. <br \/>Denne pressede pudder passer til dig, der \u00f8nsker mere kontrol over d\u00e6kningen af \u200b\u200bdin hud. din makeup. Velegnet til alle hudtyper.<\/p>\n<p>Beige &ndash; til varme, mellemstore hudtoner<\/p>\n<p><\/p>\n","protected":false},"excerpt":{"rendered":"<p>Makeup Revolution Bage &amp; Blot er et kompakt pudder, der holder huden mat hele dagen. Det reducerer synlige porer, u\u00f8nsket glans og fine linjer. Denne pressede pudder passer til dig, der \u00f8nsker mere kontrol over d\u00e6kningen af \u200b\u200bdin hud. din makeup. Velegnet til alle hudtyper. Beige &ndash; til varme, mellemstore hudtoner<\/p>\n","protected":false},"featured_media":140937,"comment_status":"open","ping_status":"closed","template":"","meta":{"_trash_the_other_posts":false},"product_brand":[],"product_cat":[606],"product_tag":[3287],"berocket_brand":[1050],"class_list":{"0":"post-140948","1":"product","2":"type-product","3":"status-publish","4":"has-post-thumbnail","6":"product_cat-pulver","7":"product_tag-makeup-revolution-bake-blot-powder","8":"pa_brand-makeup-revolution","9":"pa_variant-beige","10":"berocket_brand-makeup-revolution","12":"first","13":"instock","14":"sale","15":"taxable","16":"shipping-taxable","17":"purchasable","18":"product-type-simple"},"_links":{"self":[{"href":"https:\/\/stylingagenten.com\/da\/wp-json\/wp\/v2\/product\/140948","targetHints":{"allow":["GET"]}}],"collection":[{"href":"https:\/\/stylingagenten.com\/da\/wp-json\/wp\/v2\/product"}],"about":[{"href":"https:\/\/stylingagenten.com\/da\/wp-json\/wp\/v2\/types\/product"}],"replies":[{"embeddable":true,"href":"https:\/\/stylingagenten.com\/da\/wp-json\/wp\/v2\/comments?post=140948"}],"version-history":[{"count":0,"href":"https:\/\/stylingagenten.com\/da\/wp-json\/wp\/v2\/product\/140948\/revisions"}],"wp:featuredmedia":[{"embeddable":true,"href":"https:\/\/stylingagenten.com\/da\/wp-json\/wp\/v2\/media\/140937"}],"wp:attachment":[{"href":"https:\/\/stylingagenten.com\/da\/wp-json\/wp\/v2\/media?parent=140948"}],"wp:term":[{"taxonomy":"product_brand","embeddable":true,"href":"https:\/\/stylingagenten.com\/da\/wp-json\/wp\/v2\/product_brand?post=140948"},{"taxonomy":"product_cat","embeddable":true,"href":"https:\/\/stylingagenten.com\/da\/wp-json\/wp\/v2\/product_cat?post=140948"},{"taxonomy":"product_tag","embeddable":true,"href":"https:\/\/stylingagenten.com\/da\/wp-json\/wp\/v2\/product_tag?post=140948"},{"taxonomy":"berocket_brand","embeddable":true,"href":"https:\/\/stylingagenten.com\/da\/wp-json\/wp\/v2\/berocket_brand?post=140948"}],"curies":[{"name":"wp","href":"https:\/\/api.w.org\/{rel}","templated":true}]}}