{"id":140891,"date":"2025-05-18T23:08:36","date_gmt":"2025-05-18T23:08:36","guid":{"rendered":"https:\/\/staging2.stylingagenten.com\/da\/produkt\/nyx-prof-makeup-cant-stop-wont-stop-mattifying-pressed-powder-translucent\/"},"modified":"2025-12-18T21:53:54","modified_gmt":"2025-12-18T21:53:54","slug":"nyx-prof-makeup-cant-stop-wont-stop-mattifying-pressed-powder-translucent","status":"publish","type":"product","link":"https:\/\/stylingagenten.com\/da\/produkt\/nyx-prof-makeup-cant-stop-wont-stop-mattifying-pressed-powder-translucent\/","title":{"rendered":"NYX PROF. MAKEUP Can&#8217;t Stop Won&#8217;t Stop Mattifying Pressed Powder &#8211; Translucent"},"content":{"rendered":"<p>M\u00f8d Nyx&#8217; f\u00f8rste matte pudder, der holder hele dagen med olieabsorberende rispulver. Dette matterende pressede pudder giver en glat, mat finish hele dagen. Ingen pletter og intet rod. Let d\u00e6kning med en ikke-t\u00f8rrende og ikke-aske finish til alle hudtoner. Let og behagelig og selvf\u00f8lgelig vegansk.<\/p>\n","protected":false},"excerpt":{"rendered":"<p>M\u00f8d Nyx&#8217; f\u00f8rste matte pudder, der holder hele dagen med olieabsorberende rispulver. Dette matterende pressede pudder giver en glat, mat finish hele dagen. Ingen pletter og intet rod. Let d\u00e6kning med en ikke-t\u00f8rrende og ikke-aske finish til alle hudtoner. Let og behagelig og selvf\u00f8lgelig vegansk.<\/p>\n","protected":false},"featured_media":140889,"comment_status":"open","ping_status":"closed","template":"","meta":{"_trash_the_other_posts":false},"product_brand":[],"product_cat":[1005,606],"product_tag":[3660],"berocket_brand":[1025],"class_list":{"0":"post-140891","1":"product","2":"type-product","3":"status-publish","4":"has-post-thumbnail","6":"product_cat-outlet","7":"product_cat-pulver","8":"product_tag-nyx-prof-makeup-cant-stop-wont-stop-mattifying-pressed-powder","9":"pa_brand-nyx","10":"pa_variant-translucent","11":"berocket_brand-nyx","13":"first","14":"instock","15":"sale","16":"taxable","17":"shipping-taxable","18":"purchasable","19":"product-type-simple"},"_links":{"self":[{"href":"https:\/\/stylingagenten.com\/da\/wp-json\/wp\/v2\/product\/140891","targetHints":{"allow":["GET"]}}],"collection":[{"href":"https:\/\/stylingagenten.com\/da\/wp-json\/wp\/v2\/product"}],"about":[{"href":"https:\/\/stylingagenten.com\/da\/wp-json\/wp\/v2\/types\/product"}],"replies":[{"embeddable":true,"href":"https:\/\/stylingagenten.com\/da\/wp-json\/wp\/v2\/comments?post=140891"}],"version-history":[{"count":0,"href":"https:\/\/stylingagenten.com\/da\/wp-json\/wp\/v2\/product\/140891\/revisions"}],"wp:featuredmedia":[{"embeddable":true,"href":"https:\/\/stylingagenten.com\/da\/wp-json\/wp\/v2\/media\/140889"}],"wp:attachment":[{"href":"https:\/\/stylingagenten.com\/da\/wp-json\/wp\/v2\/media?parent=140891"}],"wp:term":[{"taxonomy":"product_brand","embeddable":true,"href":"https:\/\/stylingagenten.com\/da\/wp-json\/wp\/v2\/product_brand?post=140891"},{"taxonomy":"product_cat","embeddable":true,"href":"https:\/\/stylingagenten.com\/da\/wp-json\/wp\/v2\/product_cat?post=140891"},{"taxonomy":"product_tag","embeddable":true,"href":"https:\/\/stylingagenten.com\/da\/wp-json\/wp\/v2\/product_tag?post=140891"},{"taxonomy":"berocket_brand","embeddable":true,"href":"https:\/\/stylingagenten.com\/da\/wp-json\/wp\/v2\/berocket_brand?post=140891"}],"curies":[{"name":"wp","href":"https:\/\/api.w.org\/{rel}","templated":true}]}}