{"id":140881,"date":"2025-05-18T23:08:32","date_gmt":"2025-05-18T23:08:32","guid":{"rendered":"https:\/\/staging2.stylingagenten.com\/da\/produkt\/makeup-revolution-baking-powder-translucent\/"},"modified":"2025-12-18T21:51:09","modified_gmt":"2025-12-18T21:51:09","slug":"makeup-revolution-baking-powder-translucent","status":"publish","type":"product","link":"https:\/\/stylingagenten.com\/da\/produkt\/makeup-revolution-baking-powder-translucent\/","title":{"rendered":"Makeup Revolution Baking Powder Translucent"},"content":{"rendered":"<p>En af Makeup Revolutions bedst s\u00e6lgere!&nbsp;<\/p>\n<p>Afslut din makeuprutine med bananbagepulver. En l\u00e6derpudder, der giver din hud varme og med et strejf af farve kan du afslutte din foundation, reducere glans og korrigere r\u00f8dme og lyser\u00f8de undertoner.&nbsp;<\/p>\n<p>Ryst flasken f\u00f8r brug. ;nding.&nbsp;<\/p>\n<p><\/p>\n","protected":false},"excerpt":{"rendered":"<p>En af Makeup Revolutions bedst s\u00e6lgere!&nbsp; Afslut din makeuprutine med bananbagepulver. En l\u00e6derpudder, der giver din hud varme og med et strejf af farve kan du afslutte din foundation, reducere glans og korrigere r\u00f8dme og lyser\u00f8de undertoner.&nbsp; Ryst flasken f\u00f8r brug. ;nding.&nbsp;<\/p>\n","protected":false},"featured_media":140877,"comment_status":"open","ping_status":"closed","template":"","meta":{"_trash_the_other_posts":false},"product_brand":[],"product_cat":[606],"product_tag":[3288],"berocket_brand":[1050],"class_list":{"0":"post-140881","1":"product","2":"type-product","3":"status-publish","4":"has-post-thumbnail","6":"product_cat-pulver","7":"product_tag-makeup-revolution-baking-powder","8":"pa_brand-makeup-revolution","9":"pa_variant-translucent","10":"berocket_brand-makeup-revolution","12":"first","13":"instock","14":"sale","15":"taxable","16":"shipping-taxable","17":"purchasable","18":"product-type-simple"},"_links":{"self":[{"href":"https:\/\/stylingagenten.com\/da\/wp-json\/wp\/v2\/product\/140881","targetHints":{"allow":["GET"]}}],"collection":[{"href":"https:\/\/stylingagenten.com\/da\/wp-json\/wp\/v2\/product"}],"about":[{"href":"https:\/\/stylingagenten.com\/da\/wp-json\/wp\/v2\/types\/product"}],"replies":[{"embeddable":true,"href":"https:\/\/stylingagenten.com\/da\/wp-json\/wp\/v2\/comments?post=140881"}],"version-history":[{"count":0,"href":"https:\/\/stylingagenten.com\/da\/wp-json\/wp\/v2\/product\/140881\/revisions"}],"wp:featuredmedia":[{"embeddable":true,"href":"https:\/\/stylingagenten.com\/da\/wp-json\/wp\/v2\/media\/140877"}],"wp:attachment":[{"href":"https:\/\/stylingagenten.com\/da\/wp-json\/wp\/v2\/media?parent=140881"}],"wp:term":[{"taxonomy":"product_brand","embeddable":true,"href":"https:\/\/stylingagenten.com\/da\/wp-json\/wp\/v2\/product_brand?post=140881"},{"taxonomy":"product_cat","embeddable":true,"href":"https:\/\/stylingagenten.com\/da\/wp-json\/wp\/v2\/product_cat?post=140881"},{"taxonomy":"product_tag","embeddable":true,"href":"https:\/\/stylingagenten.com\/da\/wp-json\/wp\/v2\/product_tag?post=140881"},{"taxonomy":"berocket_brand","embeddable":true,"href":"https:\/\/stylingagenten.com\/da\/wp-json\/wp\/v2\/berocket_brand?post=140881"}],"curies":[{"name":"wp","href":"https:\/\/api.w.org\/{rel}","templated":true}]}}