{"id":140865,"date":"2025-05-18T23:08:28","date_gmt":"2025-05-18T23:08:28","guid":{"rendered":"https:\/\/staging2.stylingagenten.com\/da\/produkt\/nyx-prof-makeup-high-definition-finishing-powder-translucent\/"},"modified":"2026-03-10T20:27:39","modified_gmt":"2026-03-10T20:27:39","slug":"nyx-prof-makeup-high-definition-finishing-powder-translucent","status":"publish","type":"product","link":"https:\/\/stylingagenten.com\/da\/produkt\/nyx-prof-makeup-high-definition-finishing-powder-translucent\/","title":{"rendered":"NYX PROF. MAKEUP High Definition Finishing Powder &#8211; 01 Trans"},"content":{"rendered":"<p>NYX PROFESSIONAL MAKEUP High Definition Finishing Powder &ndash; 01 Translucent er et gennemsigtigt, silkebl\u00f8dt presset mineralpulver. Denne fantastiske pudder hj\u00e6lper med at mattere huden og skjule fine linjer og porer. Pudderet f\u00e5s i tre nuancer, se nedenfor for at finde den, der passer dig bedst.<\/p>\n<p>Transparent &#8211; Matter ned<br \/>Banan &#8211; Gul korrigerer skinnende hud<br \/>Mintgr\u00f8n &#8211; Korrigerer r\u00f8d hud&lt;br <br \/>V\u00e6gt: 8 gr<\/p>\n","protected":false},"excerpt":{"rendered":"<p>NYX PROFESSIONAL MAKEUP High Definition Finishing Powder &ndash; 01 Translucent er et gennemsigtigt, silkebl\u00f8dt presset mineralpulver. Denne fantastiske pudder hj\u00e6lper med at mattere huden og skjule fine linjer og porer. Pudderet f\u00e5s i tre nuancer, se nedenfor for at finde den, der passer dig bedst. Transparent &#8211; Matter nedBanan &#8211; Gul korrigerer skinnende hudMintgr\u00f8n &#8211; [&hellip;]<\/p>\n","protected":false},"featured_media":140861,"comment_status":"open","ping_status":"closed","template":"","meta":{"_trash_the_other_posts":false},"product_brand":[],"product_cat":[606],"product_tag":[3675],"berocket_brand":[1025],"class_list":{"0":"post-140865","1":"product","2":"type-product","3":"status-publish","4":"has-post-thumbnail","6":"product_cat-pulver","7":"product_tag-nyx-prof-makeup-high-definition-finishing-powder","8":"pa_brand-nyx","9":"pa_variant-translucent","10":"berocket_brand-nyx","12":"first","13":"instock","14":"sale","15":"taxable","16":"shipping-taxable","17":"purchasable","18":"product-type-simple"},"_links":{"self":[{"href":"https:\/\/stylingagenten.com\/da\/wp-json\/wp\/v2\/product\/140865","targetHints":{"allow":["GET"]}}],"collection":[{"href":"https:\/\/stylingagenten.com\/da\/wp-json\/wp\/v2\/product"}],"about":[{"href":"https:\/\/stylingagenten.com\/da\/wp-json\/wp\/v2\/types\/product"}],"replies":[{"embeddable":true,"href":"https:\/\/stylingagenten.com\/da\/wp-json\/wp\/v2\/comments?post=140865"}],"version-history":[{"count":0,"href":"https:\/\/stylingagenten.com\/da\/wp-json\/wp\/v2\/product\/140865\/revisions"}],"wp:featuredmedia":[{"embeddable":true,"href":"https:\/\/stylingagenten.com\/da\/wp-json\/wp\/v2\/media\/140861"}],"wp:attachment":[{"href":"https:\/\/stylingagenten.com\/da\/wp-json\/wp\/v2\/media?parent=140865"}],"wp:term":[{"taxonomy":"product_brand","embeddable":true,"href":"https:\/\/stylingagenten.com\/da\/wp-json\/wp\/v2\/product_brand?post=140865"},{"taxonomy":"product_cat","embeddable":true,"href":"https:\/\/stylingagenten.com\/da\/wp-json\/wp\/v2\/product_cat?post=140865"},{"taxonomy":"product_tag","embeddable":true,"href":"https:\/\/stylingagenten.com\/da\/wp-json\/wp\/v2\/product_tag?post=140865"},{"taxonomy":"berocket_brand","embeddable":true,"href":"https:\/\/stylingagenten.com\/da\/wp-json\/wp\/v2\/berocket_brand?post=140865"}],"curies":[{"name":"wp","href":"https:\/\/api.w.org\/{rel}","templated":true}]}}