{"id":140812,"date":"2025-05-18T23:08:12","date_gmt":"2025-05-18T23:08:12","guid":{"rendered":"https:\/\/staging2.stylingagenten.com\/da\/produkt\/max-factor-creme-puff-40-creamy-ivory\/"},"modified":"2026-02-19T08:47:01","modified_gmt":"2026-02-19T08:47:01","slug":"max-factor-creme-puff-40-creamy-ivory","status":"publish","type":"product","link":"https:\/\/stylingagenten.com\/da\/produkt\/max-factor-creme-puff-40-creamy-ivory\/","title":{"rendered":"Max Factor Creme Puff 40 Creamy Ivory"},"content":{"rendered":"<p>Max Factor Creme Puff 40 Creamy Ivory<br \/>Glamour\u00f8s hud er let at opn\u00e5 med den luksuri\u00f8se finish af denne mediumd\u00e6kkende kompakte pudder. Max Factor Creme Puff Pressed Compact Powder er et klassisk presset pudder, der ogs\u00e5 kan bruges som foundation Max Factor Creme Puff Pressed Compact Powder giver dig b\u00e5de god d\u00e6kkeevne og en smuk mat finish, fordi formlen absorberer overskydende olier. Velegnet til alle hudtyper og giver et fejlfrit look med en bl\u00f8d, subtil gl\u00f8d takket v\u00e6re millioner af mirakel lysreflekterende partikler i produktet. Et alsidigt alt-i-et pudder, der passer til alle lejligheder.<\/p>\n","protected":false},"excerpt":{"rendered":"<p>Max Factor Creme Puff 40 Creamy IvoryGlamour\u00f8s hud er let at opn\u00e5 med den luksuri\u00f8se finish af denne mediumd\u00e6kkende kompakte pudder. Max Factor Creme Puff Pressed Compact Powder er et klassisk presset pudder, der ogs\u00e5 kan bruges som foundation Max Factor Creme Puff Pressed Compact Powder giver dig b\u00e5de god d\u00e6kkeevne og en smuk mat [&hellip;]<\/p>\n","protected":false},"featured_media":140811,"comment_status":"open","ping_status":"closed","template":"","meta":{"_trash_the_other_posts":false},"product_brand":[],"product_cat":[606],"product_tag":[3472],"berocket_brand":[1013],"class_list":{"0":"post-140812","1":"product","2":"type-product","3":"status-publish","4":"has-post-thumbnail","6":"product_cat-pulver","7":"product_tag-max-factor-creme-puff","8":"pa_brand-max-factor","9":"pa_variant-40-creamy-ivory","10":"berocket_brand-max-factor","12":"first","13":"instock","14":"sale","15":"taxable","16":"shipping-taxable","17":"purchasable","18":"product-type-simple"},"_links":{"self":[{"href":"https:\/\/stylingagenten.com\/da\/wp-json\/wp\/v2\/product\/140812","targetHints":{"allow":["GET"]}}],"collection":[{"href":"https:\/\/stylingagenten.com\/da\/wp-json\/wp\/v2\/product"}],"about":[{"href":"https:\/\/stylingagenten.com\/da\/wp-json\/wp\/v2\/types\/product"}],"replies":[{"embeddable":true,"href":"https:\/\/stylingagenten.com\/da\/wp-json\/wp\/v2\/comments?post=140812"}],"version-history":[{"count":0,"href":"https:\/\/stylingagenten.com\/da\/wp-json\/wp\/v2\/product\/140812\/revisions"}],"wp:featuredmedia":[{"embeddable":true,"href":"https:\/\/stylingagenten.com\/da\/wp-json\/wp\/v2\/media\/140811"}],"wp:attachment":[{"href":"https:\/\/stylingagenten.com\/da\/wp-json\/wp\/v2\/media?parent=140812"}],"wp:term":[{"taxonomy":"product_brand","embeddable":true,"href":"https:\/\/stylingagenten.com\/da\/wp-json\/wp\/v2\/product_brand?post=140812"},{"taxonomy":"product_cat","embeddable":true,"href":"https:\/\/stylingagenten.com\/da\/wp-json\/wp\/v2\/product_cat?post=140812"},{"taxonomy":"product_tag","embeddable":true,"href":"https:\/\/stylingagenten.com\/da\/wp-json\/wp\/v2\/product_tag?post=140812"},{"taxonomy":"berocket_brand","embeddable":true,"href":"https:\/\/stylingagenten.com\/da\/wp-json\/wp\/v2\/berocket_brand?post=140812"}],"curies":[{"name":"wp","href":"https:\/\/api.w.org\/{rel}","templated":true}]}}