{"id":140805,"date":"2025-05-18T23:08:10","date_gmt":"2025-05-18T23:08:10","guid":{"rendered":"https:\/\/staging2.stylingagenten.com\/da\/produkt\/artdeco-no-color-setting-powder-1-transparent-12g\/"},"modified":"2025-12-18T21:29:53","modified_gmt":"2025-12-18T21:29:53","slug":"artdeco-no-color-setting-powder-1-transparent-12g","status":"publish","type":"product","link":"https:\/\/stylingagenten.com\/da\/produkt\/artdeco-no-color-setting-powder-1-transparent-12g\/","title":{"rendered":"Artdeco No Color Setting Powder 1 Transparent 12g"},"content":{"rendered":"<p>Artdeco No Color Setting Powder 1 Transparent 12g<br \/>Transparent og lysreflekterende pudder til alle hudtoner. Fixerer makeuppen, giver en mat finish og et langtidsholdbart resultat. Takket v\u00e6re unikke ingredienser og teknologi tilpasser pudderet sig til alle typer lys, for str\u00e5lende hud i alle situationer! Den cremede tekstur med mikrofint pudder indeholder ogs\u00e5 hudplejeingredienser: Irsk mos, mineralrigt havvand og squalane.<br \/>\u2022 Gennemsigtig pudder til alle hudtoner<br \/>\u2022 Lysreflekterende og langtidsholdbart resultat<br \/>\u2022 Hud plejeingredienser<br \/>\u2022 Vegansk<\/p>\n","protected":false},"excerpt":{"rendered":"<p>Artdeco No Color Setting Powder 1 Transparent 12gTransparent og lysreflekterende pudder til alle hudtoner. Fixerer makeuppen, giver en mat finish og et langtidsholdbart resultat. Takket v\u00e6re unikke ingredienser og teknologi tilpasser pudderet sig til alle typer lys, for str\u00e5lende hud i alle situationer! Den cremede tekstur med mikrofint pudder indeholder ogs\u00e5 hudplejeingredienser: Irsk mos, mineralrigt [&hellip;]<\/p>\n","protected":false},"featured_media":140797,"comment_status":"open","ping_status":"closed","template":"","meta":{"_trash_the_other_posts":false},"product_brand":[],"product_cat":[1005,606],"product_tag":[],"berocket_brand":[1385],"class_list":{"0":"post-140805","1":"product","2":"type-product","3":"status-publish","4":"has-post-thumbnail","6":"product_cat-outlet","7":"product_cat-pulver","8":"pa_brand-artdeco","9":"berocket_brand-artdeco","11":"first","12":"instock","13":"sale","14":"taxable","15":"shipping-taxable","16":"purchasable","17":"product-type-simple"},"_links":{"self":[{"href":"https:\/\/stylingagenten.com\/da\/wp-json\/wp\/v2\/product\/140805","targetHints":{"allow":["GET"]}}],"collection":[{"href":"https:\/\/stylingagenten.com\/da\/wp-json\/wp\/v2\/product"}],"about":[{"href":"https:\/\/stylingagenten.com\/da\/wp-json\/wp\/v2\/types\/product"}],"replies":[{"embeddable":true,"href":"https:\/\/stylingagenten.com\/da\/wp-json\/wp\/v2\/comments?post=140805"}],"version-history":[{"count":0,"href":"https:\/\/stylingagenten.com\/da\/wp-json\/wp\/v2\/product\/140805\/revisions"}],"wp:featuredmedia":[{"embeddable":true,"href":"https:\/\/stylingagenten.com\/da\/wp-json\/wp\/v2\/media\/140797"}],"wp:attachment":[{"href":"https:\/\/stylingagenten.com\/da\/wp-json\/wp\/v2\/media?parent=140805"}],"wp:term":[{"taxonomy":"product_brand","embeddable":true,"href":"https:\/\/stylingagenten.com\/da\/wp-json\/wp\/v2\/product_brand?post=140805"},{"taxonomy":"product_cat","embeddable":true,"href":"https:\/\/stylingagenten.com\/da\/wp-json\/wp\/v2\/product_cat?post=140805"},{"taxonomy":"product_tag","embeddable":true,"href":"https:\/\/stylingagenten.com\/da\/wp-json\/wp\/v2\/product_tag?post=140805"},{"taxonomy":"berocket_brand","embeddable":true,"href":"https:\/\/stylingagenten.com\/da\/wp-json\/wp\/v2\/berocket_brand?post=140805"}],"curies":[{"name":"wp","href":"https:\/\/api.w.org\/{rel}","templated":true}]}}