{"id":140785,"date":"2025-05-18T23:08:05","date_gmt":"2025-05-18T23:08:05","guid":{"rendered":"https:\/\/staging2.stylingagenten.com\/da\/produkt\/makeup-revolution-pro-cc-perfecting-pressed-powder-beige\/"},"modified":"2025-12-27T07:26:48","modified_gmt":"2025-12-27T07:26:48","slug":"makeup-revolution-pro-cc-perfecting-pressed-powder-beige","status":"publish","type":"product","link":"https:\/\/stylingagenten.com\/da\/produkt\/makeup-revolution-pro-cc-perfecting-pressed-powder-beige\/","title":{"rendered":"Makeup Revolution PRO CC Perfecting Pressed Powder &#8211; Beige"},"content":{"rendered":"<p>Pro CC Perfecting Pressed Powder med fugtgivende hyaluronsyre og n\u00e6rende antioxidanter giver din hud en sk\u00f8n f\u00f8lelse. Den fine pudder smelter ind i huden og giver en let d\u00e6kning, mens makeuppen forbliver fikseret.<\/p>\n","protected":false},"excerpt":{"rendered":"<p>Pro CC Perfecting Pressed Powder med fugtgivende hyaluronsyre og n\u00e6rende antioxidanter giver din hud en sk\u00f8n f\u00f8lelse. Den fine pudder smelter ind i huden og giver en let d\u00e6kning, mens makeuppen forbliver fikseret.<\/p>\n","protected":false},"featured_media":140777,"comment_status":"open","ping_status":"closed","template":"","meta":{"_trash_the_other_posts":false},"product_brand":[],"product_cat":[606],"product_tag":[3342],"berocket_brand":[1050],"class_list":{"0":"post-140785","1":"product","2":"type-product","3":"status-publish","4":"has-post-thumbnail","6":"product_cat-pulver","7":"product_tag-makeup-revolution-pro-cc-perfecting-pressed-powder","8":"pa_brand-makeup-revolution","9":"pa_variant-beige","10":"berocket_brand-makeup-revolution","12":"first","13":"instock","14":"sale","15":"taxable","16":"shipping-taxable","17":"purchasable","18":"product-type-simple"},"_links":{"self":[{"href":"https:\/\/stylingagenten.com\/da\/wp-json\/wp\/v2\/product\/140785","targetHints":{"allow":["GET"]}}],"collection":[{"href":"https:\/\/stylingagenten.com\/da\/wp-json\/wp\/v2\/product"}],"about":[{"href":"https:\/\/stylingagenten.com\/da\/wp-json\/wp\/v2\/types\/product"}],"replies":[{"embeddable":true,"href":"https:\/\/stylingagenten.com\/da\/wp-json\/wp\/v2\/comments?post=140785"}],"version-history":[{"count":0,"href":"https:\/\/stylingagenten.com\/da\/wp-json\/wp\/v2\/product\/140785\/revisions"}],"wp:featuredmedia":[{"embeddable":true,"href":"https:\/\/stylingagenten.com\/da\/wp-json\/wp\/v2\/media\/140777"}],"wp:attachment":[{"href":"https:\/\/stylingagenten.com\/da\/wp-json\/wp\/v2\/media?parent=140785"}],"wp:term":[{"taxonomy":"product_brand","embeddable":true,"href":"https:\/\/stylingagenten.com\/da\/wp-json\/wp\/v2\/product_brand?post=140785"},{"taxonomy":"product_cat","embeddable":true,"href":"https:\/\/stylingagenten.com\/da\/wp-json\/wp\/v2\/product_cat?post=140785"},{"taxonomy":"product_tag","embeddable":true,"href":"https:\/\/stylingagenten.com\/da\/wp-json\/wp\/v2\/product_tag?post=140785"},{"taxonomy":"berocket_brand","embeddable":true,"href":"https:\/\/stylingagenten.com\/da\/wp-json\/wp\/v2\/berocket_brand?post=140785"}],"curies":[{"name":"wp","href":"https:\/\/api.w.org\/{rel}","templated":true}]}}