{"id":140784,"date":"2025-05-18T23:08:05","date_gmt":"2025-05-18T23:08:05","guid":{"rendered":"https:\/\/staging2.stylingagenten.com\/da\/produkt\/artdeco-translucent-loose-powder-refill-02-light-8g\/"},"modified":"2026-02-20T11:26:41","modified_gmt":"2026-02-20T11:26:41","slug":"artdeco-translucent-loose-powder-refill-02-light-8g","status":"publish","type":"product","link":"https:\/\/stylingagenten.com\/da\/produkt\/artdeco-translucent-loose-powder-refill-02-light-8g\/","title":{"rendered":"Artdeco Translucent Loose Powder Refill 02 Light 8g"},"content":{"rendered":"<p>Translucent Loose Powder gennemskinnelig l\u00f8s pudder fikserer makeup med et usynligt lag og efterlader huden glat og frisk hele dagen. Pulveret d\u00e6kker let og j\u00e6vnt hele makeuppen, uden at tynge den og uden at forvr\u00e6nge teint. Konsistensen indeholder ikke talkum, smelter og sidder l\u00e6nge p\u00e5 huden. Derudover kan gennemsigtigt l\u00f8st pulver erstattes med en reservebakke. Komponenterne i det l\u00f8se pudder giver huden en elegant og str\u00e5lende finish. Naturligt glimmer giver huden en silkemat effekt, og h\u00e6fter sig optimalt til huden. Risstivelse har talgabsorberende egenskaber. Indeholder E-vitamin.<\/p>\n","protected":false},"excerpt":{"rendered":"<p>Translucent Loose Powder gennemskinnelig l\u00f8s pudder fikserer makeup med et usynligt lag og efterlader huden glat og frisk hele dagen. Pulveret d\u00e6kker let og j\u00e6vnt hele makeuppen, uden at tynge den og uden at forvr\u00e6nge teint. Konsistensen indeholder ikke talkum, smelter og sidder l\u00e6nge p\u00e5 huden. Derudover kan gennemsigtigt l\u00f8st pulver erstattes med en reservebakke. [&hellip;]<\/p>\n","protected":false},"featured_media":140778,"comment_status":"open","ping_status":"closed","template":"","meta":{"_trash_the_other_posts":false},"product_brand":[],"product_cat":[1005,606],"product_tag":[],"berocket_brand":[1385],"class_list":{"0":"post-140784","1":"product","2":"type-product","3":"status-publish","4":"has-post-thumbnail","6":"product_cat-outlet","7":"product_cat-pulver","8":"pa_brand-artdeco","9":"berocket_brand-artdeco","11":"first","12":"instock","13":"sale","14":"taxable","15":"shipping-taxable","16":"purchasable","17":"product-type-simple"},"_links":{"self":[{"href":"https:\/\/stylingagenten.com\/da\/wp-json\/wp\/v2\/product\/140784","targetHints":{"allow":["GET"]}}],"collection":[{"href":"https:\/\/stylingagenten.com\/da\/wp-json\/wp\/v2\/product"}],"about":[{"href":"https:\/\/stylingagenten.com\/da\/wp-json\/wp\/v2\/types\/product"}],"replies":[{"embeddable":true,"href":"https:\/\/stylingagenten.com\/da\/wp-json\/wp\/v2\/comments?post=140784"}],"version-history":[{"count":0,"href":"https:\/\/stylingagenten.com\/da\/wp-json\/wp\/v2\/product\/140784\/revisions"}],"wp:featuredmedia":[{"embeddable":true,"href":"https:\/\/stylingagenten.com\/da\/wp-json\/wp\/v2\/media\/140778"}],"wp:attachment":[{"href":"https:\/\/stylingagenten.com\/da\/wp-json\/wp\/v2\/media?parent=140784"}],"wp:term":[{"taxonomy":"product_brand","embeddable":true,"href":"https:\/\/stylingagenten.com\/da\/wp-json\/wp\/v2\/product_brand?post=140784"},{"taxonomy":"product_cat","embeddable":true,"href":"https:\/\/stylingagenten.com\/da\/wp-json\/wp\/v2\/product_cat?post=140784"},{"taxonomy":"product_tag","embeddable":true,"href":"https:\/\/stylingagenten.com\/da\/wp-json\/wp\/v2\/product_tag?post=140784"},{"taxonomy":"berocket_brand","embeddable":true,"href":"https:\/\/stylingagenten.com\/da\/wp-json\/wp\/v2\/berocket_brand?post=140784"}],"curies":[{"name":"wp","href":"https:\/\/api.w.org\/{rel}","templated":true}]}}