{"id":140766,"date":"2025-05-18T23:08:01","date_gmt":"2025-05-18T23:08:01","guid":{"rendered":"https:\/\/staging2.stylingagenten.com\/da\/produkt\/artdeco-high-definition-compact-powder-22-medium-honey-beige-10g\/"},"modified":"2026-03-24T16:37:42","modified_gmt":"2026-03-24T16:37:42","slug":"artdeco-high-definition-compact-powder-22-medium-honey-beige-10g","status":"publish","type":"product","link":"https:\/\/stylingagenten.com\/da\/produkt\/artdeco-high-definition-compact-powder-22-medium-honey-beige-10g\/","title":{"rendered":"Artdeco High Definition Compact Powder 22 Medium Honey Beige 10g"},"content":{"rendered":"<p>High Definition Compact Powder har en silkebl\u00f8d tekstur, der blander sig med huden, det er n\u00e6sten ikke synligt selv t\u00e6t p\u00e5! Den bl\u00f8de og lette formel er nem at p\u00e5f\u00f8re, og huden forbliver mat takket v\u00e6re olieabsorberende egenskaber. M\u00f8rke rande, rynker og uj\u00e6vnheder skjules takket v\u00e6re lysreflekterende pigmenter.<\/p>\n<p>\u2022 Silkebl\u00f8d tekstur, der blander sig med huden<br \/>\u2022 Olieabsorberende egenskaber til mat hud<br \/>\u2022 Lysreflekterende pigmenter skjuler m\u00f8rke cirkler, rynker og uj\u00e6vnheder<br \/>\u2022 Vegansk<\/p>\n","protected":false},"excerpt":{"rendered":"<p>High Definition Compact Powder har en silkebl\u00f8d tekstur, der blander sig med huden, det er n\u00e6sten ikke synligt selv t\u00e6t p\u00e5! Den bl\u00f8de og lette formel er nem at p\u00e5f\u00f8re, og huden forbliver mat takket v\u00e6re olieabsorberende egenskaber. M\u00f8rke rande, rynker og uj\u00e6vnheder skjules takket v\u00e6re lysreflekterende pigmenter. \u2022 Silkebl\u00f8d tekstur, der blander sig med [&hellip;]<\/p>\n","protected":false},"featured_media":140755,"comment_status":"open","ping_status":"closed","template":"","meta":{"_trash_the_other_posts":false},"product_brand":[],"product_cat":[1005,606],"product_tag":[2438],"berocket_brand":[1385],"class_list":{"0":"post-140766","1":"product","2":"type-product","3":"status-publish","4":"has-post-thumbnail","6":"product_cat-outlet","7":"product_cat-pulver","8":"product_tag-artdeco-high-definition-compact-powder-10g","9":"pa_brand-artdeco","10":"pa_variant-22-medium-honey-beige","11":"berocket_brand-artdeco","13":"first","14":"outofstock","15":"sale","16":"taxable","17":"shipping-taxable","18":"purchasable","19":"product-type-simple"},"_links":{"self":[{"href":"https:\/\/stylingagenten.com\/da\/wp-json\/wp\/v2\/product\/140766","targetHints":{"allow":["GET"]}}],"collection":[{"href":"https:\/\/stylingagenten.com\/da\/wp-json\/wp\/v2\/product"}],"about":[{"href":"https:\/\/stylingagenten.com\/da\/wp-json\/wp\/v2\/types\/product"}],"replies":[{"embeddable":true,"href":"https:\/\/stylingagenten.com\/da\/wp-json\/wp\/v2\/comments?post=140766"}],"version-history":[{"count":0,"href":"https:\/\/stylingagenten.com\/da\/wp-json\/wp\/v2\/product\/140766\/revisions"}],"wp:featuredmedia":[{"embeddable":true,"href":"https:\/\/stylingagenten.com\/da\/wp-json\/wp\/v2\/media\/140755"}],"wp:attachment":[{"href":"https:\/\/stylingagenten.com\/da\/wp-json\/wp\/v2\/media?parent=140766"}],"wp:term":[{"taxonomy":"product_brand","embeddable":true,"href":"https:\/\/stylingagenten.com\/da\/wp-json\/wp\/v2\/product_brand?post=140766"},{"taxonomy":"product_cat","embeddable":true,"href":"https:\/\/stylingagenten.com\/da\/wp-json\/wp\/v2\/product_cat?post=140766"},{"taxonomy":"product_tag","embeddable":true,"href":"https:\/\/stylingagenten.com\/da\/wp-json\/wp\/v2\/product_tag?post=140766"},{"taxonomy":"berocket_brand","embeddable":true,"href":"https:\/\/stylingagenten.com\/da\/wp-json\/wp\/v2\/berocket_brand?post=140766"}],"curies":[{"name":"wp","href":"https:\/\/api.w.org\/{rel}","templated":true}]}}