{"id":140731,"date":"2025-05-18T23:07:54","date_gmt":"2025-05-18T23:07:54","guid":{"rendered":"https:\/\/staging2.stylingagenten.com\/da\/produkt\/max-factor-creme-puff-14-golden-beige\/"},"modified":"2026-03-24T06:27:51","modified_gmt":"2026-03-24T06:27:51","slug":"max-factor-creme-puff-14-golden-beige","status":"publish","type":"product","link":"https:\/\/stylingagenten.com\/da\/produkt\/max-factor-creme-puff-14-golden-beige\/","title":{"rendered":"Max Factor Creme Puff 14 Golden Beige"},"content":{"rendered":"<p>At opn\u00e5 glamour\u00f8s hud er nemt med dette pudder. Max Factor Creme Puff 14 Golden Beige giver en luksuri\u00f8s fuld d\u00e6knings-effekt. Det er perfekt til alle hudtyper og giver et fejlfrit resultat med en bl\u00f8d, subtil glans takket v\u00e6re millioner af lysreflekterende partikler.<\/p>\n<p>Anvendelse: Tips fra makeupartisten; Creme Puff kan bruges b\u00e5de som en ekstra mat variant af almindelig foundation p\u00e5 godt fugtet hud, eller \u2013 for dem der foretr\u00e6kker det \u2013 p\u00e5f\u00f8rt over foundation som et d\u00e6kkende pudder.<\/p>\n","protected":false},"excerpt":{"rendered":"<p>At opn\u00e5 glamour\u00f8s hud er nemt med dette pudder. Max Factor Creme Puff 14 Golden Beige giver en luksuri\u00f8s fuld d\u00e6knings-effekt. Det er perfekt til alle hudtyper og giver et fejlfrit resultat med en bl\u00f8d, subtil glans takket v\u00e6re millioner af lysreflekterende partikler. Anvendelse: Tips fra makeupartisten; Creme Puff kan bruges b\u00e5de som en ekstra [&hellip;]<\/p>\n","protected":false},"featured_media":140727,"comment_status":"open","ping_status":"closed","template":"","meta":{"_trash_the_other_posts":false},"product_brand":[],"product_cat":[606],"product_tag":[3472],"berocket_brand":[1013],"class_list":{"0":"post-140731","1":"product","2":"type-product","3":"status-publish","4":"has-post-thumbnail","6":"product_cat-pulver","7":"product_tag-max-factor-creme-puff","8":"pa_brand-max-factor","9":"pa_variant-14-golden-beige","10":"berocket_brand-max-factor","12":"first","13":"instock","14":"sale","15":"taxable","16":"shipping-taxable","17":"purchasable","18":"product-type-simple"},"_links":{"self":[{"href":"https:\/\/stylingagenten.com\/da\/wp-json\/wp\/v2\/product\/140731","targetHints":{"allow":["GET"]}}],"collection":[{"href":"https:\/\/stylingagenten.com\/da\/wp-json\/wp\/v2\/product"}],"about":[{"href":"https:\/\/stylingagenten.com\/da\/wp-json\/wp\/v2\/types\/product"}],"replies":[{"embeddable":true,"href":"https:\/\/stylingagenten.com\/da\/wp-json\/wp\/v2\/comments?post=140731"}],"version-history":[{"count":0,"href":"https:\/\/stylingagenten.com\/da\/wp-json\/wp\/v2\/product\/140731\/revisions"}],"wp:featuredmedia":[{"embeddable":true,"href":"https:\/\/stylingagenten.com\/da\/wp-json\/wp\/v2\/media\/140727"}],"wp:attachment":[{"href":"https:\/\/stylingagenten.com\/da\/wp-json\/wp\/v2\/media?parent=140731"}],"wp:term":[{"taxonomy":"product_brand","embeddable":true,"href":"https:\/\/stylingagenten.com\/da\/wp-json\/wp\/v2\/product_brand?post=140731"},{"taxonomy":"product_cat","embeddable":true,"href":"https:\/\/stylingagenten.com\/da\/wp-json\/wp\/v2\/product_cat?post=140731"},{"taxonomy":"product_tag","embeddable":true,"href":"https:\/\/stylingagenten.com\/da\/wp-json\/wp\/v2\/product_tag?post=140731"},{"taxonomy":"berocket_brand","embeddable":true,"href":"https:\/\/stylingagenten.com\/da\/wp-json\/wp\/v2\/berocket_brand?post=140731"}],"curies":[{"name":"wp","href":"https:\/\/api.w.org\/{rel}","templated":true}]}}