{"id":140725,"date":"2025-05-18T23:07:52","date_gmt":"2025-05-18T23:07:52","guid":{"rendered":"https:\/\/staging2.stylingagenten.com\/da\/produkt\/bareminerals-original-mineral-veil-pressed-setting-powder-sheer-medium\/"},"modified":"2026-04-09T22:38:40","modified_gmt":"2026-04-09T22:38:40","slug":"bareminerals-original-mineral-veil-pressed-setting-powder-sheer-medium","status":"publish","type":"product","link":"https:\/\/stylingagenten.com\/da\/produkt\/bareminerals-original-mineral-veil-pressed-setting-powder-sheer-medium\/","title":{"rendered":"BareMinerals Original Mineral Veil Pressed Setting Powder Sheer Medium"},"content":{"rendered":"<p>Original Mineral Veil Pressed Setting Powder er et letv\u00e6gtspudder, der fikserer og forl\u00e6nger holdbarheden af ??makeup og samtidig forbedrer hudens udseende. Dette setting pulver er klinisk bevist at reducere forekomsten af ??porer over tid. Den sl\u00f8rer \u00f8jeblikkeligt forekomsten af ??ufuldkommenheder og giver huden en bl\u00f8d mat finish &#8211; der er ikke behov for filter. Den indeholder n\u00e6rende, plejende shea- og kakaosm\u00f8r og E-vitamin, der beskytter mod milj\u00f8m\u00e6ssige stressfaktorer.<\/p>\n<p>Appliceringspust medf\u00f8lger, som er perfekt til touchups i l\u00f8bet af dagen.<br \/>&#8211; Vegansk<br \/>&#8211; Fri for talkum, formaldehyd , syntetisk duft og gluten<br \/>&#8211; Dermatologisk testet<br \/>&#8211; Hypoallergen<br \/>&#8211; Ikke-komedogen<\/p>\n","protected":false},"excerpt":{"rendered":"<p>Original Mineral Veil Pressed Setting Powder er et letv\u00e6gtspudder, der fikserer og forl\u00e6nger holdbarheden af ??makeup og samtidig forbedrer hudens udseende. Dette setting pulver er klinisk bevist at reducere forekomsten af ??porer over tid. Den sl\u00f8rer \u00f8jeblikkeligt forekomsten af ??ufuldkommenheder og giver huden en bl\u00f8d mat finish &#8211; der er ikke behov for filter. Den [&hellip;]<\/p>\n","protected":false},"featured_media":140709,"comment_status":"open","ping_status":"closed","template":"","meta":{"_trash_the_other_posts":false},"product_brand":[],"product_cat":[606],"product_tag":[2480],"berocket_brand":[1256],"class_list":{"0":"post-140725","1":"product","2":"type-product","3":"status-publish","4":"has-post-thumbnail","6":"product_cat-pulver","7":"product_tag-bareminerals-original-mineral-veil-pressed-setting-powder","8":"pa_brand-bareminerals","9":"pa_variant-sheer-medium","10":"berocket_brand-bareminerals","12":"first","13":"outofstock","14":"sale","15":"taxable","16":"shipping-taxable","17":"purchasable","18":"product-type-simple"},"_links":{"self":[{"href":"https:\/\/stylingagenten.com\/da\/wp-json\/wp\/v2\/product\/140725","targetHints":{"allow":["GET"]}}],"collection":[{"href":"https:\/\/stylingagenten.com\/da\/wp-json\/wp\/v2\/product"}],"about":[{"href":"https:\/\/stylingagenten.com\/da\/wp-json\/wp\/v2\/types\/product"}],"replies":[{"embeddable":true,"href":"https:\/\/stylingagenten.com\/da\/wp-json\/wp\/v2\/comments?post=140725"}],"version-history":[{"count":0,"href":"https:\/\/stylingagenten.com\/da\/wp-json\/wp\/v2\/product\/140725\/revisions"}],"wp:featuredmedia":[{"embeddable":true,"href":"https:\/\/stylingagenten.com\/da\/wp-json\/wp\/v2\/media\/140709"}],"wp:attachment":[{"href":"https:\/\/stylingagenten.com\/da\/wp-json\/wp\/v2\/media?parent=140725"}],"wp:term":[{"taxonomy":"product_brand","embeddable":true,"href":"https:\/\/stylingagenten.com\/da\/wp-json\/wp\/v2\/product_brand?post=140725"},{"taxonomy":"product_cat","embeddable":true,"href":"https:\/\/stylingagenten.com\/da\/wp-json\/wp\/v2\/product_cat?post=140725"},{"taxonomy":"product_tag","embeddable":true,"href":"https:\/\/stylingagenten.com\/da\/wp-json\/wp\/v2\/product_tag?post=140725"},{"taxonomy":"berocket_brand","embeddable":true,"href":"https:\/\/stylingagenten.com\/da\/wp-json\/wp\/v2\/berocket_brand?post=140725"}],"curies":[{"name":"wp","href":"https:\/\/api.w.org\/{rel}","templated":true}]}}