{"id":140706,"date":"2025-05-18T23:07:48","date_gmt":"2025-05-18T23:07:48","guid":{"rendered":"https:\/\/staging2.stylingagenten.com\/da\/produkt\/wet-n-wild-photo-focus-loose-setting-powder-translucent-20g\/"},"modified":"2026-01-28T01:26:32","modified_gmt":"2026-01-28T01:26:32","slug":"wet-n-wild-photo-focus-loose-setting-powder-translucent-20g","status":"publish","type":"product","link":"https:\/\/stylingagenten.com\/da\/produkt\/wet-n-wild-photo-focus-loose-setting-powder-translucent-20g\/","title":{"rendered":"Wet n Wild Photo Focus Loose Setting Powder Translucent 20g"},"content":{"rendered":"<p>Wet n Wild Photo Focus Loose Setting Powder Translucent er et silkeagtigt og v\u00e6gtl\u00f8st fikseringspudder, der kan bruges til at mattere huden, absorbere olie, &#8220;bage&#8221; makeup og holde den p\u00e5 plads. P\u00e5f\u00f8r efter foundation for en soft focus-effekt og for at udviske fine linjer og uj\u00e6vnheder.<\/p>\n<p>20 g<\/p>\n","protected":false},"excerpt":{"rendered":"<p>Wet n Wild Photo Focus Loose Setting Powder Translucent er et silkeagtigt og v\u00e6gtl\u00f8st fikseringspudder, der kan bruges til at mattere huden, absorbere olie, &#8220;bage&#8221; makeup og holde den p\u00e5 plads. P\u00e5f\u00f8r efter foundation for en soft focus-effekt og for at udviske fine linjer og uj\u00e6vnheder. 20 g<\/p>\n","protected":false},"featured_media":140704,"comment_status":"open","ping_status":"closed","template":"","meta":{"_trash_the_other_posts":false},"product_brand":[],"product_cat":[606],"product_tag":[4112],"berocket_brand":[1035],"class_list":{"0":"post-140706","1":"product","2":"type-product","3":"status-publish","4":"has-post-thumbnail","6":"product_cat-pulver","7":"product_tag-wet-n-wild-photo-focus-loose-setting-powder-20g","8":"pa_brand-wet-n-wild","9":"pa_variant-banana","10":"berocket_brand-wet-n-wild","12":"first","13":"instock","14":"sale","15":"taxable","16":"shipping-taxable","17":"purchasable","18":"product-type-simple"},"_links":{"self":[{"href":"https:\/\/stylingagenten.com\/da\/wp-json\/wp\/v2\/product\/140706","targetHints":{"allow":["GET"]}}],"collection":[{"href":"https:\/\/stylingagenten.com\/da\/wp-json\/wp\/v2\/product"}],"about":[{"href":"https:\/\/stylingagenten.com\/da\/wp-json\/wp\/v2\/types\/product"}],"replies":[{"embeddable":true,"href":"https:\/\/stylingagenten.com\/da\/wp-json\/wp\/v2\/comments?post=140706"}],"version-history":[{"count":0,"href":"https:\/\/stylingagenten.com\/da\/wp-json\/wp\/v2\/product\/140706\/revisions"}],"wp:featuredmedia":[{"embeddable":true,"href":"https:\/\/stylingagenten.com\/da\/wp-json\/wp\/v2\/media\/140704"}],"wp:attachment":[{"href":"https:\/\/stylingagenten.com\/da\/wp-json\/wp\/v2\/media?parent=140706"}],"wp:term":[{"taxonomy":"product_brand","embeddable":true,"href":"https:\/\/stylingagenten.com\/da\/wp-json\/wp\/v2\/product_brand?post=140706"},{"taxonomy":"product_cat","embeddable":true,"href":"https:\/\/stylingagenten.com\/da\/wp-json\/wp\/v2\/product_cat?post=140706"},{"taxonomy":"product_tag","embeddable":true,"href":"https:\/\/stylingagenten.com\/da\/wp-json\/wp\/v2\/product_tag?post=140706"},{"taxonomy":"berocket_brand","embeddable":true,"href":"https:\/\/stylingagenten.com\/da\/wp-json\/wp\/v2\/berocket_brand?post=140706"}],"curies":[{"name":"wp","href":"https:\/\/api.w.org\/{rel}","templated":true}]}}