{"id":140673,"date":"2025-05-18T23:07:39","date_gmt":"2025-05-18T23:07:39","guid":{"rendered":"https:\/\/staging2.stylingagenten.com\/da\/produkt\/kokie-kiss-tell-lip-primer\/"},"modified":"2025-12-20T11:26:42","modified_gmt":"2025-12-20T11:26:42","slug":"kokie-kiss-tell-lip-primer","status":"publish","type":"product","link":"https:\/\/stylingagenten.com\/da\/produkt\/kokie-kiss-tell-lip-primer\/","title":{"rendered":"Kokie Kiss &amp; Tell Lip Primer"},"content":{"rendered":"<p>Forbered og behold blyanten p\u00e5; spot med Kokie Kiss &amp; Fort\u00e6l Lip Primer!<br \/>Denne primer forhindrer bl\u00f8dning, misfarvning og forl\u00e6nger dine l\u00e6bers levetid. l\u00e6berne, mens de fugter.<br \/>Lad t\u00f8rre i 30 sekunder, f\u00f8r du p\u00e5f\u00f8rer dit valg af l\u00e6bemakeup. &nbsp;<\/p>\n","protected":false},"excerpt":{"rendered":"<p>Forbered og behold blyanten p\u00e5; spot med Kokie Kiss &amp; Fort\u00e6l Lip Primer!Denne primer forhindrer bl\u00f8dning, misfarvning og forl\u00e6nger dine l\u00e6bers levetid. l\u00e6berne, mens de fugter.Lad t\u00f8rre i 30 sekunder, f\u00f8r du p\u00e5f\u00f8rer dit valg af l\u00e6bemakeup. &nbsp;<\/p>\n","protected":false},"featured_media":140670,"comment_status":"open","ping_status":"closed","template":"","meta":{"_trash_the_other_posts":false},"product_brand":[],"product_cat":[598],"product_tag":[],"berocket_brand":[1198],"class_list":{"0":"post-140673","1":"product","2":"type-product","3":"status-publish","4":"has-post-thumbnail","6":"product_cat-primer","7":"pa_brand-kokie-cosmetics","8":"berocket_brand-kokie-cosmetics","10":"first","11":"instock","12":"sale","13":"taxable","14":"shipping-taxable","15":"purchasable","16":"product-type-simple"},"_links":{"self":[{"href":"https:\/\/stylingagenten.com\/da\/wp-json\/wp\/v2\/product\/140673","targetHints":{"allow":["GET"]}}],"collection":[{"href":"https:\/\/stylingagenten.com\/da\/wp-json\/wp\/v2\/product"}],"about":[{"href":"https:\/\/stylingagenten.com\/da\/wp-json\/wp\/v2\/types\/product"}],"replies":[{"embeddable":true,"href":"https:\/\/stylingagenten.com\/da\/wp-json\/wp\/v2\/comments?post=140673"}],"version-history":[{"count":0,"href":"https:\/\/stylingagenten.com\/da\/wp-json\/wp\/v2\/product\/140673\/revisions"}],"wp:featuredmedia":[{"embeddable":true,"href":"https:\/\/stylingagenten.com\/da\/wp-json\/wp\/v2\/media\/140670"}],"wp:attachment":[{"href":"https:\/\/stylingagenten.com\/da\/wp-json\/wp\/v2\/media?parent=140673"}],"wp:term":[{"taxonomy":"product_brand","embeddable":true,"href":"https:\/\/stylingagenten.com\/da\/wp-json\/wp\/v2\/product_brand?post=140673"},{"taxonomy":"product_cat","embeddable":true,"href":"https:\/\/stylingagenten.com\/da\/wp-json\/wp\/v2\/product_cat?post=140673"},{"taxonomy":"product_tag","embeddable":true,"href":"https:\/\/stylingagenten.com\/da\/wp-json\/wp\/v2\/product_tag?post=140673"},{"taxonomy":"berocket_brand","embeddable":true,"href":"https:\/\/stylingagenten.com\/da\/wp-json\/wp\/v2\/berocket_brand?post=140673"}],"curies":[{"name":"wp","href":"https:\/\/api.w.org\/{rel}","templated":true}]}}