{"id":140584,"date":"2025-05-18T23:07:15","date_gmt":"2025-05-18T23:07:15","guid":{"rendered":"https:\/\/staging2.stylingagenten.com\/da\/produkt\/wet-n-wild-prime-focus-primer-serum-30ml\/"},"modified":"2025-12-18T21:57:53","modified_gmt":"2025-12-18T21:57:53","slug":"wet-n-wild-prime-focus-primer-serum-30ml","status":"publish","type":"product","link":"https:\/\/stylingagenten.com\/da\/produkt\/wet-n-wild-prime-focus-primer-serum-30ml\/","title":{"rendered":"Wet n Wild Prime Focus Primer Serum 30ml"},"content":{"rendered":"<p>Wet n Wild Prime Focus Primer Serum er et let, fugtgivende, vandbaseret serum, der forbereder huden og giver et bad til langtidsholdbar makeup. Serummet er formuleret med n\u00e6rende ingredienser s\u00e5som rosenvand, kameliabladekstrakt og ekstrakt af gr\u00f8n te, der giver fugt og glatter huden. Den silkebl\u00f8de, cremede tekstur skaber det perfekte grundlag for en j\u00e6vn hudtone og en fejlfri finish med udstr\u00e5ling.&nbsp;<\/p>\n","protected":false},"excerpt":{"rendered":"<p>Wet n Wild Prime Focus Primer Serum er et let, fugtgivende, vandbaseret serum, der forbereder huden og giver et bad til langtidsholdbar makeup. Serummet er formuleret med n\u00e6rende ingredienser s\u00e5som rosenvand, kameliabladekstrakt og ekstrakt af gr\u00f8n te, der giver fugt og glatter huden. Den silkebl\u00f8de, cremede tekstur skaber det perfekte grundlag for en j\u00e6vn hudtone [&hellip;]<\/p>\n","protected":false},"featured_media":140571,"comment_status":"open","ping_status":"closed","template":"","meta":{"_trash_the_other_posts":false},"product_brand":[],"product_cat":[1005,598],"product_tag":[],"berocket_brand":[1035],"class_list":{"0":"post-140584","1":"product","2":"type-product","3":"status-publish","4":"has-post-thumbnail","6":"product_cat-outlet","7":"product_cat-primer","8":"pa_brand-wet-n-wild","9":"berocket_brand-wet-n-wild","11":"first","12":"instock","13":"sale","14":"taxable","15":"shipping-taxable","16":"purchasable","17":"product-type-simple"},"_links":{"self":[{"href":"https:\/\/stylingagenten.com\/da\/wp-json\/wp\/v2\/product\/140584","targetHints":{"allow":["GET"]}}],"collection":[{"href":"https:\/\/stylingagenten.com\/da\/wp-json\/wp\/v2\/product"}],"about":[{"href":"https:\/\/stylingagenten.com\/da\/wp-json\/wp\/v2\/types\/product"}],"replies":[{"embeddable":true,"href":"https:\/\/stylingagenten.com\/da\/wp-json\/wp\/v2\/comments?post=140584"}],"version-history":[{"count":0,"href":"https:\/\/stylingagenten.com\/da\/wp-json\/wp\/v2\/product\/140584\/revisions"}],"wp:featuredmedia":[{"embeddable":true,"href":"https:\/\/stylingagenten.com\/da\/wp-json\/wp\/v2\/media\/140571"}],"wp:attachment":[{"href":"https:\/\/stylingagenten.com\/da\/wp-json\/wp\/v2\/media?parent=140584"}],"wp:term":[{"taxonomy":"product_brand","embeddable":true,"href":"https:\/\/stylingagenten.com\/da\/wp-json\/wp\/v2\/product_brand?post=140584"},{"taxonomy":"product_cat","embeddable":true,"href":"https:\/\/stylingagenten.com\/da\/wp-json\/wp\/v2\/product_cat?post=140584"},{"taxonomy":"product_tag","embeddable":true,"href":"https:\/\/stylingagenten.com\/da\/wp-json\/wp\/v2\/product_tag?post=140584"},{"taxonomy":"berocket_brand","embeddable":true,"href":"https:\/\/stylingagenten.com\/da\/wp-json\/wp\/v2\/berocket_brand?post=140584"}],"curies":[{"name":"wp","href":"https:\/\/api.w.org\/{rel}","templated":true}]}}