{"id":140414,"date":"2025-05-18T23:06:25","date_gmt":"2025-05-18T23:06:25","guid":{"rendered":"https:\/\/staging2.stylingagenten.com\/da\/produkt\/wet-n-wild-impossible-primer-stick-14-2g\/"},"modified":"2025-12-18T21:58:51","modified_gmt":"2025-12-18T21:58:51","slug":"wet-n-wild-impossible-primer-stick-14-2g","status":"publish","type":"product","link":"https:\/\/stylingagenten.com\/da\/produkt\/wet-n-wild-impossible-primer-stick-14-2g\/","title":{"rendered":"Wet n Wild Impossible Primer Stick 14.2g"},"content":{"rendered":"<p>Wet n Wild Impossible Primer Stick er en silikonefri primer i stiftform, der matter huden, udvisker porerne, forl\u00e6nger makeupens holdbarhed og giver en fejlfri soft focus-finish. Beroligende ekstrakter fra stikkelsb\u00e6r og jeju-blomst sikrer en problemfri p\u00e5f\u00f8ring.<br \/><\/p>\n","protected":false},"excerpt":{"rendered":"<p>Wet n Wild Impossible Primer Stick er en silikonefri primer i stiftform, der matter huden, udvisker porerne, forl\u00e6nger makeupens holdbarhed og giver en fejlfri soft focus-finish. Beroligende ekstrakter fra stikkelsb\u00e6r og jeju-blomst sikrer en problemfri p\u00e5f\u00f8ring.<\/p>\n","protected":false},"featured_media":140403,"comment_status":"open","ping_status":"closed","template":"","meta":{"_trash_the_other_posts":false},"product_brand":[],"product_cat":[598],"product_tag":[],"berocket_brand":[1035],"class_list":{"0":"post-140414","1":"product","2":"type-product","3":"status-publish","4":"has-post-thumbnail","6":"product_cat-primer","7":"pa_brand-wet-n-wild","8":"berocket_brand-wet-n-wild","10":"first","11":"instock","12":"sale","13":"taxable","14":"shipping-taxable","15":"purchasable","16":"product-type-simple"},"_links":{"self":[{"href":"https:\/\/stylingagenten.com\/da\/wp-json\/wp\/v2\/product\/140414","targetHints":{"allow":["GET"]}}],"collection":[{"href":"https:\/\/stylingagenten.com\/da\/wp-json\/wp\/v2\/product"}],"about":[{"href":"https:\/\/stylingagenten.com\/da\/wp-json\/wp\/v2\/types\/product"}],"replies":[{"embeddable":true,"href":"https:\/\/stylingagenten.com\/da\/wp-json\/wp\/v2\/comments?post=140414"}],"version-history":[{"count":0,"href":"https:\/\/stylingagenten.com\/da\/wp-json\/wp\/v2\/product\/140414\/revisions"}],"wp:featuredmedia":[{"embeddable":true,"href":"https:\/\/stylingagenten.com\/da\/wp-json\/wp\/v2\/media\/140403"}],"wp:attachment":[{"href":"https:\/\/stylingagenten.com\/da\/wp-json\/wp\/v2\/media?parent=140414"}],"wp:term":[{"taxonomy":"product_brand","embeddable":true,"href":"https:\/\/stylingagenten.com\/da\/wp-json\/wp\/v2\/product_brand?post=140414"},{"taxonomy":"product_cat","embeddable":true,"href":"https:\/\/stylingagenten.com\/da\/wp-json\/wp\/v2\/product_cat?post=140414"},{"taxonomy":"product_tag","embeddable":true,"href":"https:\/\/stylingagenten.com\/da\/wp-json\/wp\/v2\/product_tag?post=140414"},{"taxonomy":"berocket_brand","embeddable":true,"href":"https:\/\/stylingagenten.com\/da\/wp-json\/wp\/v2\/berocket_brand?post=140414"}],"curies":[{"name":"wp","href":"https:\/\/api.w.org\/{rel}","templated":true}]}}