{"id":140400,"date":"2025-05-18T23:06:21","date_gmt":"2025-05-18T23:06:21","guid":{"rendered":"https:\/\/staging2.stylingagenten.com\/da\/produkt\/wet-n-wild-megalast-eyeshadow-primer-10ml\/"},"modified":"2025-12-18T21:58:46","modified_gmt":"2025-12-18T21:58:46","slug":"wet-n-wild-megalast-eyeshadow-primer-10ml","status":"publish","type":"product","link":"https:\/\/stylingagenten.com\/da\/produkt\/wet-n-wild-megalast-eyeshadow-primer-10ml\/","title":{"rendered":"Wet n Wild Megalast Eyeshadow Primer 10ml"},"content":{"rendered":"<p>Wet n Wild Megalast Eyeshadow Primer er beriget med E-vitamin og forbereder dine \u00f8jenl\u00e5g til at fiksere \u00f8jenskyggen. Let at p\u00e5f\u00f8re, den skaber en gennemsigtig finish og holder \u00f8jenskyggen p\u00e5 plads.<br \/>\n<br \/>10 ml<\/p>\n","protected":false},"excerpt":{"rendered":"<p>Wet n Wild Megalast Eyeshadow Primer er beriget med E-vitamin og forbereder dine \u00f8jenl\u00e5g til at fiksere \u00f8jenskyggen. Let at p\u00e5f\u00f8re, den skaber en gennemsigtig finish og holder \u00f8jenskyggen p\u00e5 plads. 10 ml<\/p>\n","protected":false},"featured_media":140392,"comment_status":"open","ping_status":"closed","template":"","meta":{"_trash_the_other_posts":false},"product_brand":[],"product_cat":[593],"product_tag":[],"berocket_brand":[1035],"class_list":{"0":"post-140400","1":"product","2":"type-product","3":"status-publish","4":"has-post-thumbnail","6":"product_cat-ogonprimer","7":"pa_brand-wet-n-wild","8":"berocket_brand-wet-n-wild","10":"first","11":"instock","12":"sale","13":"taxable","14":"shipping-taxable","15":"purchasable","16":"product-type-simple"},"_links":{"self":[{"href":"https:\/\/stylingagenten.com\/da\/wp-json\/wp\/v2\/product\/140400","targetHints":{"allow":["GET"]}}],"collection":[{"href":"https:\/\/stylingagenten.com\/da\/wp-json\/wp\/v2\/product"}],"about":[{"href":"https:\/\/stylingagenten.com\/da\/wp-json\/wp\/v2\/types\/product"}],"replies":[{"embeddable":true,"href":"https:\/\/stylingagenten.com\/da\/wp-json\/wp\/v2\/comments?post=140400"}],"version-history":[{"count":0,"href":"https:\/\/stylingagenten.com\/da\/wp-json\/wp\/v2\/product\/140400\/revisions"}],"wp:featuredmedia":[{"embeddable":true,"href":"https:\/\/stylingagenten.com\/da\/wp-json\/wp\/v2\/media\/140392"}],"wp:attachment":[{"href":"https:\/\/stylingagenten.com\/da\/wp-json\/wp\/v2\/media?parent=140400"}],"wp:term":[{"taxonomy":"product_brand","embeddable":true,"href":"https:\/\/stylingagenten.com\/da\/wp-json\/wp\/v2\/product_brand?post=140400"},{"taxonomy":"product_cat","embeddable":true,"href":"https:\/\/stylingagenten.com\/da\/wp-json\/wp\/v2\/product_cat?post=140400"},{"taxonomy":"product_tag","embeddable":true,"href":"https:\/\/stylingagenten.com\/da\/wp-json\/wp\/v2\/product_tag?post=140400"},{"taxonomy":"berocket_brand","embeddable":true,"href":"https:\/\/stylingagenten.com\/da\/wp-json\/wp\/v2\/berocket_brand?post=140400"}],"curies":[{"name":"wp","href":"https:\/\/api.w.org\/{rel}","templated":true}]}}