{"id":140380,"date":"2025-05-18T23:06:14","date_gmt":"2025-05-18T23:06:14","guid":{"rendered":"https:\/\/staging2.stylingagenten.com\/da\/produkt\/remington-pro-sleek-curl\/"},"modified":"2026-03-31T23:18:38","modified_gmt":"2026-03-31T23:18:38","slug":"remington-pro-sleek-curl","status":"publish","type":"product","link":"https:\/\/stylingagenten.com\/da\/produkt\/remington-pro-sleek-curl\/","title":{"rendered":"Remington PRO-Sleek &amp; Curl"},"content":{"rendered":"<p>Remington PRO-sleek &amp; curl har en avanceret keramisk bel\u00e6gning med turmalin, der modvirker statisk elektricitet, og de 110 mm lange plader glider let gennem h\u00e5ret. De afrundede kanter g\u00f8r det nemmere, hvis du \u00f8nsker at kr\u00f8lle dit h\u00e5r og den ribbede underside s\u00f8rger for, at h\u00e5ret ikke falder af. <br \/>Med en justerbar temperatur mellem 150-230\u00b0C kan du skr\u00e6ddersy varmen, s\u00e5 den passer til din h\u00e5rtype. Et digitalt display viser ogs\u00e5 indstillingen, s\u00e5 du altid har kontrol over den, og n\u00e5r du har n\u00e5et den perfekte temperatur er der en hukommelsesfunktion, der l\u00e5ser indstillingen til n\u00e6ste gang, du t\u00e6nder for glattejernet<\/p>\n<p>Funktioner<br \/> \u2022Avanceret keramisk ultraturmalinbel\u00e6gning giver et j\u00e6vnt glid under styling<br \/>\u2022Digitalt display med 9 varmeindstillinger, 150-230\u00b0C<br \/>\u2022Hurtig opvarmning, 15 sekunder<br \/>\u2022110 mm lange fleksible flydende plader til hurtig styling og j\u00e6vnt tryk <br \/>\u2022Turbofunktion og l\u00e5seanordning<br \/>\u2022Hukommelsesfunktion<br \/>\u2022Automatisk sluk efter 60 minutter<br \/>\u2022Universal sp\u00e6ndingsjustering<br \/>\u2022Rotabel ledning<br \/>\u2022Varmebestandig opbevaring taske<\/p>\n","protected":false},"excerpt":{"rendered":"<p>Remington PRO-sleek &amp; curl har en avanceret keramisk bel\u00e6gning med turmalin, der modvirker statisk elektricitet, og de 110 mm lange plader glider let gennem h\u00e5ret. De afrundede kanter g\u00f8r det nemmere, hvis du \u00f8nsker at kr\u00f8lle dit h\u00e5r og den ribbede underside s\u00f8rger for, at h\u00e5ret ikke falder af. Med en justerbar temperatur mellem 150-230\u00b0C [&hellip;]<\/p>\n","protected":false},"featured_media":140376,"comment_status":"open","ping_status":"closed","template":"","meta":{"_trash_the_other_posts":false},"product_brand":[],"product_cat":[589],"product_tag":[],"berocket_brand":[1272],"class_list":{"0":"post-140380","1":"product","2":"type-product","3":"status-publish","4":"has-post-thumbnail","6":"product_cat-tang","7":"pa_brand-remington","8":"berocket_brand-remington","10":"first","11":"outofstock","12":"sale","13":"taxable","14":"shipping-taxable","15":"purchasable","16":"product-type-simple"},"_links":{"self":[{"href":"https:\/\/stylingagenten.com\/da\/wp-json\/wp\/v2\/product\/140380","targetHints":{"allow":["GET"]}}],"collection":[{"href":"https:\/\/stylingagenten.com\/da\/wp-json\/wp\/v2\/product"}],"about":[{"href":"https:\/\/stylingagenten.com\/da\/wp-json\/wp\/v2\/types\/product"}],"replies":[{"embeddable":true,"href":"https:\/\/stylingagenten.com\/da\/wp-json\/wp\/v2\/comments?post=140380"}],"version-history":[{"count":0,"href":"https:\/\/stylingagenten.com\/da\/wp-json\/wp\/v2\/product\/140380\/revisions"}],"wp:featuredmedia":[{"embeddable":true,"href":"https:\/\/stylingagenten.com\/da\/wp-json\/wp\/v2\/media\/140376"}],"wp:attachment":[{"href":"https:\/\/stylingagenten.com\/da\/wp-json\/wp\/v2\/media?parent=140380"}],"wp:term":[{"taxonomy":"product_brand","embeddable":true,"href":"https:\/\/stylingagenten.com\/da\/wp-json\/wp\/v2\/product_brand?post=140380"},{"taxonomy":"product_cat","embeddable":true,"href":"https:\/\/stylingagenten.com\/da\/wp-json\/wp\/v2\/product_cat?post=140380"},{"taxonomy":"product_tag","embeddable":true,"href":"https:\/\/stylingagenten.com\/da\/wp-json\/wp\/v2\/product_tag?post=140380"},{"taxonomy":"berocket_brand","embeddable":true,"href":"https:\/\/stylingagenten.com\/da\/wp-json\/wp\/v2\/berocket_brand?post=140380"}],"curies":[{"name":"wp","href":"https:\/\/api.w.org\/{rel}","templated":true}]}}