{"id":140375,"date":"2025-05-18T23:06:11","date_gmt":"2025-05-18T23:06:11","guid":{"rendered":"https:\/\/staging2.stylingagenten.com\/da\/produkt\/remington-proluxe-straightener\/"},"modified":"2026-03-24T09:37:28","modified_gmt":"2026-03-24T09:37:28","slug":"remington-proluxe-straightener","status":"publish","type":"product","link":"https:\/\/stylingagenten.com\/da\/produkt\/remington-proluxe-straightener\/","title":{"rendered":"Remington PROluxe Straightener"},"content":{"rendered":"<p>Remington Proluxe glattejern &#8211; Til langtidsholdbar styling<br \/>De keramiske plader har en bel\u00e6gning, der glider let gennem h\u00e5ret og resulterer i et h\u00e5r, der ser sundt og smukt ud. Slanke og 110 mm lange flydende plader sikrer et j\u00e6vnt tryk p\u00e5 h\u00e5ret, og det digitale display lader dig v\u00e6lge mellem ni temperaturindstillinger mellem 150-230\u00b0c. PRO+ indstillingen (185\u00b0c) sikrer, at du bruger den optimale temperatur og OptiHeat teknologien med en temperaturf\u00f8ler, der j\u00e6vnligt afl\u00e6ser temperaturen og sikrer, at det er den temperatur, du har valgt, og at der er en j\u00e6vn varmefordeling over hele pladerne. .<br \/>Temperaturl\u00e5sen giver dig mulighed for nemt at l\u00e5se din temperatur og de g\u00f8res ved at holde minusknappen nede i et par sekunder indtil en h\u00e6ngel\u00e5s kommer frem p\u00e5 displayet, du deaktiverer temperaturl\u00e5sen ved at holde minusknappen nede igen. Hukommelsesfunktionen husker den sidst valgte temperatur.<br \/>Fladstrygejernet har en opvarmningstid p\u00e5 10 sekunder og en 3m lang ledning med drejelig ledningsholder, sp\u00e6ndingsjustering for hele verden og for din sikkerhed har den en automatisk slukning efter 60 minutter og en varmebestandig opbevaringstaske.<\/p>\n<p> \u2022 Intelligent OptiHeat-teknologi giver varme, hvor der er mest brug for det for l\u00e6ngere holdbarhed**<br \/>\u2022 Salonresultater, der holder hele dagen<br \/>\u2022 5x bedre glid *<br \/>\u2022 Digital temperaturvisning<br \/>\u2022 Justerbar temperatur mellem 150-230 \u00b0C<br \/>\u2022 Pro+ indstilling &#8211; en lavere temperatur p\u00e5 185\u00b0C for en blidere styling<br \/>\u2022 Hurtig opvarmning, klar til brug p\u00e5 10 sekunder.<br \/>\u2022 L\u00e6ngere plader, 110 mm<br \/>\u2022 Temperaturl\u00e5s<br \/> \u2022 L\u00e5s pladerne for lettere opbevaring<br \/>\u2022 Automatisk deaktivering efter 60 minutter<br \/>\u2022 En luksusopbevaringspose<br \/>\u2022 5 \u00e5rs garanti + 1 \u00e5r ved tilmelding online<br \/><em>*Sammenlignet med en standard keramisk bel\u00e6gning<br \/>**Sammenlignet med en standard Remington<\/em> fladtang<\/p>\n","protected":false},"excerpt":{"rendered":"<p>Remington Proluxe glattejern &#8211; Til langtidsholdbar stylingDe keramiske plader har en bel\u00e6gning, der glider let gennem h\u00e5ret og resulterer i et h\u00e5r, der ser sundt og smukt ud. Slanke og 110 mm lange flydende plader sikrer et j\u00e6vnt tryk p\u00e5 h\u00e5ret, og det digitale display lader dig v\u00e6lge mellem ni temperaturindstillinger mellem 150-230\u00b0c. PRO+ indstillingen [&hellip;]<\/p>\n","protected":false},"featured_media":140370,"comment_status":"open","ping_status":"closed","template":"","meta":{"_trash_the_other_posts":false},"product_brand":[],"product_cat":[589],"product_tag":[],"berocket_brand":[1272],"class_list":{"0":"post-140375","1":"product","2":"type-product","3":"status-publish","4":"has-post-thumbnail","6":"product_cat-tang","7":"pa_brand-remington","8":"berocket_brand-remington","10":"first","11":"outofstock","12":"sale","13":"taxable","14":"shipping-taxable","15":"purchasable","16":"product-type-simple"},"_links":{"self":[{"href":"https:\/\/stylingagenten.com\/da\/wp-json\/wp\/v2\/product\/140375","targetHints":{"allow":["GET"]}}],"collection":[{"href":"https:\/\/stylingagenten.com\/da\/wp-json\/wp\/v2\/product"}],"about":[{"href":"https:\/\/stylingagenten.com\/da\/wp-json\/wp\/v2\/types\/product"}],"replies":[{"embeddable":true,"href":"https:\/\/stylingagenten.com\/da\/wp-json\/wp\/v2\/comments?post=140375"}],"version-history":[{"count":0,"href":"https:\/\/stylingagenten.com\/da\/wp-json\/wp\/v2\/product\/140375\/revisions"}],"wp:featuredmedia":[{"embeddable":true,"href":"https:\/\/stylingagenten.com\/da\/wp-json\/wp\/v2\/media\/140370"}],"wp:attachment":[{"href":"https:\/\/stylingagenten.com\/da\/wp-json\/wp\/v2\/media?parent=140375"}],"wp:term":[{"taxonomy":"product_brand","embeddable":true,"href":"https:\/\/stylingagenten.com\/da\/wp-json\/wp\/v2\/product_brand?post=140375"},{"taxonomy":"product_cat","embeddable":true,"href":"https:\/\/stylingagenten.com\/da\/wp-json\/wp\/v2\/product_cat?post=140375"},{"taxonomy":"product_tag","embeddable":true,"href":"https:\/\/stylingagenten.com\/da\/wp-json\/wp\/v2\/product_tag?post=140375"},{"taxonomy":"berocket_brand","embeddable":true,"href":"https:\/\/stylingagenten.com\/da\/wp-json\/wp\/v2\/berocket_brand?post=140375"}],"curies":[{"name":"wp","href":"https:\/\/api.w.org\/{rel}","templated":true}]}}