{"id":140347,"date":"2025-05-18T23:06:00","date_gmt":"2025-05-18T23:06:00","guid":{"rendered":"https:\/\/staging2.stylingagenten.com\/da\/produkt\/revlon-salon-straight-copper-smooth-styler\/"},"modified":"2026-01-26T18:06:49","modified_gmt":"2026-01-26T18:06:49","slug":"revlon-salon-straight-copper-smooth-styler","status":"publish","type":"product","link":"https:\/\/stylingagenten.com\/da\/produkt\/revlon-salon-straight-copper-smooth-styler\/","title":{"rendered":"Revlon Salon Straight Copper Smooth Styler"},"content":{"rendered":"<p>REVLON Salon Straight Copper Smooth Hair Glattejern giver den ultimative salonydelse for en langvarig, krus-reduceret, lige og skinnende stil.<br \/>Med 10 sekunders hurtig opvarmning og ekstra lange 125 mm afrundede plader kan du hurtigt og opn\u00e5 nemt resultater, herunder flip og b\u00f8lger, og det slanke design giver dig mulighed for at komme t\u00e6ttere p\u00e5 r\u00f8dderne.<br \/>Fiks din stil p\u00e5 ingen tid med 10 sekunders hurtig opvarmning og digital pr\u00e6cis varmeindstilling op til professionelt niveau 235 \u00b0C. H\u00f8j varme overf\u00f8res j\u00e6vnt og hurtigt for at beskytte h\u00e5ret mod overstyling med XL Advanced Copper stylingoverflade, der giver overlegen varmeoverf\u00f8rsel og holdbarhed.<br \/>Det sofistikerede Smart Heat Memory Flat-jern husker automatisk din sidst valgte varmeindstilling og True Grip afrundede plader skabe kr\u00f8ller eller b\u00f8lger i enhver h\u00e5rtype. Komplet med automatisk dobbeltsp\u00e6nding til brug i hele verden*.<\/p>\n<p>\u2022 Avanceret kobber 3X keramisk teknologi er sk\u00e5nsom mod h\u00e5ret og giver 63 % mere glans<br \/>\u2022 Kobberplader hj\u00e6lper med at kontrollere krus i 24 timer, hvilket muligg\u00f8r hurtigere styling, f\u00e6rre hot spots<br \/>\u2022 30 variable indstillinger op til 235\u00b0C, hvilket giver optimal frihed, n\u00e5r det kommer til styling af h\u00e5r<br \/>\u2022 Ekstra lange 125 mm afrundede plader for at opn\u00e5 smukt stilfulde resultater p\u00e5 ingen tid, inklusive flip og b\u00f8lger<br \/>\u2022 Ekstra langt svingkabel, automatisk slukning,<\/p>\n","protected":false},"excerpt":{"rendered":"<p>REVLON Salon Straight Copper Smooth Hair Glattejern giver den ultimative salonydelse for en langvarig, krus-reduceret, lige og skinnende stil.Med 10 sekunders hurtig opvarmning og ekstra lange 125 mm afrundede plader kan du hurtigt og opn\u00e5 nemt resultater, herunder flip og b\u00f8lger, og det slanke design giver dig mulighed for at komme t\u00e6ttere p\u00e5 r\u00f8dderne.Fiks din [&hellip;]<\/p>\n","protected":false},"featured_media":140342,"comment_status":"open","ping_status":"closed","template":"","meta":{"_trash_the_other_posts":false},"product_brand":[],"product_cat":[589],"product_tag":[],"berocket_brand":[1040],"class_list":{"0":"post-140347","1":"product","2":"type-product","3":"status-publish","4":"has-post-thumbnail","6":"product_cat-tang","7":"pa_brand-revlon","8":"berocket_brand-revlon","10":"first","11":"instock","12":"sale","13":"taxable","14":"shipping-taxable","15":"purchasable","16":"product-type-simple"},"_links":{"self":[{"href":"https:\/\/stylingagenten.com\/da\/wp-json\/wp\/v2\/product\/140347","targetHints":{"allow":["GET"]}}],"collection":[{"href":"https:\/\/stylingagenten.com\/da\/wp-json\/wp\/v2\/product"}],"about":[{"href":"https:\/\/stylingagenten.com\/da\/wp-json\/wp\/v2\/types\/product"}],"replies":[{"embeddable":true,"href":"https:\/\/stylingagenten.com\/da\/wp-json\/wp\/v2\/comments?post=140347"}],"version-history":[{"count":0,"href":"https:\/\/stylingagenten.com\/da\/wp-json\/wp\/v2\/product\/140347\/revisions"}],"wp:featuredmedia":[{"embeddable":true,"href":"https:\/\/stylingagenten.com\/da\/wp-json\/wp\/v2\/media\/140342"}],"wp:attachment":[{"href":"https:\/\/stylingagenten.com\/da\/wp-json\/wp\/v2\/media?parent=140347"}],"wp:term":[{"taxonomy":"product_brand","embeddable":true,"href":"https:\/\/stylingagenten.com\/da\/wp-json\/wp\/v2\/product_brand?post=140347"},{"taxonomy":"product_cat","embeddable":true,"href":"https:\/\/stylingagenten.com\/da\/wp-json\/wp\/v2\/product_cat?post=140347"},{"taxonomy":"product_tag","embeddable":true,"href":"https:\/\/stylingagenten.com\/da\/wp-json\/wp\/v2\/product_tag?post=140347"},{"taxonomy":"berocket_brand","embeddable":true,"href":"https:\/\/stylingagenten.com\/da\/wp-json\/wp\/v2\/berocket_brand?post=140347"}],"curies":[{"name":"wp","href":"https:\/\/api.w.org\/{rel}","templated":true}]}}