{"id":140344,"date":"2025-05-18T23:06:00","date_gmt":"2025-05-18T23:06:00","guid":{"rendered":"https:\/\/staging2.stylingagenten.com\/da\/produkt\/revlon-one-step-double-straight\/"},"modified":"2026-03-11T22:01:11","modified_gmt":"2026-03-11T22:01:11","slug":"revlon-one-step-double-straight","status":"publish","type":"product","link":"https:\/\/stylingagenten.com\/da\/produkt\/revlon-one-step-double-straight\/","title":{"rendered":"Revlon One-Step Double Straight"},"content":{"rendered":"<p>Revlon One-Step Double Straight<br \/>Revlon Double Straight er et revolutionerende glattejern med et innovativt design. Dobbeltpladen skaber dobbelt s\u00e5 meget glattekraft under h\u00e5rstyling med et enkelt sweep. Den f\u00f8rste plade glatter h\u00e5ret, mens den anden plade g\u00f8r dit h\u00e5r bl\u00f8dere og mere glat, end du er vant til. Der er intet varmetab, hvilket giver hurtigere resultater p\u00e5 kortere tid. H\u00e5ret er ikke kun silkebl\u00f8dt, men ogs\u00e5 sundere.<br \/>Kobberkeramiske plader: Sikrer j\u00e6vn varmeoverf\u00f8rsel og hurtigere styling med et ultrabl\u00f8dt resultat.<\/p>\n<p>&#8211; LED-display: 10 LED-temperaturindstillinger op til 235 \u00b0 C<br \/> &#8211; L\u00e5sbare strygeflader<br \/>&#8211; Afrundede kanter<br \/>&#8211; Automatisk slukning efter 60 min<br \/>&#8211; Cool tip<\/p>\n","protected":false},"excerpt":{"rendered":"<p>Revlon One-Step Double StraightRevlon Double Straight er et revolutionerende glattejern med et innovativt design. Dobbeltpladen skaber dobbelt s\u00e5 meget glattekraft under h\u00e5rstyling med et enkelt sweep. Den f\u00f8rste plade glatter h\u00e5ret, mens den anden plade g\u00f8r dit h\u00e5r bl\u00f8dere og mere glat, end du er vant til. Der er intet varmetab, hvilket giver hurtigere resultater [&hellip;]<\/p>\n","protected":false},"featured_media":140340,"comment_status":"open","ping_status":"closed","template":"","meta":{"_trash_the_other_posts":false},"product_brand":[],"product_cat":[589],"product_tag":[],"berocket_brand":[1040],"class_list":{"0":"post-140344","1":"product","2":"type-product","3":"status-publish","4":"has-post-thumbnail","6":"product_cat-tang","7":"pa_brand-revlon","8":"berocket_brand-revlon","10":"first","11":"instock","12":"sale","13":"taxable","14":"shipping-taxable","15":"purchasable","16":"product-type-simple"},"_links":{"self":[{"href":"https:\/\/stylingagenten.com\/da\/wp-json\/wp\/v2\/product\/140344","targetHints":{"allow":["GET"]}}],"collection":[{"href":"https:\/\/stylingagenten.com\/da\/wp-json\/wp\/v2\/product"}],"about":[{"href":"https:\/\/stylingagenten.com\/da\/wp-json\/wp\/v2\/types\/product"}],"replies":[{"embeddable":true,"href":"https:\/\/stylingagenten.com\/da\/wp-json\/wp\/v2\/comments?post=140344"}],"version-history":[{"count":0,"href":"https:\/\/stylingagenten.com\/da\/wp-json\/wp\/v2\/product\/140344\/revisions"}],"wp:featuredmedia":[{"embeddable":true,"href":"https:\/\/stylingagenten.com\/da\/wp-json\/wp\/v2\/media\/140340"}],"wp:attachment":[{"href":"https:\/\/stylingagenten.com\/da\/wp-json\/wp\/v2\/media?parent=140344"}],"wp:term":[{"taxonomy":"product_brand","embeddable":true,"href":"https:\/\/stylingagenten.com\/da\/wp-json\/wp\/v2\/product_brand?post=140344"},{"taxonomy":"product_cat","embeddable":true,"href":"https:\/\/stylingagenten.com\/da\/wp-json\/wp\/v2\/product_cat?post=140344"},{"taxonomy":"product_tag","embeddable":true,"href":"https:\/\/stylingagenten.com\/da\/wp-json\/wp\/v2\/product_tag?post=140344"},{"taxonomy":"berocket_brand","embeddable":true,"href":"https:\/\/stylingagenten.com\/da\/wp-json\/wp\/v2\/berocket_brand?post=140344"}],"curies":[{"name":"wp","href":"https:\/\/api.w.org\/{rel}","templated":true}]}}