{"id":140286,"date":"2025-05-18T23:05:30","date_gmt":"2025-05-18T23:05:30","guid":{"rendered":"https:\/\/staging2.stylingagenten.com\/da\/produkt\/antonio-banderas-king-of-seduction-absolute-edt-100ml\/"},"modified":"2026-03-29T22:38:30","modified_gmt":"2026-03-29T22:38:30","slug":"antonio-banderas-king-of-seduction-absolute-edt-100ml","status":"publish","type":"product","link":"https:\/\/stylingagenten.com\/da\/produkt\/antonio-banderas-king-of-seduction-absolute-edt-100ml\/","title":{"rendered":"Antonio Banderas King of Seduction Absolute Edt 100ml"},"content":{"rendered":"<p style='margin-top:0cm;margin-right:0cm;margin-bottom:8.0pt;margin-left:0cm;font-size:15px;font-family:\"Calibri\",sans-serif'> Et forfriskende indblik i mandlig oplevelse, King of Seduction Absolute er den nye maskuline duft fra Antonio Banderas.<\/p>\n<p style='margin-top:0cm;margin-right:0cm;font-size:15px;font-family:\"Calibri\",sans-serif'>King Of Seduction er for manden, der aldrig bringer sig selv til ; meget alvorligt, fordi erfaringen har l\u00e6rt ham, at \u00e6gte selvtillid kommer af at v\u00e6re sig selv. Erfaring kommer naturligt for ham. F\u00f8r han ved, er erfaring ikke i, hvad han giver, men i hvem han er.<\/p>\n<p style='margin: 0cm 0cm 8pt;font-family: \"Calibri\", sans-serif'>Inspireret af tropiske strande og racerb\u00e5de begynder King Of Seduction sin oplevelse med forfriskende havvand. I dens hjerte finder vi en blanding af varme krydderier s\u00e5som kardemomme, der st\u00e5r i kontrast til lavendelens aromatiske friskhed. Den \u00e6teriske duft af krydderier, f\u00f8rst forst\u00e6rket af bl\u00f8de akkorder af l\u00e6der, tr\u00e6, mos og vetiver.<\/p>\n","protected":false},"excerpt":{"rendered":"<p>Et forfriskende indblik i mandlig oplevelse, King of Seduction Absolute er den nye maskuline duft fra Antonio Banderas. King Of Seduction er for manden, der aldrig bringer sig selv til ; meget alvorligt, fordi erfaringen har l\u00e6rt ham, at \u00e6gte selvtillid kommer af at v\u00e6re sig selv. Erfaring kommer naturligt for ham. F\u00f8r han ved, [&hellip;]<\/p>\n","protected":false},"featured_media":140282,"comment_status":"open","ping_status":"closed","template":"","meta":{"_trash_the_other_posts":false},"product_brand":[],"product_cat":[990,709,735,1000],"product_tag":[2378],"berocket_brand":[1072],"class_list":{"0":"post-140286","1":"product","2":"type-product","3":"status-publish","4":"has-post-thumbnail","6":"product_cat-antonio-banderas-king-of-seduction-absolute","7":"product_cat-eau-de-toilette-mr","8":"product_cat-kampagne","9":"product_cat-kampagnetilbud-til-ham","10":"product_tag-antonio-banderas-king-of-seduction-absolute-edt","11":"pa_brand-antonio-banderas","12":"pa_variant-100ml","13":"berocket_brand-antonio-banderas","15":"first","16":"instock","17":"sale","18":"taxable","19":"shipping-taxable","20":"purchasable","21":"product-type-simple"},"_links":{"self":[{"href":"https:\/\/stylingagenten.com\/da\/wp-json\/wp\/v2\/product\/140286","targetHints":{"allow":["GET"]}}],"collection":[{"href":"https:\/\/stylingagenten.com\/da\/wp-json\/wp\/v2\/product"}],"about":[{"href":"https:\/\/stylingagenten.com\/da\/wp-json\/wp\/v2\/types\/product"}],"replies":[{"embeddable":true,"href":"https:\/\/stylingagenten.com\/da\/wp-json\/wp\/v2\/comments?post=140286"}],"version-history":[{"count":0,"href":"https:\/\/stylingagenten.com\/da\/wp-json\/wp\/v2\/product\/140286\/revisions"}],"wp:featuredmedia":[{"embeddable":true,"href":"https:\/\/stylingagenten.com\/da\/wp-json\/wp\/v2\/media\/140282"}],"wp:attachment":[{"href":"https:\/\/stylingagenten.com\/da\/wp-json\/wp\/v2\/media?parent=140286"}],"wp:term":[{"taxonomy":"product_brand","embeddable":true,"href":"https:\/\/stylingagenten.com\/da\/wp-json\/wp\/v2\/product_brand?post=140286"},{"taxonomy":"product_cat","embeddable":true,"href":"https:\/\/stylingagenten.com\/da\/wp-json\/wp\/v2\/product_cat?post=140286"},{"taxonomy":"product_tag","embeddable":true,"href":"https:\/\/stylingagenten.com\/da\/wp-json\/wp\/v2\/product_tag?post=140286"},{"taxonomy":"berocket_brand","embeddable":true,"href":"https:\/\/stylingagenten.com\/da\/wp-json\/wp\/v2\/berocket_brand?post=140286"}],"curies":[{"name":"wp","href":"https:\/\/api.w.org\/{rel}","templated":true}]}}